{"id":2875,"date":"2024-01-23T05:11:19","date_gmt":"2024-01-23T05:11:19","guid":{"rendered":"https:\/\/rhinobodybuilders.com.br\/?post_type=product&#038;p=2875"},"modified":"2024-01-23T05:16:00","modified_gmt":"2024-01-23T05:16:00","slug":"creakick-300g-horse-power-nutrition-creatina-monohidratada","status":"publish","type":"product","link":"https:\/\/magloirevita.com\/rhinobodybuilders\/produto\/creakick-300g-horse-power-nutrition-creatina-monohidratada\/","title":{"rendered":"Creakick 300g &#8211; Horse Power Nutrition Creatina Monohidratada"},"content":{"rendered":"<p>Creakick 300g &#8211; Horse Power Nutrition<\/p>\n<p>Peso l\u00edq.: 300g<\/p>\n<p>Sugest\u00e3o de uso: Consumir 3 gramas (1 colher medida) ao dia, dilu\u00eddo em 200ml de \u00e1gua, ou bebida de sua prefer\u00eancia, antes das atividades f\u00edsicas.<\/p>\n<p>Produto indicado para o grupo populacional, maiores de 19 anos de idade.<\/p>\n<p>\u201cEste produto n\u00e3o \u00e9 um medicamento.\u201d<br \/>\n\u201cN\u00e3o exceder a recomenda\u00e7\u00e3o di\u00e1ria de consumo indicada na embalagem.\u201d<br \/>\n\u201cMantenha fora do alcance das crian\u00e7as.\u201d<br \/>\n\u201cEste produto n\u00e3o deve ser consumido por gestantes, lactantes e crian\u00e7as.\u201d<\/p>\n<p>Modo de Conserva\u00e7\u00e3o: Conservar este produto bem fechado, em lugar fresco, seco e ao abrigo da luz. Ap\u00f3s aberto, consumir o produto em 100 dias. N\u00e3o consumir o produto, caso o lacre de seguran\u00e7a esteja violado.<\/p>\n<p>Ingredientes: Creatina monohidratada e antiumectante di\u00f3xido de sil\u00edcio.<br \/>\nN\u00c3O CONT\u00c9M GL\u00daTEN.<\/p>\n","protected":false},"excerpt":{"rendered":"<p>Creakick 300g &#8211; Horse Power Nutrition Peso l\u00edq.: 300g Sugest\u00e3o de uso: Consumir 3 gramas (1 colher medida) ao dia, dilu\u00eddo em 200ml de \u00e1gua, ou bebida de sua prefer\u00eancia, antes das atividades f\u00edsicas. Produto indicado para o grupo populacional, maiores de 19 anos de idade. \u201cEste produto n\u00e3o \u00e9 um medicamento.\u201d \u201cN\u00e3o exceder a&#8230;<\/p>\n","protected":false},"featured_media":2876,"comment_status":"open","ping_status":"closed","template":"","meta":{"_kadence_starter_templates_imported_post":false,"_kad_post_transparent":"default","_kad_post_title":"","_kad_post_layout":"default","_kad_post_sidebar_id":"","_kad_post_content_style":"default","_kad_post_vertical_padding":"default","_kad_post_feature":"","_kad_post_feature_position":"","_kad_post_header":false,"_kad_post_footer":false,"_kad_post_classname":""},"product_brand":[],"product_cat":[24],"product_tag":[130,131,129,127],"class_list":{"0":"post-2875","1":"product","2":"type-product","3":"status-publish","4":"has-post-thumbnail","6":"product_cat-creatina","7":"product_tag-cafeina","8":"product_tag-caffeine","9":"product_tag-coffee","10":"product_tag-peasus","12":"first","13":"instock","14":"shipping-taxable","15":"purchasable","16":"product-type-simple","17":"entry","18":"content-bg","19":"loop-entry"},"yoast_head":"<!-- This site is optimized with the Yoast SEO plugin v27.4 - https:\/\/yoast.com\/product\/yoast-seo-wordpress\/ -->\n<title>Creakick 300g - Horse Power Nutrition Creatina Monohidratada - Rhino Suplementos<\/title>\n<meta name=\"description\" content=\"Sugest\u00e3o de uso: Consumir 3 gramas (1 colher medida) ao dia, dilu\u00eddo em 200ml de \u00e1gua, ou bebida de sua prefer\u00eancia, antes das atividades f\u00edsicas.\" \/>\n<meta name=\"robots\" content=\"index, follow, max-snippet:-1, max-image-preview:large, max-video-preview:-1\" \/>\n<link rel=\"canonical\" href=\"https:\/\/magloirevita.com\/rhinobodybuilders\/produto\/creakick-300g-horse-power-nutrition-creatina-monohidratada\/\" \/>\n<meta property=\"og:locale\" content=\"pt_BR\" \/>\n<meta property=\"og:type\" content=\"article\" \/>\n<meta property=\"og:title\" content=\"Creakick 300g - Horse Power Nutrition Creatina Monohidratada - Rhino Suplementos\" \/>\n<meta property=\"og:description\" content=\"Sugest\u00e3o de uso: Consumir 3 gramas (1 colher medida) ao dia, dilu\u00eddo em 200ml de \u00e1gua, ou bebida de sua prefer\u00eancia, antes das atividades f\u00edsicas.\" \/>\n<meta property=\"og:url\" content=\"https:\/\/magloirevita.com\/rhinobodybuilders\/produto\/creakick-300g-horse-power-nutrition-creatina-monohidratada\/\" \/>\n<meta property=\"og:site_name\" content=\"Rhino Suplementos\" \/>\n<meta property=\"article:modified_time\" content=\"2024-01-23T05:16:00+00:00\" \/>\n<meta property=\"og:image\" content=\"https:\/\/magloirevita.com\/rhinobodybuilders\/wp-content\/uploads\/2024\/01\/D_NQ_NP_645069-MLA72941955767_112023-F.webp\" \/>\n\t<meta property=\"og:image:width\" content=\"1063\" \/>\n\t<meta property=\"og:image:height\" content=\"1196\" \/>\n\t<meta property=\"og:image:type\" content=\"image\/webp\" \/>\n<meta name=\"twitter:card\" content=\"summary_large_image\" \/>\n<meta name=\"twitter:label1\" content=\"Est. tempo de leitura\" \/>\n\t<meta name=\"twitter:data1\" content=\"1 minuto\" \/>\n<script type=\"application\/ld+json\" class=\"yoast-schema-graph\">{\"@context\":\"https:\\\/\\\/schema.org\",\"@graph\":[{\"@type\":\"WebPage\",\"@id\":\"https:\\\/\\\/magloirevita.com\\\/rhinobodybuilders\\\/produto\\\/creakick-300g-horse-power-nutrition-creatina-monohidratada\\\/\",\"url\":\"https:\\\/\\\/magloirevita.com\\\/rhinobodybuilders\\\/produto\\\/creakick-300g-horse-power-nutrition-creatina-monohidratada\\\/\",\"name\":\"Creakick 300g - Horse Power Nutrition Creatina Monohidratada - Rhino Suplementos\",\"isPartOf\":{\"@id\":\"https:\\\/\\\/magloirevita.com\\\/rhinobodybuilders\\\/#website\"},\"primaryImageOfPage\":{\"@id\":\"https:\\\/\\\/magloirevita.com\\\/rhinobodybuilders\\\/produto\\\/creakick-300g-horse-power-nutrition-creatina-monohidratada\\\/#primaryimage\"},\"image\":{\"@id\":\"https:\\\/\\\/magloirevita.com\\\/rhinobodybuilders\\\/produto\\\/creakick-300g-horse-power-nutrition-creatina-monohidratada\\\/#primaryimage\"},\"thumbnailUrl\":\"https:\\\/\\\/magloirevita.com\\\/rhinobodybuilders\\\/wp-content\\\/uploads\\\/2024\\\/01\\\/D_NQ_NP_645069-MLA72941955767_112023-F.webp\",\"datePublished\":\"2024-01-23T05:11:19+00:00\",\"dateModified\":\"2024-01-23T05:16:00+00:00\",\"description\":\"Sugest\u00e3o de uso: Consumir 3 gramas (1 colher medida) ao dia, dilu\u00eddo em 200ml de \u00e1gua, ou bebida de sua prefer\u00eancia, antes das atividades f\u00edsicas.\",\"breadcrumb\":{\"@id\":\"https:\\\/\\\/magloirevita.com\\\/rhinobodybuilders\\\/produto\\\/creakick-300g-horse-power-nutrition-creatina-monohidratada\\\/#breadcrumb\"},\"inLanguage\":\"pt-BR\",\"potentialAction\":[{\"@type\":\"ReadAction\",\"target\":[\"https:\\\/\\\/magloirevita.com\\\/rhinobodybuilders\\\/produto\\\/creakick-300g-horse-power-nutrition-creatina-monohidratada\\\/\"]}]},{\"@type\":\"ImageObject\",\"inLanguage\":\"pt-BR\",\"@id\":\"https:\\\/\\\/magloirevita.com\\\/rhinobodybuilders\\\/produto\\\/creakick-300g-horse-power-nutrition-creatina-monohidratada\\\/#primaryimage\",\"url\":\"https:\\\/\\\/magloirevita.com\\\/rhinobodybuilders\\\/wp-content\\\/uploads\\\/2024\\\/01\\\/D_NQ_NP_645069-MLA72941955767_112023-F.webp\",\"contentUrl\":\"https:\\\/\\\/magloirevita.com\\\/rhinobodybuilders\\\/wp-content\\\/uploads\\\/2024\\\/01\\\/D_NQ_NP_645069-MLA72941955767_112023-F.webp\",\"width\":1063,\"height\":1196},{\"@type\":\"BreadcrumbList\",\"@id\":\"https:\\\/\\\/magloirevita.com\\\/rhinobodybuilders\\\/produto\\\/creakick-300g-horse-power-nutrition-creatina-monohidratada\\\/#breadcrumb\",\"itemListElement\":[{\"@type\":\"ListItem\",\"position\":1,\"name\":\"In\u00edcio\",\"item\":\"https:\\\/\\\/magloirevita.com\\\/rhinobodybuilders\\\/\"},{\"@type\":\"ListItem\",\"position\":2,\"name\":\"Loja\",\"item\":\"https:\\\/\\\/magloirevita.com\\\/rhinobodybuilders\\\/loja\\\/\"},{\"@type\":\"ListItem\",\"position\":3,\"name\":\"Creakick 300g &#8211; Horse Power Nutrition Creatina Monohidratada\"}]},{\"@type\":\"WebSite\",\"@id\":\"https:\\\/\\\/magloirevita.com\\\/rhinobodybuilders\\\/#website\",\"url\":\"https:\\\/\\\/magloirevita.com\\\/rhinobodybuilders\\\/\",\"name\":\"Rhinobodybuilders\",\"description\":\"Bem-vindo o Rhino Body Builders nossa loja online completa para um estilo de vida saud&aacute;vel e ativo! Aqui voc&ecirc; encontrar&aacute; uma variedade de produtos que atendem &agrave;s suas necessidades de suplementa&ccedil;&atilde;o, roupas fitness e refei&ccedil;&otilde;es prontas, tudo dispon&iacute;vel para entrega direto em sua casa.  Nossa loja Rinho Body Builders &eacute; um para&iacute;so para os entusiastas da sa&uacute;de e do condicionamento f&iacute;sico. Oferecemos uma ampla sele&ccedil;&atilde;o de suplementos nutricionais de alta qualidade, desde prote&iacute;nas em p&oacute; e barras energ&eacute;ticas at&eacute; vitaminas e minerais essenciais. Trabalhamos apenas com marcas confi&aacute;veis e renomadas, garantindo que voc&ecirc; tenha acesso aos melhores produtos do mercado para melhorar seu desempenho, promover a recupera&ccedil;&atilde;o e alcan&ccedil;ar seus objetivos.  Al&eacute;m dos suplementos, tamb&eacute;m oferecemos uma cole&ccedil;&atilde;o de roupas fitness elegantes e funcionais. Aqui, voc&ecirc; encontrar&aacute; roupas de treino, leggings, regatas, camisetas, shorts e muito mais, todos projetados para oferecer conforto e estilo durante suas atividades f&iacute;sicas. Nossas roupas s&atilde;o feitas com materiais de alta qualidade, dur&aacute;veis e respir&aacute;veis, para que voc&ecirc; possa se exercitar com confian&ccedil;a e estilo.  E para aqueles que buscam conveni&ecirc;ncia e uma alimenta&ccedil;&atilde;o saud&aacute;vel, temos uma sele&ccedil;&atilde;o de marmitas prontas para consumo. Nossas refei&ccedil;&otilde;es s&atilde;o cuidadosamente preparadas por chefs especializados em nutri&ccedil;&atilde;o, garantindo uma combina&ccedil;&atilde;o equilibrada de prote&iacute;nas, carboidratos e vegetais frescos. Com op&ccedil;&otilde;es vegetarianas, veganas e com restri&ccedil;&otilde;es alimentares, temos a solu&ccedil;&atilde;o perfeita para atender &agrave;s suas necessidades alimentares.  Em nossa loja online, a experi&ecirc;ncia de compra &eacute; f&aacute;cil e segura. Navegue por nossas categorias, leia as descri&ccedil;&otilde;es detalhadas dos produtos e veja as avalia&ccedil;&otilde;es de clientes satisfeitos. Com apenas alguns cliques, voc&ecirc; poder&aacute; adquirir todos os itens de que precisa para apoiar seu estilo de vida saud&aacute;vel.\",\"publisher\":{\"@id\":\"https:\\\/\\\/magloirevita.com\\\/rhinobodybuilders\\\/#organization\"},\"potentialAction\":[{\"@type\":\"SearchAction\",\"target\":{\"@type\":\"EntryPoint\",\"urlTemplate\":\"https:\\\/\\\/magloirevita.com\\\/rhinobodybuilders\\\/?s={search_term_string}\"},\"query-input\":{\"@type\":\"PropertyValueSpecification\",\"valueRequired\":true,\"valueName\":\"search_term_string\"}}],\"inLanguage\":\"pt-BR\"},{\"@type\":\"Organization\",\"@id\":\"https:\\\/\\\/magloirevita.com\\\/rhinobodybuilders\\\/#organization\",\"name\":\"Loja dos suplementos\",\"url\":\"https:\\\/\\\/magloirevita.com\\\/rhinobodybuilders\\\/\",\"logo\":{\"@type\":\"ImageObject\",\"inLanguage\":\"pt-BR\",\"@id\":\"https:\\\/\\\/magloirevita.com\\\/rhinobodybuilders\\\/#\\\/schema\\\/logo\\\/image\\\/\",\"url\":\"https:\\\/\\\/magloirevita.com\\\/rhinobodybuilders\\\/wp-content\\\/uploads\\\/2023\\\/07\\\/cropped-Design-sem-nome-6-1-2-1.png\",\"contentUrl\":\"https:\\\/\\\/magloirevita.com\\\/rhinobodybuilders\\\/wp-content\\\/uploads\\\/2023\\\/07\\\/cropped-Design-sem-nome-6-1-2-1.png\",\"width\":226,\"height\":91,\"caption\":\"Loja dos suplementos\"},\"image\":{\"@id\":\"https:\\\/\\\/magloirevita.com\\\/rhinobodybuilders\\\/#\\\/schema\\\/logo\\\/image\\\/\"}}]}<\/script>\n<!-- \/ Yoast SEO plugin. -->","yoast_head_json":{"title":"Creakick 300g - Horse Power Nutrition Creatina Monohidratada - Rhino Suplementos","description":"Sugest\u00e3o de uso: Consumir 3 gramas (1 colher medida) ao dia, dilu\u00eddo em 200ml de \u00e1gua, ou bebida de sua prefer\u00eancia, antes das atividades f\u00edsicas.","robots":{"index":"index","follow":"follow","max-snippet":"max-snippet:-1","max-image-preview":"max-image-preview:large","max-video-preview":"max-video-preview:-1"},"canonical":"https:\/\/magloirevita.com\/rhinobodybuilders\/produto\/creakick-300g-horse-power-nutrition-creatina-monohidratada\/","og_locale":"pt_BR","og_type":"article","og_title":"Creakick 300g - Horse Power Nutrition Creatina Monohidratada - Rhino Suplementos","og_description":"Sugest\u00e3o de uso: Consumir 3 gramas (1 colher medida) ao dia, dilu\u00eddo em 200ml de \u00e1gua, ou bebida de sua prefer\u00eancia, antes das atividades f\u00edsicas.","og_url":"https:\/\/magloirevita.com\/rhinobodybuilders\/produto\/creakick-300g-horse-power-nutrition-creatina-monohidratada\/","og_site_name":"Rhino Suplementos","article_modified_time":"2024-01-23T05:16:00+00:00","og_image":[{"width":1063,"height":1196,"url":"https:\/\/magloirevita.com\/rhinobodybuilders\/wp-content\/uploads\/2024\/01\/D_NQ_NP_645069-MLA72941955767_112023-F.webp","type":"image\/webp"}],"twitter_card":"summary_large_image","twitter_misc":{"Est. tempo de leitura":"1 minuto"},"schema":{"@context":"https:\/\/schema.org","@graph":[{"@type":"WebPage","@id":"https:\/\/magloirevita.com\/rhinobodybuilders\/produto\/creakick-300g-horse-power-nutrition-creatina-monohidratada\/","url":"https:\/\/magloirevita.com\/rhinobodybuilders\/produto\/creakick-300g-horse-power-nutrition-creatina-monohidratada\/","name":"Creakick 300g - Horse Power Nutrition Creatina Monohidratada - Rhino Suplementos","isPartOf":{"@id":"https:\/\/magloirevita.com\/rhinobodybuilders\/#website"},"primaryImageOfPage":{"@id":"https:\/\/magloirevita.com\/rhinobodybuilders\/produto\/creakick-300g-horse-power-nutrition-creatina-monohidratada\/#primaryimage"},"image":{"@id":"https:\/\/magloirevita.com\/rhinobodybuilders\/produto\/creakick-300g-horse-power-nutrition-creatina-monohidratada\/#primaryimage"},"thumbnailUrl":"https:\/\/magloirevita.com\/rhinobodybuilders\/wp-content\/uploads\/2024\/01\/D_NQ_NP_645069-MLA72941955767_112023-F.webp","datePublished":"2024-01-23T05:11:19+00:00","dateModified":"2024-01-23T05:16:00+00:00","description":"Sugest\u00e3o de uso: Consumir 3 gramas (1 colher medida) ao dia, dilu\u00eddo em 200ml de \u00e1gua, ou bebida de sua prefer\u00eancia, antes das atividades f\u00edsicas.","breadcrumb":{"@id":"https:\/\/magloirevita.com\/rhinobodybuilders\/produto\/creakick-300g-horse-power-nutrition-creatina-monohidratada\/#breadcrumb"},"inLanguage":"pt-BR","potentialAction":[{"@type":"ReadAction","target":["https:\/\/magloirevita.com\/rhinobodybuilders\/produto\/creakick-300g-horse-power-nutrition-creatina-monohidratada\/"]}]},{"@type":"ImageObject","inLanguage":"pt-BR","@id":"https:\/\/magloirevita.com\/rhinobodybuilders\/produto\/creakick-300g-horse-power-nutrition-creatina-monohidratada\/#primaryimage","url":"https:\/\/magloirevita.com\/rhinobodybuilders\/wp-content\/uploads\/2024\/01\/D_NQ_NP_645069-MLA72941955767_112023-F.webp","contentUrl":"https:\/\/magloirevita.com\/rhinobodybuilders\/wp-content\/uploads\/2024\/01\/D_NQ_NP_645069-MLA72941955767_112023-F.webp","width":1063,"height":1196},{"@type":"BreadcrumbList","@id":"https:\/\/magloirevita.com\/rhinobodybuilders\/produto\/creakick-300g-horse-power-nutrition-creatina-monohidratada\/#breadcrumb","itemListElement":[{"@type":"ListItem","position":1,"name":"In\u00edcio","item":"https:\/\/magloirevita.com\/rhinobodybuilders\/"},{"@type":"ListItem","position":2,"name":"Loja","item":"https:\/\/magloirevita.com\/rhinobodybuilders\/loja\/"},{"@type":"ListItem","position":3,"name":"Creakick 300g &#8211; Horse Power Nutrition Creatina Monohidratada"}]},{"@type":"WebSite","@id":"https:\/\/magloirevita.com\/rhinobodybuilders\/#website","url":"https:\/\/magloirevita.com\/rhinobodybuilders\/","name":"Rhinobodybuilders","description":"Bem-vindo o Rhino Body Builders nossa loja online completa para um estilo de vida saud&aacute;vel e ativo! Aqui voc&ecirc; encontrar&aacute; uma variedade de produtos que atendem &agrave;s suas necessidades de suplementa&ccedil;&atilde;o, roupas fitness e refei&ccedil;&otilde;es prontas, tudo dispon&iacute;vel para entrega direto em sua casa.  Nossa loja Rinho Body Builders &eacute; um para&iacute;so para os entusiastas da sa&uacute;de e do condicionamento f&iacute;sico. Oferecemos uma ampla sele&ccedil;&atilde;o de suplementos nutricionais de alta qualidade, desde prote&iacute;nas em p&oacute; e barras energ&eacute;ticas at&eacute; vitaminas e minerais essenciais. Trabalhamos apenas com marcas confi&aacute;veis e renomadas, garantindo que voc&ecirc; tenha acesso aos melhores produtos do mercado para melhorar seu desempenho, promover a recupera&ccedil;&atilde;o e alcan&ccedil;ar seus objetivos.  Al&eacute;m dos suplementos, tamb&eacute;m oferecemos uma cole&ccedil;&atilde;o de roupas fitness elegantes e funcionais. Aqui, voc&ecirc; encontrar&aacute; roupas de treino, leggings, regatas, camisetas, shorts e muito mais, todos projetados para oferecer conforto e estilo durante suas atividades f&iacute;sicas. Nossas roupas s&atilde;o feitas com materiais de alta qualidade, dur&aacute;veis e respir&aacute;veis, para que voc&ecirc; possa se exercitar com confian&ccedil;a e estilo.  E para aqueles que buscam conveni&ecirc;ncia e uma alimenta&ccedil;&atilde;o saud&aacute;vel, temos uma sele&ccedil;&atilde;o de marmitas prontas para consumo. Nossas refei&ccedil;&otilde;es s&atilde;o cuidadosamente preparadas por chefs especializados em nutri&ccedil;&atilde;o, garantindo uma combina&ccedil;&atilde;o equilibrada de prote&iacute;nas, carboidratos e vegetais frescos. Com op&ccedil;&otilde;es vegetarianas, veganas e com restri&ccedil;&otilde;es alimentares, temos a solu&ccedil;&atilde;o perfeita para atender &agrave;s suas necessidades alimentares.  Em nossa loja online, a experi&ecirc;ncia de compra &eacute; f&aacute;cil e segura. Navegue por nossas categorias, leia as descri&ccedil;&otilde;es detalhadas dos produtos e veja as avalia&ccedil;&otilde;es de clientes satisfeitos. Com apenas alguns cliques, voc&ecirc; poder&aacute; adquirir todos os itens de que precisa para apoiar seu estilo de vida saud&aacute;vel.","publisher":{"@id":"https:\/\/magloirevita.com\/rhinobodybuilders\/#organization"},"potentialAction":[{"@type":"SearchAction","target":{"@type":"EntryPoint","urlTemplate":"https:\/\/magloirevita.com\/rhinobodybuilders\/?s={search_term_string}"},"query-input":{"@type":"PropertyValueSpecification","valueRequired":true,"valueName":"search_term_string"}}],"inLanguage":"pt-BR"},{"@type":"Organization","@id":"https:\/\/magloirevita.com\/rhinobodybuilders\/#organization","name":"Loja dos suplementos","url":"https:\/\/magloirevita.com\/rhinobodybuilders\/","logo":{"@type":"ImageObject","inLanguage":"pt-BR","@id":"https:\/\/magloirevita.com\/rhinobodybuilders\/#\/schema\/logo\/image\/","url":"https:\/\/magloirevita.com\/rhinobodybuilders\/wp-content\/uploads\/2023\/07\/cropped-Design-sem-nome-6-1-2-1.png","contentUrl":"https:\/\/magloirevita.com\/rhinobodybuilders\/wp-content\/uploads\/2023\/07\/cropped-Design-sem-nome-6-1-2-1.png","width":226,"height":91,"caption":"Loja dos suplementos"},"image":{"@id":"https:\/\/magloirevita.com\/rhinobodybuilders\/#\/schema\/logo\/image\/"}}]}},"_links":{"self":[{"href":"https:\/\/magloirevita.com\/rhinobodybuilders\/wp-json\/wp\/v2\/product\/2875","targetHints":{"allow":["GET"]}}],"collection":[{"href":"https:\/\/magloirevita.com\/rhinobodybuilders\/wp-json\/wp\/v2\/product"}],"about":[{"href":"https:\/\/magloirevita.com\/rhinobodybuilders\/wp-json\/wp\/v2\/types\/product"}],"replies":[{"embeddable":true,"href":"https:\/\/magloirevita.com\/rhinobodybuilders\/wp-json\/wp\/v2\/comments?post=2875"}],"wp:featuredmedia":[{"embeddable":true,"href":"https:\/\/magloirevita.com\/rhinobodybuilders\/wp-json\/wp\/v2\/media\/2876"}],"wp:attachment":[{"href":"https:\/\/magloirevita.com\/rhinobodybuilders\/wp-json\/wp\/v2\/media?parent=2875"}],"wp:term":[{"taxonomy":"product_brand","embeddable":true,"href":"https:\/\/magloirevita.com\/rhinobodybuilders\/wp-json\/wp\/v2\/product_brand?post=2875"},{"taxonomy":"product_cat","embeddable":true,"href":"https:\/\/magloirevita.com\/rhinobodybuilders\/wp-json\/wp\/v2\/product_cat?post=2875"},{"taxonomy":"product_tag","embeddable":true,"href":"https:\/\/magloirevita.com\/rhinobodybuilders\/wp-json\/wp\/v2\/product_tag?post=2875"}],"curies":[{"name":"wp","href":"https:\/\/api.w.org\/{rel}","templated":true}]}}