{"id":2460,"date":"2023-10-28T21:27:12","date_gmt":"2023-10-28T21:27:12","guid":{"rendered":"https:\/\/rhinobodybuiders.com.br\/?post_type=product&#038;p=2460"},"modified":"2023-10-28T21:31:15","modified_gmt":"2023-10-28T21:31:15","slug":"whey-protein-isolado-dux-nutrition-pote-900g-sabor-cookies","status":"publish","type":"product","link":"https:\/\/magloirevita.com\/rhinobodybuilders\/produto\/whey-protein-isolado-dux-nutrition-pote-900g-sabor-cookies\/","title":{"rendered":"Whey Protein Isolado Dux Nutrition &#8211; Pote 900g Sabor Cookies"},"content":{"rendered":"<p>&nbsp;<\/p>\n<ul class=\"ui-vpp-highlighted-specs__features-list\">\n<li class=\"ui-vpp-highlighted-specs__features-list-item ui-pdp-color--BLACK ui-pdp-size--XSMALL ui-pdp-family--REGULAR\">Componente principal: prote\u00edna.<\/li>\n<li class=\"ui-vpp-highlighted-specs__features-list-item ui-pdp-color--BLACK ui-pdp-size--XSMALL ui-pdp-family--REGULAR\">Tamanho da por\u00e7\u00e3o: 27g.<\/li>\n<li class=\"ui-vpp-highlighted-specs__features-list-item ui-pdp-color--BLACK ui-pdp-size--XSMALL ui-pdp-family--REGULAR\">Componentes alerg\u00eanicos: derivados de leche, derivados de soja, derivados de trigo, cebada, huevo, avena, centeno, cacahuete, avellana, macadamia, nueces, casta\u00f1a, casta\u00f1a de par\u00e1.<\/li>\n<li class=\"ui-vpp-highlighted-specs__features-list-item ui-pdp-color--BLACK ui-pdp-size--XSMALL ui-pdp-family--REGULAR\">Consumir junto com alimentos para facilitar sua assimila\u00e7\u00e3o.<\/li>\n<li class=\"ui-vpp-highlighted-specs__features-list-item ui-pdp-color--BLACK ui-pdp-size--XSMALL ui-pdp-family--REGULAR\">As imagens podem ser ilustrativas.<\/li>\n<li class=\"ui-vpp-highlighted-specs__features-list-item ui-pdp-color--BLACK ui-pdp-size--XSMALL ui-pdp-family--REGULAR\">Este produto \u00e9 um suplemento diet\u00e9tico, n\u00e3o um medicamento. Suplementa dietas insuficientes. Consulte o seu m\u00e9dico e\/ou farmac\u00eautico.<\/li>\n<\/ul>\n","protected":false},"excerpt":{"rendered":"<p>&nbsp; Componente principal: prote\u00edna. Tamanho da por\u00e7\u00e3o: 27g. Componentes alerg\u00eanicos: derivados de leche, derivados de soja, derivados de trigo, cebada, huevo, avena, centeno, cacahuete, avellana, macadamia, nueces, casta\u00f1a, casta\u00f1a de par\u00e1. Consumir junto com alimentos para facilitar sua assimila\u00e7\u00e3o. As imagens podem ser ilustrativas. Este produto \u00e9 um suplemento diet\u00e9tico, n\u00e3o um medicamento. Suplementa dietas&#8230;<\/p>\n","protected":false},"featured_media":1852,"comment_status":"open","ping_status":"closed","template":"","meta":{"_kadence_starter_templates_imported_post":false,"_kad_post_transparent":"default","_kad_post_title":"","_kad_post_layout":"default","_kad_post_sidebar_id":"","_kad_post_content_style":"default","_kad_post_vertical_padding":"default","_kad_post_feature":"","_kad_post_feature_position":"","_kad_post_header":false,"_kad_post_footer":false,"_kad_post_classname":""},"product_brand":[],"product_cat":[26],"product_tag":[115],"class_list":{"0":"post-2460","1":"product","2":"type-product","3":"status-publish","4":"has-post-thumbnail","6":"product_cat-proteina","7":"product_tag-whey-protein-isolado-dux-nutrition","9":"first","10":"instock","11":"featured","12":"shipping-taxable","13":"purchasable","14":"product-type-simple","15":"entry","16":"content-bg","17":"loop-entry"},"yoast_head":"<!-- This site is optimized with the Yoast SEO plugin v27.4 - https:\/\/yoast.com\/product\/yoast-seo-wordpress\/ -->\n<title>Whey Protein Isolado Dux Nutrition - Pote 900g Sabor Cookies - Rhino Suplementos<\/title>\n<meta name=\"robots\" content=\"index, follow, max-snippet:-1, max-image-preview:large, max-video-preview:-1\" \/>\n<link rel=\"canonical\" href=\"https:\/\/magloirevita.com\/rhinobodybuilders\/produto\/whey-protein-isolado-dux-nutrition-pote-900g-sabor-cookies\/\" \/>\n<meta property=\"og:locale\" content=\"pt_BR\" \/>\n<meta property=\"og:type\" content=\"article\" \/>\n<meta property=\"og:title\" content=\"Whey Protein Isolado Dux Nutrition - Pote 900g Sabor Cookies - Rhino Suplementos\" \/>\n<meta property=\"og:description\" content=\"&nbsp; Componente principal: prote\u00edna. Tamanho da por\u00e7\u00e3o: 27g. Componentes alerg\u00eanicos: derivados de leche, derivados de soja, derivados de trigo, cebada, huevo, avena, centeno, cacahuete, avellana, macadamia, nueces, casta\u00f1a, casta\u00f1a de par\u00e1. Consumir junto com alimentos para facilitar sua assimila\u00e7\u00e3o. As imagens podem ser ilustrativas. Este produto \u00e9 um suplemento diet\u00e9tico, n\u00e3o um medicamento. Suplementa dietas...\" \/>\n<meta property=\"og:url\" content=\"https:\/\/magloirevita.com\/rhinobodybuilders\/produto\/whey-protein-isolado-dux-nutrition-pote-900g-sabor-cookies\/\" \/>\n<meta property=\"og:site_name\" content=\"Rhino Suplementos\" \/>\n<meta property=\"article:modified_time\" content=\"2023-10-28T21:31:15+00:00\" \/>\n<meta property=\"og:image\" content=\"https:\/\/magloirevita.com\/rhinobodybuilders\/wp-content\/uploads\/2019\/04\/Dux-isolado-1.png\" \/>\n\t<meta property=\"og:image:width\" content=\"508\" \/>\n\t<meta property=\"og:image:height\" content=\"508\" \/>\n\t<meta property=\"og:image:type\" content=\"image\/png\" \/>\n<meta name=\"twitter:card\" content=\"summary_large_image\" \/>\n<meta name=\"twitter:label1\" content=\"Est. tempo de leitura\" \/>\n\t<meta name=\"twitter:data1\" content=\"1 minuto\" \/>\n<script type=\"application\/ld+json\" class=\"yoast-schema-graph\">{\"@context\":\"https:\\\/\\\/schema.org\",\"@graph\":[{\"@type\":\"WebPage\",\"@id\":\"https:\\\/\\\/magloirevita.com\\\/rhinobodybuilders\\\/produto\\\/whey-protein-isolado-dux-nutrition-pote-900g-sabor-cookies\\\/\",\"url\":\"https:\\\/\\\/magloirevita.com\\\/rhinobodybuilders\\\/produto\\\/whey-protein-isolado-dux-nutrition-pote-900g-sabor-cookies\\\/\",\"name\":\"Whey Protein Isolado Dux Nutrition - Pote 900g Sabor Cookies - Rhino Suplementos\",\"isPartOf\":{\"@id\":\"https:\\\/\\\/magloirevita.com\\\/rhinobodybuilders\\\/#website\"},\"primaryImageOfPage\":{\"@id\":\"https:\\\/\\\/magloirevita.com\\\/rhinobodybuilders\\\/produto\\\/whey-protein-isolado-dux-nutrition-pote-900g-sabor-cookies\\\/#primaryimage\"},\"image\":{\"@id\":\"https:\\\/\\\/magloirevita.com\\\/rhinobodybuilders\\\/produto\\\/whey-protein-isolado-dux-nutrition-pote-900g-sabor-cookies\\\/#primaryimage\"},\"thumbnailUrl\":\"https:\\\/\\\/magloirevita.com\\\/rhinobodybuilders\\\/wp-content\\\/uploads\\\/2019\\\/04\\\/Dux-isolado-1.png\",\"datePublished\":\"2023-10-28T21:27:12+00:00\",\"dateModified\":\"2023-10-28T21:31:15+00:00\",\"breadcrumb\":{\"@id\":\"https:\\\/\\\/magloirevita.com\\\/rhinobodybuilders\\\/produto\\\/whey-protein-isolado-dux-nutrition-pote-900g-sabor-cookies\\\/#breadcrumb\"},\"inLanguage\":\"pt-BR\",\"potentialAction\":[{\"@type\":\"ReadAction\",\"target\":[\"https:\\\/\\\/magloirevita.com\\\/rhinobodybuilders\\\/produto\\\/whey-protein-isolado-dux-nutrition-pote-900g-sabor-cookies\\\/\"]}]},{\"@type\":\"ImageObject\",\"inLanguage\":\"pt-BR\",\"@id\":\"https:\\\/\\\/magloirevita.com\\\/rhinobodybuilders\\\/produto\\\/whey-protein-isolado-dux-nutrition-pote-900g-sabor-cookies\\\/#primaryimage\",\"url\":\"https:\\\/\\\/magloirevita.com\\\/rhinobodybuilders\\\/wp-content\\\/uploads\\\/2019\\\/04\\\/Dux-isolado-1.png\",\"contentUrl\":\"https:\\\/\\\/magloirevita.com\\\/rhinobodybuilders\\\/wp-content\\\/uploads\\\/2019\\\/04\\\/Dux-isolado-1.png\",\"width\":508,\"height\":508},{\"@type\":\"BreadcrumbList\",\"@id\":\"https:\\\/\\\/magloirevita.com\\\/rhinobodybuilders\\\/produto\\\/whey-protein-isolado-dux-nutrition-pote-900g-sabor-cookies\\\/#breadcrumb\",\"itemListElement\":[{\"@type\":\"ListItem\",\"position\":1,\"name\":\"In\u00edcio\",\"item\":\"https:\\\/\\\/magloirevita.com\\\/rhinobodybuilders\\\/\"},{\"@type\":\"ListItem\",\"position\":2,\"name\":\"Loja\",\"item\":\"https:\\\/\\\/magloirevita.com\\\/rhinobodybuilders\\\/loja\\\/\"},{\"@type\":\"ListItem\",\"position\":3,\"name\":\"Whey Protein Isolado Dux Nutrition &#8211; Pote 900g Sabor Cookies\"}]},{\"@type\":\"WebSite\",\"@id\":\"https:\\\/\\\/magloirevita.com\\\/rhinobodybuilders\\\/#website\",\"url\":\"https:\\\/\\\/magloirevita.com\\\/rhinobodybuilders\\\/\",\"name\":\"Rhinobodybuilders\",\"description\":\"Bem-vindo o Rhino Body Builders nossa loja online completa para um estilo de vida saud&aacute;vel e ativo! Aqui voc&ecirc; encontrar&aacute; uma variedade de produtos que atendem &agrave;s suas necessidades de suplementa&ccedil;&atilde;o, roupas fitness e refei&ccedil;&otilde;es prontas, tudo dispon&iacute;vel para entrega direto em sua casa.  Nossa loja Rinho Body Builders &eacute; um para&iacute;so para os entusiastas da sa&uacute;de e do condicionamento f&iacute;sico. Oferecemos uma ampla sele&ccedil;&atilde;o de suplementos nutricionais de alta qualidade, desde prote&iacute;nas em p&oacute; e barras energ&eacute;ticas at&eacute; vitaminas e minerais essenciais. Trabalhamos apenas com marcas confi&aacute;veis e renomadas, garantindo que voc&ecirc; tenha acesso aos melhores produtos do mercado para melhorar seu desempenho, promover a recupera&ccedil;&atilde;o e alcan&ccedil;ar seus objetivos.  Al&eacute;m dos suplementos, tamb&eacute;m oferecemos uma cole&ccedil;&atilde;o de roupas fitness elegantes e funcionais. Aqui, voc&ecirc; encontrar&aacute; roupas de treino, leggings, regatas, camisetas, shorts e muito mais, todos projetados para oferecer conforto e estilo durante suas atividades f&iacute;sicas. Nossas roupas s&atilde;o feitas com materiais de alta qualidade, dur&aacute;veis e respir&aacute;veis, para que voc&ecirc; possa se exercitar com confian&ccedil;a e estilo.  E para aqueles que buscam conveni&ecirc;ncia e uma alimenta&ccedil;&atilde;o saud&aacute;vel, temos uma sele&ccedil;&atilde;o de marmitas prontas para consumo. Nossas refei&ccedil;&otilde;es s&atilde;o cuidadosamente preparadas por chefs especializados em nutri&ccedil;&atilde;o, garantindo uma combina&ccedil;&atilde;o equilibrada de prote&iacute;nas, carboidratos e vegetais frescos. Com op&ccedil;&otilde;es vegetarianas, veganas e com restri&ccedil;&otilde;es alimentares, temos a solu&ccedil;&atilde;o perfeita para atender &agrave;s suas necessidades alimentares.  Em nossa loja online, a experi&ecirc;ncia de compra &eacute; f&aacute;cil e segura. Navegue por nossas categorias, leia as descri&ccedil;&otilde;es detalhadas dos produtos e veja as avalia&ccedil;&otilde;es de clientes satisfeitos. Com apenas alguns cliques, voc&ecirc; poder&aacute; adquirir todos os itens de que precisa para apoiar seu estilo de vida saud&aacute;vel.\",\"publisher\":{\"@id\":\"https:\\\/\\\/magloirevita.com\\\/rhinobodybuilders\\\/#organization\"},\"potentialAction\":[{\"@type\":\"SearchAction\",\"target\":{\"@type\":\"EntryPoint\",\"urlTemplate\":\"https:\\\/\\\/magloirevita.com\\\/rhinobodybuilders\\\/?s={search_term_string}\"},\"query-input\":{\"@type\":\"PropertyValueSpecification\",\"valueRequired\":true,\"valueName\":\"search_term_string\"}}],\"inLanguage\":\"pt-BR\"},{\"@type\":\"Organization\",\"@id\":\"https:\\\/\\\/magloirevita.com\\\/rhinobodybuilders\\\/#organization\",\"name\":\"Loja dos suplementos\",\"url\":\"https:\\\/\\\/magloirevita.com\\\/rhinobodybuilders\\\/\",\"logo\":{\"@type\":\"ImageObject\",\"inLanguage\":\"pt-BR\",\"@id\":\"https:\\\/\\\/magloirevita.com\\\/rhinobodybuilders\\\/#\\\/schema\\\/logo\\\/image\\\/\",\"url\":\"https:\\\/\\\/magloirevita.com\\\/rhinobodybuilders\\\/wp-content\\\/uploads\\\/2023\\\/07\\\/cropped-Design-sem-nome-6-1-2-1.png\",\"contentUrl\":\"https:\\\/\\\/magloirevita.com\\\/rhinobodybuilders\\\/wp-content\\\/uploads\\\/2023\\\/07\\\/cropped-Design-sem-nome-6-1-2-1.png\",\"width\":226,\"height\":91,\"caption\":\"Loja dos suplementos\"},\"image\":{\"@id\":\"https:\\\/\\\/magloirevita.com\\\/rhinobodybuilders\\\/#\\\/schema\\\/logo\\\/image\\\/\"}}]}<\/script>\n<!-- \/ Yoast SEO plugin. -->","yoast_head_json":{"title":"Whey Protein Isolado Dux Nutrition - Pote 900g Sabor Cookies - Rhino Suplementos","robots":{"index":"index","follow":"follow","max-snippet":"max-snippet:-1","max-image-preview":"max-image-preview:large","max-video-preview":"max-video-preview:-1"},"canonical":"https:\/\/magloirevita.com\/rhinobodybuilders\/produto\/whey-protein-isolado-dux-nutrition-pote-900g-sabor-cookies\/","og_locale":"pt_BR","og_type":"article","og_title":"Whey Protein Isolado Dux Nutrition - Pote 900g Sabor Cookies - Rhino Suplementos","og_description":"&nbsp; Componente principal: prote\u00edna. Tamanho da por\u00e7\u00e3o: 27g. Componentes alerg\u00eanicos: derivados de leche, derivados de soja, derivados de trigo, cebada, huevo, avena, centeno, cacahuete, avellana, macadamia, nueces, casta\u00f1a, casta\u00f1a de par\u00e1. Consumir junto com alimentos para facilitar sua assimila\u00e7\u00e3o. As imagens podem ser ilustrativas. Este produto \u00e9 um suplemento diet\u00e9tico, n\u00e3o um medicamento. Suplementa dietas...","og_url":"https:\/\/magloirevita.com\/rhinobodybuilders\/produto\/whey-protein-isolado-dux-nutrition-pote-900g-sabor-cookies\/","og_site_name":"Rhino Suplementos","article_modified_time":"2023-10-28T21:31:15+00:00","og_image":[{"width":508,"height":508,"url":"https:\/\/magloirevita.com\/rhinobodybuilders\/wp-content\/uploads\/2019\/04\/Dux-isolado-1.png","type":"image\/png"}],"twitter_card":"summary_large_image","twitter_misc":{"Est. tempo de leitura":"1 minuto"},"schema":{"@context":"https:\/\/schema.org","@graph":[{"@type":"WebPage","@id":"https:\/\/magloirevita.com\/rhinobodybuilders\/produto\/whey-protein-isolado-dux-nutrition-pote-900g-sabor-cookies\/","url":"https:\/\/magloirevita.com\/rhinobodybuilders\/produto\/whey-protein-isolado-dux-nutrition-pote-900g-sabor-cookies\/","name":"Whey Protein Isolado Dux Nutrition - Pote 900g Sabor Cookies - Rhino Suplementos","isPartOf":{"@id":"https:\/\/magloirevita.com\/rhinobodybuilders\/#website"},"primaryImageOfPage":{"@id":"https:\/\/magloirevita.com\/rhinobodybuilders\/produto\/whey-protein-isolado-dux-nutrition-pote-900g-sabor-cookies\/#primaryimage"},"image":{"@id":"https:\/\/magloirevita.com\/rhinobodybuilders\/produto\/whey-protein-isolado-dux-nutrition-pote-900g-sabor-cookies\/#primaryimage"},"thumbnailUrl":"https:\/\/magloirevita.com\/rhinobodybuilders\/wp-content\/uploads\/2019\/04\/Dux-isolado-1.png","datePublished":"2023-10-28T21:27:12+00:00","dateModified":"2023-10-28T21:31:15+00:00","breadcrumb":{"@id":"https:\/\/magloirevita.com\/rhinobodybuilders\/produto\/whey-protein-isolado-dux-nutrition-pote-900g-sabor-cookies\/#breadcrumb"},"inLanguage":"pt-BR","potentialAction":[{"@type":"ReadAction","target":["https:\/\/magloirevita.com\/rhinobodybuilders\/produto\/whey-protein-isolado-dux-nutrition-pote-900g-sabor-cookies\/"]}]},{"@type":"ImageObject","inLanguage":"pt-BR","@id":"https:\/\/magloirevita.com\/rhinobodybuilders\/produto\/whey-protein-isolado-dux-nutrition-pote-900g-sabor-cookies\/#primaryimage","url":"https:\/\/magloirevita.com\/rhinobodybuilders\/wp-content\/uploads\/2019\/04\/Dux-isolado-1.png","contentUrl":"https:\/\/magloirevita.com\/rhinobodybuilders\/wp-content\/uploads\/2019\/04\/Dux-isolado-1.png","width":508,"height":508},{"@type":"BreadcrumbList","@id":"https:\/\/magloirevita.com\/rhinobodybuilders\/produto\/whey-protein-isolado-dux-nutrition-pote-900g-sabor-cookies\/#breadcrumb","itemListElement":[{"@type":"ListItem","position":1,"name":"In\u00edcio","item":"https:\/\/magloirevita.com\/rhinobodybuilders\/"},{"@type":"ListItem","position":2,"name":"Loja","item":"https:\/\/magloirevita.com\/rhinobodybuilders\/loja\/"},{"@type":"ListItem","position":3,"name":"Whey Protein Isolado Dux Nutrition &#8211; Pote 900g Sabor Cookies"}]},{"@type":"WebSite","@id":"https:\/\/magloirevita.com\/rhinobodybuilders\/#website","url":"https:\/\/magloirevita.com\/rhinobodybuilders\/","name":"Rhinobodybuilders","description":"Bem-vindo o Rhino Body Builders nossa loja online completa para um estilo de vida saud&aacute;vel e ativo! Aqui voc&ecirc; encontrar&aacute; uma variedade de produtos que atendem &agrave;s suas necessidades de suplementa&ccedil;&atilde;o, roupas fitness e refei&ccedil;&otilde;es prontas, tudo dispon&iacute;vel para entrega direto em sua casa.  Nossa loja Rinho Body Builders &eacute; um para&iacute;so para os entusiastas da sa&uacute;de e do condicionamento f&iacute;sico. Oferecemos uma ampla sele&ccedil;&atilde;o de suplementos nutricionais de alta qualidade, desde prote&iacute;nas em p&oacute; e barras energ&eacute;ticas at&eacute; vitaminas e minerais essenciais. Trabalhamos apenas com marcas confi&aacute;veis e renomadas, garantindo que voc&ecirc; tenha acesso aos melhores produtos do mercado para melhorar seu desempenho, promover a recupera&ccedil;&atilde;o e alcan&ccedil;ar seus objetivos.  Al&eacute;m dos suplementos, tamb&eacute;m oferecemos uma cole&ccedil;&atilde;o de roupas fitness elegantes e funcionais. Aqui, voc&ecirc; encontrar&aacute; roupas de treino, leggings, regatas, camisetas, shorts e muito mais, todos projetados para oferecer conforto e estilo durante suas atividades f&iacute;sicas. Nossas roupas s&atilde;o feitas com materiais de alta qualidade, dur&aacute;veis e respir&aacute;veis, para que voc&ecirc; possa se exercitar com confian&ccedil;a e estilo.  E para aqueles que buscam conveni&ecirc;ncia e uma alimenta&ccedil;&atilde;o saud&aacute;vel, temos uma sele&ccedil;&atilde;o de marmitas prontas para consumo. Nossas refei&ccedil;&otilde;es s&atilde;o cuidadosamente preparadas por chefs especializados em nutri&ccedil;&atilde;o, garantindo uma combina&ccedil;&atilde;o equilibrada de prote&iacute;nas, carboidratos e vegetais frescos. Com op&ccedil;&otilde;es vegetarianas, veganas e com restri&ccedil;&otilde;es alimentares, temos a solu&ccedil;&atilde;o perfeita para atender &agrave;s suas necessidades alimentares.  Em nossa loja online, a experi&ecirc;ncia de compra &eacute; f&aacute;cil e segura. Navegue por nossas categorias, leia as descri&ccedil;&otilde;es detalhadas dos produtos e veja as avalia&ccedil;&otilde;es de clientes satisfeitos. Com apenas alguns cliques, voc&ecirc; poder&aacute; adquirir todos os itens de que precisa para apoiar seu estilo de vida saud&aacute;vel.","publisher":{"@id":"https:\/\/magloirevita.com\/rhinobodybuilders\/#organization"},"potentialAction":[{"@type":"SearchAction","target":{"@type":"EntryPoint","urlTemplate":"https:\/\/magloirevita.com\/rhinobodybuilders\/?s={search_term_string}"},"query-input":{"@type":"PropertyValueSpecification","valueRequired":true,"valueName":"search_term_string"}}],"inLanguage":"pt-BR"},{"@type":"Organization","@id":"https:\/\/magloirevita.com\/rhinobodybuilders\/#organization","name":"Loja dos suplementos","url":"https:\/\/magloirevita.com\/rhinobodybuilders\/","logo":{"@type":"ImageObject","inLanguage":"pt-BR","@id":"https:\/\/magloirevita.com\/rhinobodybuilders\/#\/schema\/logo\/image\/","url":"https:\/\/magloirevita.com\/rhinobodybuilders\/wp-content\/uploads\/2023\/07\/cropped-Design-sem-nome-6-1-2-1.png","contentUrl":"https:\/\/magloirevita.com\/rhinobodybuilders\/wp-content\/uploads\/2023\/07\/cropped-Design-sem-nome-6-1-2-1.png","width":226,"height":91,"caption":"Loja dos suplementos"},"image":{"@id":"https:\/\/magloirevita.com\/rhinobodybuilders\/#\/schema\/logo\/image\/"}}]}},"_links":{"self":[{"href":"https:\/\/magloirevita.com\/rhinobodybuilders\/wp-json\/wp\/v2\/product\/2460","targetHints":{"allow":["GET"]}}],"collection":[{"href":"https:\/\/magloirevita.com\/rhinobodybuilders\/wp-json\/wp\/v2\/product"}],"about":[{"href":"https:\/\/magloirevita.com\/rhinobodybuilders\/wp-json\/wp\/v2\/types\/product"}],"replies":[{"embeddable":true,"href":"https:\/\/magloirevita.com\/rhinobodybuilders\/wp-json\/wp\/v2\/comments?post=2460"}],"wp:featuredmedia":[{"embeddable":true,"href":"https:\/\/magloirevita.com\/rhinobodybuilders\/wp-json\/wp\/v2\/media\/1852"}],"wp:attachment":[{"href":"https:\/\/magloirevita.com\/rhinobodybuilders\/wp-json\/wp\/v2\/media?parent=2460"}],"wp:term":[{"taxonomy":"product_brand","embeddable":true,"href":"https:\/\/magloirevita.com\/rhinobodybuilders\/wp-json\/wp\/v2\/product_brand?post=2460"},{"taxonomy":"product_cat","embeddable":true,"href":"https:\/\/magloirevita.com\/rhinobodybuilders\/wp-json\/wp\/v2\/product_cat?post=2460"},{"taxonomy":"product_tag","embeddable":true,"href":"https:\/\/magloirevita.com\/rhinobodybuilders\/wp-json\/wp\/v2\/product_tag?post=2460"}],"curies":[{"name":"wp","href":"https:\/\/api.w.org\/{rel}","templated":true}]}}