{"id":2305,"date":"2023-10-28T04:04:00","date_gmt":"2023-10-28T04:04:00","guid":{"rendered":"https:\/\/rhinobodybuiders.com.br\/?post_type=product&#038;p=2305"},"modified":"2023-10-28T04:08:05","modified_gmt":"2023-10-28T04:08:05","slug":"thermo-abdomen-black-420mg-de-cafeina-bodyaction-60capsulas","status":"publish","type":"product","link":"https:\/\/magloirevita.com\/rhinobodybuilders\/produto\/thermo-abdomen-black-420mg-de-cafeina-bodyaction-60capsulas\/","title":{"rendered":"Thermo Abdomen Black 420mg De Cafeina Bodyaction 60capsulas"},"content":{"rendered":"<p>THERMO ABDOMEN BLACK 60 COMPRIMIDOS<br \/>\nF\u00d3RMULA MAIS CONCENTRADA<br \/>\nAliado a uma dieta e estilo de vida saud\u00e1veis, o THERMO ABDOMEN BLACK prop\u00f5e maior disposi\u00e7\u00e3o f\u00edsica e mental gerando mais energia para treinos intensos. \u00c0 base de cafe\u00edna, fornece 420mg na dose e tem a finalidade de auxiliar no desempenho de atletas em exerc\u00edcios f\u00edsicos aer\u00f3bios de m\u00e9dia e longa dura\u00e7\u00e3o sob orienta\u00e7\u00e3o de nutricionista ou m\u00e9dico.<\/p>\n<p>CAFE\u00cdNA<br \/>\nA Cafe\u00edna auxilia no aumento da capacitade de resist\u00eancia e no desempenho de exerc\u00edcios f\u00edsicos de resist\u00eancia. Al\u00e9m de auxiliar no estado de alerta e concentra\u00e7\u00e3o.<\/p>\n<p>CH\u00c1 VERDE<br \/>\nEstudos realizados com humanos mostram aumento do gasto energ\u00e9tico de cerca de 4% e da oxida\u00e7\u00e3o lip\u00eddica com o consumo de extrato de ch\u00e1 verde, em fun\u00e7\u00e3o de seu efeito termog\u00eanico.<\/p>\n<p>EXTRATO DE GUARAN\u00c1<br \/>\n\u00c9 rico em cafe\u00edna e axtioxicidantes que aceleram o metabolismo e favorecem o uso da gordura como combust\u00edvel para o corpo. Al\u00e9m disso, ele tem um efeito de redutor do apetite, afastando a vontade de comer entre as refei\u00e7\u00f5es.<\/p>\n<p>LARANJA AMARGA<br \/>\nIndicado para melhorar a queima de gordura e a performance fis\u00edca durante exerc\u00edcios aer\u00f3bicos atrav\u00e9s da libera\u00e7\u00e3o de energia de reservas de gordura.<\/p>\n<p>Ingredientes:<br \/>\nCafe\u00edna anidra, antiumectantes carbonato de c\u00e1lcio e di\u00f3xido de sil\u00edcio, aromatizantes naturais extrato de laranja amarga (Citrus aurantium), extrato de ch\u00e1 verde e extrato de guaran\u00e1, estabilizantes hidroxipropilmetilcelulose e polivinilpirrolidona, lubrificantes estearato de magn\u00e9sio e talco, ve\u00edculo polietilenoglicol, corante carbon black. N\u00c3O CONT\u00c9M GL\u00daTEN.<\/p>\n<p>Modo de usar:<br \/>\nConsumir 2 tabletes ao dia, sendo 1 pela manh\u00e3 e 1 ap\u00f3s o almo\u00e7o ou conforme orienta\u00e7\u00e3o de nutricionista ou m\u00e9dico. CADA POR\u00c7\u00c3O FORNECE 420MG DE CAFE\u00cdNA.<\/p>\n<p>Informa\u00e7\u00e3o Nutricional:<br \/>\nPor\u00e7\u00e3o de 2g (2 tabletes):N\u00e3o cont\u00e9m quantidade significativa de valor energ\u00e9tico, carboidratos, prote\u00ednas, gorduras totais, gorduras saturadas, gorduras trans, fibra alimentar e s\u00f3dio. (*)%Valores Di\u00e1rios com base em uma dieta de 2000kcal, ou 8400kJ. Seus valores di\u00e1rios podem ser maiores ou menores dependendo de suas necessidades energ\u00e9ticas.<\/p>\n<p>Advert\u00eancia:<br \/>\nESTE PRODUTO N\u00c3O SUBSTITUI UMA ALIMENTA\u00c7\u00c3O EQUILIBRADA E SEU CONSUMO DEVE SER ORIENTADO POR NUTRICIONISTA OU M\u00c9DICO. ESTE PRODUTO N\u00c3O DEVE SER CONSUMIDO POR CRIAN\u00c7AS, GESTANTES, IDOSOS E PORTADORES DE ENFERMIDADES.<\/p>\n<p>Conserva\u00e7\u00e3o:<br \/>\nMantenha fora do alcance das crian\u00e7as.<\/p>\n<p>Manter um lugar fresco, n\u00e3o \u00famido e ao abrigo da luz.<\/p>\n","protected":false},"excerpt":{"rendered":"<p>THERMO ABDOMEN BLACK 60 COMPRIMIDOS F\u00d3RMULA MAIS CONCENTRADA Aliado a uma dieta e estilo de vida saud\u00e1veis, o THERMO ABDOMEN BLACK prop\u00f5e maior disposi\u00e7\u00e3o f\u00edsica e mental gerando mais energia para treinos intensos. \u00c0 base de cafe\u00edna, fornece 420mg na dose e tem a finalidade de auxiliar no desempenho de atletas em exerc\u00edcios f\u00edsicos aer\u00f3bios&#8230;<\/p>\n","protected":false},"featured_media":1838,"comment_status":"open","ping_status":"closed","template":"","meta":{"_kadence_starter_templates_imported_post":true,"_kad_post_transparent":"default","_kad_post_title":"","_kad_post_layout":"default","_kad_post_sidebar_id":"","_kad_post_content_style":"default","_kad_post_vertical_padding":"default","_kad_post_feature":"","_kad_post_feature_position":"","_kad_post_header":false,"_kad_post_footer":false,"_kad_post_classname":""},"product_brand":[],"product_cat":[25],"product_tag":[56,57],"class_list":{"0":"post-2305","1":"product","2":"type-product","3":"status-publish","4":"has-post-thumbnail","6":"product_cat-termogenico","7":"product_tag-thermo-abdomen","8":"product_tag-thermo-black","10":"first","11":"instock","12":"featured","13":"shipping-taxable","14":"purchasable","15":"product-type-simple","16":"entry","17":"content-bg","18":"loop-entry"},"yoast_head":"<!-- This site is optimized with the Yoast SEO plugin v27.4 - https:\/\/yoast.com\/product\/yoast-seo-wordpress\/ -->\n<title>Thermo Abdomen Black 420mg De Cafeina Bodyaction 60capsulas - Rhino Suplementos<\/title>\n<meta name=\"robots\" content=\"index, follow, max-snippet:-1, max-image-preview:large, max-video-preview:-1\" \/>\n<link rel=\"canonical\" href=\"https:\/\/magloirevita.com\/rhinobodybuilders\/produto\/thermo-abdomen-black-420mg-de-cafeina-bodyaction-60capsulas\/\" \/>\n<meta property=\"og:locale\" content=\"pt_BR\" \/>\n<meta property=\"og:type\" content=\"article\" \/>\n<meta property=\"og:title\" content=\"Thermo Abdomen Black 420mg De Cafeina Bodyaction 60capsulas - Rhino Suplementos\" \/>\n<meta property=\"og:description\" content=\"THERMO ABDOMEN BLACK 60 COMPRIMIDOS F\u00d3RMULA MAIS CONCENTRADA Aliado a uma dieta e estilo de vida saud\u00e1veis, o THERMO ABDOMEN BLACK prop\u00f5e maior disposi\u00e7\u00e3o f\u00edsica e mental gerando mais energia para treinos intensos. \u00c0 base de cafe\u00edna, fornece 420mg na dose e tem a finalidade de auxiliar no desempenho de atletas em exerc\u00edcios f\u00edsicos aer\u00f3bios...\" \/>\n<meta property=\"og:url\" content=\"https:\/\/magloirevita.com\/rhinobodybuilders\/produto\/thermo-abdomen-black-420mg-de-cafeina-bodyaction-60capsulas\/\" \/>\n<meta property=\"og:site_name\" content=\"Rhino Suplementos\" \/>\n<meta property=\"article:modified_time\" content=\"2023-10-28T04:08:05+00:00\" \/>\n<meta property=\"og:image\" content=\"https:\/\/magloirevita.com\/rhinobodybuilders\/wp-content\/uploads\/2020\/10\/Thermo-black-1.png\" \/>\n\t<meta property=\"og:image:width\" content=\"508\" \/>\n\t<meta property=\"og:image:height\" content=\"508\" \/>\n\t<meta property=\"og:image:type\" content=\"image\/png\" \/>\n<meta name=\"twitter:card\" content=\"summary_large_image\" \/>\n<meta name=\"twitter:label1\" content=\"Est. tempo de leitura\" \/>\n\t<meta name=\"twitter:data1\" content=\"3 minutos\" \/>\n<script type=\"application\/ld+json\" class=\"yoast-schema-graph\">{\"@context\":\"https:\\\/\\\/schema.org\",\"@graph\":[{\"@type\":\"WebPage\",\"@id\":\"https:\\\/\\\/magloirevita.com\\\/rhinobodybuilders\\\/produto\\\/thermo-abdomen-black-420mg-de-cafeina-bodyaction-60capsulas\\\/\",\"url\":\"https:\\\/\\\/magloirevita.com\\\/rhinobodybuilders\\\/produto\\\/thermo-abdomen-black-420mg-de-cafeina-bodyaction-60capsulas\\\/\",\"name\":\"Thermo Abdomen Black 420mg De Cafeina Bodyaction 60capsulas - Rhino Suplementos\",\"isPartOf\":{\"@id\":\"https:\\\/\\\/magloirevita.com\\\/rhinobodybuilders\\\/#website\"},\"primaryImageOfPage\":{\"@id\":\"https:\\\/\\\/magloirevita.com\\\/rhinobodybuilders\\\/produto\\\/thermo-abdomen-black-420mg-de-cafeina-bodyaction-60capsulas\\\/#primaryimage\"},\"image\":{\"@id\":\"https:\\\/\\\/magloirevita.com\\\/rhinobodybuilders\\\/produto\\\/thermo-abdomen-black-420mg-de-cafeina-bodyaction-60capsulas\\\/#primaryimage\"},\"thumbnailUrl\":\"https:\\\/\\\/magloirevita.com\\\/rhinobodybuilders\\\/wp-content\\\/uploads\\\/2020\\\/10\\\/Thermo-black-1.png\",\"datePublished\":\"2023-10-28T04:04:00+00:00\",\"dateModified\":\"2023-10-28T04:08:05+00:00\",\"breadcrumb\":{\"@id\":\"https:\\\/\\\/magloirevita.com\\\/rhinobodybuilders\\\/produto\\\/thermo-abdomen-black-420mg-de-cafeina-bodyaction-60capsulas\\\/#breadcrumb\"},\"inLanguage\":\"pt-BR\",\"potentialAction\":[{\"@type\":\"ReadAction\",\"target\":[\"https:\\\/\\\/magloirevita.com\\\/rhinobodybuilders\\\/produto\\\/thermo-abdomen-black-420mg-de-cafeina-bodyaction-60capsulas\\\/\"]}]},{\"@type\":\"ImageObject\",\"inLanguage\":\"pt-BR\",\"@id\":\"https:\\\/\\\/magloirevita.com\\\/rhinobodybuilders\\\/produto\\\/thermo-abdomen-black-420mg-de-cafeina-bodyaction-60capsulas\\\/#primaryimage\",\"url\":\"https:\\\/\\\/magloirevita.com\\\/rhinobodybuilders\\\/wp-content\\\/uploads\\\/2020\\\/10\\\/Thermo-black-1.png\",\"contentUrl\":\"https:\\\/\\\/magloirevita.com\\\/rhinobodybuilders\\\/wp-content\\\/uploads\\\/2020\\\/10\\\/Thermo-black-1.png\",\"width\":508,\"height\":508},{\"@type\":\"BreadcrumbList\",\"@id\":\"https:\\\/\\\/magloirevita.com\\\/rhinobodybuilders\\\/produto\\\/thermo-abdomen-black-420mg-de-cafeina-bodyaction-60capsulas\\\/#breadcrumb\",\"itemListElement\":[{\"@type\":\"ListItem\",\"position\":1,\"name\":\"In\u00edcio\",\"item\":\"https:\\\/\\\/magloirevita.com\\\/rhinobodybuilders\\\/\"},{\"@type\":\"ListItem\",\"position\":2,\"name\":\"Loja\",\"item\":\"https:\\\/\\\/magloirevita.com\\\/rhinobodybuilders\\\/loja\\\/\"},{\"@type\":\"ListItem\",\"position\":3,\"name\":\"Thermo Abdomen Black 420mg De Cafeina Bodyaction 60capsulas\"}]},{\"@type\":\"WebSite\",\"@id\":\"https:\\\/\\\/magloirevita.com\\\/rhinobodybuilders\\\/#website\",\"url\":\"https:\\\/\\\/magloirevita.com\\\/rhinobodybuilders\\\/\",\"name\":\"Rhinobodybuilders\",\"description\":\"Bem-vindo o Rhino Body Builders nossa loja online completa para um estilo de vida saud&aacute;vel e ativo! Aqui voc&ecirc; encontrar&aacute; uma variedade de produtos que atendem &agrave;s suas necessidades de suplementa&ccedil;&atilde;o, roupas fitness e refei&ccedil;&otilde;es prontas, tudo dispon&iacute;vel para entrega direto em sua casa.  Nossa loja Rinho Body Builders &eacute; um para&iacute;so para os entusiastas da sa&uacute;de e do condicionamento f&iacute;sico. Oferecemos uma ampla sele&ccedil;&atilde;o de suplementos nutricionais de alta qualidade, desde prote&iacute;nas em p&oacute; e barras energ&eacute;ticas at&eacute; vitaminas e minerais essenciais. Trabalhamos apenas com marcas confi&aacute;veis e renomadas, garantindo que voc&ecirc; tenha acesso aos melhores produtos do mercado para melhorar seu desempenho, promover a recupera&ccedil;&atilde;o e alcan&ccedil;ar seus objetivos.  Al&eacute;m dos suplementos, tamb&eacute;m oferecemos uma cole&ccedil;&atilde;o de roupas fitness elegantes e funcionais. Aqui, voc&ecirc; encontrar&aacute; roupas de treino, leggings, regatas, camisetas, shorts e muito mais, todos projetados para oferecer conforto e estilo durante suas atividades f&iacute;sicas. Nossas roupas s&atilde;o feitas com materiais de alta qualidade, dur&aacute;veis e respir&aacute;veis, para que voc&ecirc; possa se exercitar com confian&ccedil;a e estilo.  E para aqueles que buscam conveni&ecirc;ncia e uma alimenta&ccedil;&atilde;o saud&aacute;vel, temos uma sele&ccedil;&atilde;o de marmitas prontas para consumo. Nossas refei&ccedil;&otilde;es s&atilde;o cuidadosamente preparadas por chefs especializados em nutri&ccedil;&atilde;o, garantindo uma combina&ccedil;&atilde;o equilibrada de prote&iacute;nas, carboidratos e vegetais frescos. Com op&ccedil;&otilde;es vegetarianas, veganas e com restri&ccedil;&otilde;es alimentares, temos a solu&ccedil;&atilde;o perfeita para atender &agrave;s suas necessidades alimentares.  Em nossa loja online, a experi&ecirc;ncia de compra &eacute; f&aacute;cil e segura. Navegue por nossas categorias, leia as descri&ccedil;&otilde;es detalhadas dos produtos e veja as avalia&ccedil;&otilde;es de clientes satisfeitos. Com apenas alguns cliques, voc&ecirc; poder&aacute; adquirir todos os itens de que precisa para apoiar seu estilo de vida saud&aacute;vel.\",\"publisher\":{\"@id\":\"https:\\\/\\\/magloirevita.com\\\/rhinobodybuilders\\\/#organization\"},\"potentialAction\":[{\"@type\":\"SearchAction\",\"target\":{\"@type\":\"EntryPoint\",\"urlTemplate\":\"https:\\\/\\\/magloirevita.com\\\/rhinobodybuilders\\\/?s={search_term_string}\"},\"query-input\":{\"@type\":\"PropertyValueSpecification\",\"valueRequired\":true,\"valueName\":\"search_term_string\"}}],\"inLanguage\":\"pt-BR\"},{\"@type\":\"Organization\",\"@id\":\"https:\\\/\\\/magloirevita.com\\\/rhinobodybuilders\\\/#organization\",\"name\":\"Loja dos suplementos\",\"url\":\"https:\\\/\\\/magloirevita.com\\\/rhinobodybuilders\\\/\",\"logo\":{\"@type\":\"ImageObject\",\"inLanguage\":\"pt-BR\",\"@id\":\"https:\\\/\\\/magloirevita.com\\\/rhinobodybuilders\\\/#\\\/schema\\\/logo\\\/image\\\/\",\"url\":\"https:\\\/\\\/magloirevita.com\\\/rhinobodybuilders\\\/wp-content\\\/uploads\\\/2023\\\/07\\\/cropped-Design-sem-nome-6-1-2-1.png\",\"contentUrl\":\"https:\\\/\\\/magloirevita.com\\\/rhinobodybuilders\\\/wp-content\\\/uploads\\\/2023\\\/07\\\/cropped-Design-sem-nome-6-1-2-1.png\",\"width\":226,\"height\":91,\"caption\":\"Loja dos suplementos\"},\"image\":{\"@id\":\"https:\\\/\\\/magloirevita.com\\\/rhinobodybuilders\\\/#\\\/schema\\\/logo\\\/image\\\/\"}}]}<\/script>\n<!-- \/ Yoast SEO plugin. -->","yoast_head_json":{"title":"Thermo Abdomen Black 420mg De Cafeina Bodyaction 60capsulas - Rhino Suplementos","robots":{"index":"index","follow":"follow","max-snippet":"max-snippet:-1","max-image-preview":"max-image-preview:large","max-video-preview":"max-video-preview:-1"},"canonical":"https:\/\/magloirevita.com\/rhinobodybuilders\/produto\/thermo-abdomen-black-420mg-de-cafeina-bodyaction-60capsulas\/","og_locale":"pt_BR","og_type":"article","og_title":"Thermo Abdomen Black 420mg De Cafeina Bodyaction 60capsulas - Rhino Suplementos","og_description":"THERMO ABDOMEN BLACK 60 COMPRIMIDOS F\u00d3RMULA MAIS CONCENTRADA Aliado a uma dieta e estilo de vida saud\u00e1veis, o THERMO ABDOMEN BLACK prop\u00f5e maior disposi\u00e7\u00e3o f\u00edsica e mental gerando mais energia para treinos intensos. \u00c0 base de cafe\u00edna, fornece 420mg na dose e tem a finalidade de auxiliar no desempenho de atletas em exerc\u00edcios f\u00edsicos aer\u00f3bios...","og_url":"https:\/\/magloirevita.com\/rhinobodybuilders\/produto\/thermo-abdomen-black-420mg-de-cafeina-bodyaction-60capsulas\/","og_site_name":"Rhino Suplementos","article_modified_time":"2023-10-28T04:08:05+00:00","og_image":[{"width":508,"height":508,"url":"https:\/\/magloirevita.com\/rhinobodybuilders\/wp-content\/uploads\/2020\/10\/Thermo-black-1.png","type":"image\/png"}],"twitter_card":"summary_large_image","twitter_misc":{"Est. tempo de leitura":"3 minutos"},"schema":{"@context":"https:\/\/schema.org","@graph":[{"@type":"WebPage","@id":"https:\/\/magloirevita.com\/rhinobodybuilders\/produto\/thermo-abdomen-black-420mg-de-cafeina-bodyaction-60capsulas\/","url":"https:\/\/magloirevita.com\/rhinobodybuilders\/produto\/thermo-abdomen-black-420mg-de-cafeina-bodyaction-60capsulas\/","name":"Thermo Abdomen Black 420mg De Cafeina Bodyaction 60capsulas - Rhino Suplementos","isPartOf":{"@id":"https:\/\/magloirevita.com\/rhinobodybuilders\/#website"},"primaryImageOfPage":{"@id":"https:\/\/magloirevita.com\/rhinobodybuilders\/produto\/thermo-abdomen-black-420mg-de-cafeina-bodyaction-60capsulas\/#primaryimage"},"image":{"@id":"https:\/\/magloirevita.com\/rhinobodybuilders\/produto\/thermo-abdomen-black-420mg-de-cafeina-bodyaction-60capsulas\/#primaryimage"},"thumbnailUrl":"https:\/\/magloirevita.com\/rhinobodybuilders\/wp-content\/uploads\/2020\/10\/Thermo-black-1.png","datePublished":"2023-10-28T04:04:00+00:00","dateModified":"2023-10-28T04:08:05+00:00","breadcrumb":{"@id":"https:\/\/magloirevita.com\/rhinobodybuilders\/produto\/thermo-abdomen-black-420mg-de-cafeina-bodyaction-60capsulas\/#breadcrumb"},"inLanguage":"pt-BR","potentialAction":[{"@type":"ReadAction","target":["https:\/\/magloirevita.com\/rhinobodybuilders\/produto\/thermo-abdomen-black-420mg-de-cafeina-bodyaction-60capsulas\/"]}]},{"@type":"ImageObject","inLanguage":"pt-BR","@id":"https:\/\/magloirevita.com\/rhinobodybuilders\/produto\/thermo-abdomen-black-420mg-de-cafeina-bodyaction-60capsulas\/#primaryimage","url":"https:\/\/magloirevita.com\/rhinobodybuilders\/wp-content\/uploads\/2020\/10\/Thermo-black-1.png","contentUrl":"https:\/\/magloirevita.com\/rhinobodybuilders\/wp-content\/uploads\/2020\/10\/Thermo-black-1.png","width":508,"height":508},{"@type":"BreadcrumbList","@id":"https:\/\/magloirevita.com\/rhinobodybuilders\/produto\/thermo-abdomen-black-420mg-de-cafeina-bodyaction-60capsulas\/#breadcrumb","itemListElement":[{"@type":"ListItem","position":1,"name":"In\u00edcio","item":"https:\/\/magloirevita.com\/rhinobodybuilders\/"},{"@type":"ListItem","position":2,"name":"Loja","item":"https:\/\/magloirevita.com\/rhinobodybuilders\/loja\/"},{"@type":"ListItem","position":3,"name":"Thermo Abdomen Black 420mg De Cafeina Bodyaction 60capsulas"}]},{"@type":"WebSite","@id":"https:\/\/magloirevita.com\/rhinobodybuilders\/#website","url":"https:\/\/magloirevita.com\/rhinobodybuilders\/","name":"Rhinobodybuilders","description":"Bem-vindo o Rhino Body Builders nossa loja online completa para um estilo de vida saud&aacute;vel e ativo! Aqui voc&ecirc; encontrar&aacute; uma variedade de produtos que atendem &agrave;s suas necessidades de suplementa&ccedil;&atilde;o, roupas fitness e refei&ccedil;&otilde;es prontas, tudo dispon&iacute;vel para entrega direto em sua casa.  Nossa loja Rinho Body Builders &eacute; um para&iacute;so para os entusiastas da sa&uacute;de e do condicionamento f&iacute;sico. Oferecemos uma ampla sele&ccedil;&atilde;o de suplementos nutricionais de alta qualidade, desde prote&iacute;nas em p&oacute; e barras energ&eacute;ticas at&eacute; vitaminas e minerais essenciais. Trabalhamos apenas com marcas confi&aacute;veis e renomadas, garantindo que voc&ecirc; tenha acesso aos melhores produtos do mercado para melhorar seu desempenho, promover a recupera&ccedil;&atilde;o e alcan&ccedil;ar seus objetivos.  Al&eacute;m dos suplementos, tamb&eacute;m oferecemos uma cole&ccedil;&atilde;o de roupas fitness elegantes e funcionais. Aqui, voc&ecirc; encontrar&aacute; roupas de treino, leggings, regatas, camisetas, shorts e muito mais, todos projetados para oferecer conforto e estilo durante suas atividades f&iacute;sicas. Nossas roupas s&atilde;o feitas com materiais de alta qualidade, dur&aacute;veis e respir&aacute;veis, para que voc&ecirc; possa se exercitar com confian&ccedil;a e estilo.  E para aqueles que buscam conveni&ecirc;ncia e uma alimenta&ccedil;&atilde;o saud&aacute;vel, temos uma sele&ccedil;&atilde;o de marmitas prontas para consumo. Nossas refei&ccedil;&otilde;es s&atilde;o cuidadosamente preparadas por chefs especializados em nutri&ccedil;&atilde;o, garantindo uma combina&ccedil;&atilde;o equilibrada de prote&iacute;nas, carboidratos e vegetais frescos. Com op&ccedil;&otilde;es vegetarianas, veganas e com restri&ccedil;&otilde;es alimentares, temos a solu&ccedil;&atilde;o perfeita para atender &agrave;s suas necessidades alimentares.  Em nossa loja online, a experi&ecirc;ncia de compra &eacute; f&aacute;cil e segura. Navegue por nossas categorias, leia as descri&ccedil;&otilde;es detalhadas dos produtos e veja as avalia&ccedil;&otilde;es de clientes satisfeitos. Com apenas alguns cliques, voc&ecirc; poder&aacute; adquirir todos os itens de que precisa para apoiar seu estilo de vida saud&aacute;vel.","publisher":{"@id":"https:\/\/magloirevita.com\/rhinobodybuilders\/#organization"},"potentialAction":[{"@type":"SearchAction","target":{"@type":"EntryPoint","urlTemplate":"https:\/\/magloirevita.com\/rhinobodybuilders\/?s={search_term_string}"},"query-input":{"@type":"PropertyValueSpecification","valueRequired":true,"valueName":"search_term_string"}}],"inLanguage":"pt-BR"},{"@type":"Organization","@id":"https:\/\/magloirevita.com\/rhinobodybuilders\/#organization","name":"Loja dos suplementos","url":"https:\/\/magloirevita.com\/rhinobodybuilders\/","logo":{"@type":"ImageObject","inLanguage":"pt-BR","@id":"https:\/\/magloirevita.com\/rhinobodybuilders\/#\/schema\/logo\/image\/","url":"https:\/\/magloirevita.com\/rhinobodybuilders\/wp-content\/uploads\/2023\/07\/cropped-Design-sem-nome-6-1-2-1.png","contentUrl":"https:\/\/magloirevita.com\/rhinobodybuilders\/wp-content\/uploads\/2023\/07\/cropped-Design-sem-nome-6-1-2-1.png","width":226,"height":91,"caption":"Loja dos suplementos"},"image":{"@id":"https:\/\/magloirevita.com\/rhinobodybuilders\/#\/schema\/logo\/image\/"}}]}},"_links":{"self":[{"href":"https:\/\/magloirevita.com\/rhinobodybuilders\/wp-json\/wp\/v2\/product\/2305","targetHints":{"allow":["GET"]}}],"collection":[{"href":"https:\/\/magloirevita.com\/rhinobodybuilders\/wp-json\/wp\/v2\/product"}],"about":[{"href":"https:\/\/magloirevita.com\/rhinobodybuilders\/wp-json\/wp\/v2\/types\/product"}],"replies":[{"embeddable":true,"href":"https:\/\/magloirevita.com\/rhinobodybuilders\/wp-json\/wp\/v2\/comments?post=2305"}],"wp:featuredmedia":[{"embeddable":true,"href":"https:\/\/magloirevita.com\/rhinobodybuilders\/wp-json\/wp\/v2\/media\/1838"}],"wp:attachment":[{"href":"https:\/\/magloirevita.com\/rhinobodybuilders\/wp-json\/wp\/v2\/media?parent=2305"}],"wp:term":[{"taxonomy":"product_brand","embeddable":true,"href":"https:\/\/magloirevita.com\/rhinobodybuilders\/wp-json\/wp\/v2\/product_brand?post=2305"},{"taxonomy":"product_cat","embeddable":true,"href":"https:\/\/magloirevita.com\/rhinobodybuilders\/wp-json\/wp\/v2\/product_cat?post=2305"},{"taxonomy":"product_tag","embeddable":true,"href":"https:\/\/magloirevita.com\/rhinobodybuilders\/wp-json\/wp\/v2\/product_tag?post=2305"}],"curies":[{"name":"wp","href":"https:\/\/api.w.org\/{rel}","templated":true}]}}