{"id":2285,"date":"2023-10-28T03:32:46","date_gmt":"2023-10-28T03:32:46","guid":{"rendered":"https:\/\/rhinobodybuiders.com.br\/?post_type=product&#038;p=2285"},"modified":"2023-10-28T03:40:15","modified_gmt":"2023-10-28T03:40:15","slug":"intra-amino-sport-adaptogen-9-aminos-bcaa-e-eaas-198g","status":"publish","type":"product","link":"https:\/\/magloirevita.com\/rhinobodybuilders\/produto\/intra-amino-sport-adaptogen-9-aminos-bcaa-e-eaas-198g\/","title":{"rendered":"Intra Amino Sport Adaptogen 9 Aminos Bcaa E Eaas 198g"},"content":{"rendered":"<ul class=\"ui-vpp-highlighted-specs__features-list\">\n<li class=\"ui-vpp-highlighted-specs__features-list-item ui-pdp-color--BLACK ui-pdp-size--XSMALL ui-pdp-family--REGULAR\">Intra Amino Sport Adaptogen 9 Aminos Bcaa E Eaas 198g:INFORMA\u00c7\u00c3O NUTRICIONAL<br \/>\nIntra Amino &#8211; Suplemento alimentar em p\u00f3<\/p>\n<p>INGREDIENTES<br \/>\nLeucina, Isoleucina, valina, Cloridrato de Lisina, Metionina, Treonina, Fenilalanina, Histidina, L-Triptofano, Citrato de magn\u00e9sio, Citrato de s\u00f3dio, regulador de acidez, citrato de pot\u00e1ssio, aroma id\u00eantico ao natural, acidulante \u00e1cido c\u00edtrico e edulcorante, sucralose. N\u00c3O CONT\u00c9M GLUT\u00c9N<\/p>\n<p>INSTRU\u00c7\u00d5ES DE USO<br \/>\nProduto indicado para adultos, (acima de 19 anos). Misture 1 dosador carregado a 200 ml de \u00e1gua gelada.<\/p>\n<p>ADVERT\u00caNCIAS<br \/>\nEste produto n\u00e3o \u00e9 um medicamento.<br \/>\nGuarde ao abrigo do sol.<br \/>\nMantenha fora do alcance de crian\u00e7as<br \/>\nN\u00e3o exceder a recomenda\u00e7\u00e3o di\u00e1ria de consumo indicada na embalagem.<\/p>\n<p>Suplemento Inovador: Intra E Pr\u00e9-Treino<br \/>\nO que \u00e9 um Intra-treino? \u00c9 um suplemento de r\u00e1pida absor\u00e7\u00e3o a base de amino\u00e1cidos, feito para repor os nutrientes que seu corpo precisa ainda durante a pr\u00e1tica de atividade f\u00edsica de alta intensidade.<\/p>\n<p>Por que e quando tomar o Intra Amino Sport? O Intra Amino Sport estimula a repara\u00e7\u00e3o do dano tecidual e melhora a performance atrav\u00e9s da inibi\u00e7\u00e3o do mecanismo de fadiga central, sendo assim, por sua f\u00f3rmula com amino\u00e1cidos, ele pode ser tomado tanto no pr\u00e9-treino quanto no Intra treino, isto \u00e9, ainda durante a atividade f\u00edsica para repor a fonte de substrato que voc\u00ea vai perdendo durante o treino.<br \/>\nPortanto, este \u00e9 um suplemento completo, que entrega os efeitos desejados de um pr\u00e9-treino (for\u00e7a, resist\u00eancia e foco) aliados a uma alta quantia de BCAA\u2019s, que v\u00e3o auxiliar no processo de constru\u00e7\u00e3o de massa muscular e preven\u00e7\u00e3o do catabolismo.<\/p>\n<p>O Intra Amino Sport \u00e9 um intra-treino com qualidade premium, aprovado pela ANVISA e entrega 100% do que est\u00e1 no r\u00f3tulo. Todos os produtos da Adaptogen Science passam por rigorosos testes nos EUA antes de serem distribu\u00eddos, pr\u00e1tica que faz com que os consumidores confiem e atestem a qualidade dos suplementos que est\u00e3o consumindo.<\/li>\n<\/ul>\n","protected":false},"excerpt":{"rendered":"<p>Intra Amino Sport Adaptogen 9 Aminos Bcaa E Eaas 198g:INFORMA\u00c7\u00c3O NUTRICIONAL Intra Amino &#8211; Suplemento alimentar em p\u00f3 INGREDIENTES Leucina, Isoleucina, valina, Cloridrato de Lisina, Metionina, Treonina, Fenilalanina, Histidina, L-Triptofano, Citrato de magn\u00e9sio, Citrato de s\u00f3dio, regulador de acidez, citrato de pot\u00e1ssio, aroma id\u00eantico ao natural, acidulante \u00e1cido c\u00edtrico e edulcorante, sucralose. N\u00c3O CONT\u00c9M GLUT\u00c9N&#8230;<\/p>\n","protected":false},"featured_media":1842,"comment_status":"open","ping_status":"closed","template":"","meta":{"_kadence_starter_templates_imported_post":true,"_kad_post_transparent":"default","_kad_post_title":"","_kad_post_layout":"default","_kad_post_sidebar_id":"","_kad_post_content_style":"default","_kad_post_vertical_padding":"default","_kad_post_feature":"","_kad_post_feature_position":"","_kad_post_header":false,"_kad_post_footer":false,"_kad_post_classname":""},"product_brand":[],"product_cat":[31],"product_tag":[106,46],"class_list":{"0":"post-2285","1":"product","2":"type-product","3":"status-publish","4":"has-post-thumbnail","6":"product_cat-intratreino","7":"product_tag-intra-amino","8":"product_tag-intra-treino","10":"first","11":"instock","12":"featured","13":"shipping-taxable","14":"purchasable","15":"product-type-simple","16":"entry","17":"content-bg","18":"loop-entry"},"yoast_head":"<!-- This site is optimized with the Yoast SEO plugin v27.4 - https:\/\/yoast.com\/product\/yoast-seo-wordpress\/ -->\n<title>Intra Amino Sport Adaptogen 9 Aminos Bcaa E Eaas 198g - Rhino Suplementos<\/title>\n<meta name=\"robots\" content=\"index, follow, max-snippet:-1, max-image-preview:large, max-video-preview:-1\" \/>\n<link rel=\"canonical\" href=\"https:\/\/magloirevita.com\/rhinobodybuilders\/produto\/intra-amino-sport-adaptogen-9-aminos-bcaa-e-eaas-198g\/\" \/>\n<meta property=\"og:locale\" content=\"pt_BR\" \/>\n<meta property=\"og:type\" content=\"article\" \/>\n<meta property=\"og:title\" content=\"Intra Amino Sport Adaptogen 9 Aminos Bcaa E Eaas 198g - Rhino Suplementos\" \/>\n<meta property=\"og:description\" content=\"Intra Amino Sport Adaptogen 9 Aminos Bcaa E Eaas 198g:INFORMA\u00c7\u00c3O NUTRICIONAL Intra Amino &#8211; Suplemento alimentar em p\u00f3 INGREDIENTES Leucina, Isoleucina, valina, Cloridrato de Lisina, Metionina, Treonina, Fenilalanina, Histidina, L-Triptofano, Citrato de magn\u00e9sio, Citrato de s\u00f3dio, regulador de acidez, citrato de pot\u00e1ssio, aroma id\u00eantico ao natural, acidulante \u00e1cido c\u00edtrico e edulcorante, sucralose. N\u00c3O CONT\u00c9M GLUT\u00c9N...\" \/>\n<meta property=\"og:url\" content=\"https:\/\/magloirevita.com\/rhinobodybuilders\/produto\/intra-amino-sport-adaptogen-9-aminos-bcaa-e-eaas-198g\/\" \/>\n<meta property=\"og:site_name\" content=\"Rhino Suplementos\" \/>\n<meta property=\"article:modified_time\" content=\"2023-10-28T03:40:15+00:00\" \/>\n<meta property=\"og:image\" content=\"https:\/\/magloirevita.com\/rhinobodybuilders\/wp-content\/uploads\/2020\/10\/Intra-amino-1.png\" \/>\n\t<meta property=\"og:image:width\" content=\"508\" \/>\n\t<meta property=\"og:image:height\" content=\"508\" \/>\n\t<meta property=\"og:image:type\" content=\"image\/png\" \/>\n<meta name=\"twitter:card\" content=\"summary_large_image\" \/>\n<meta name=\"twitter:label1\" content=\"Est. tempo de leitura\" \/>\n\t<meta name=\"twitter:data1\" content=\"2 minutos\" \/>\n<script type=\"application\/ld+json\" class=\"yoast-schema-graph\">{\"@context\":\"https:\\\/\\\/schema.org\",\"@graph\":[{\"@type\":\"WebPage\",\"@id\":\"https:\\\/\\\/magloirevita.com\\\/rhinobodybuilders\\\/produto\\\/intra-amino-sport-adaptogen-9-aminos-bcaa-e-eaas-198g\\\/\",\"url\":\"https:\\\/\\\/magloirevita.com\\\/rhinobodybuilders\\\/produto\\\/intra-amino-sport-adaptogen-9-aminos-bcaa-e-eaas-198g\\\/\",\"name\":\"Intra Amino Sport Adaptogen 9 Aminos Bcaa E Eaas 198g - Rhino Suplementos\",\"isPartOf\":{\"@id\":\"https:\\\/\\\/magloirevita.com\\\/rhinobodybuilders\\\/#website\"},\"primaryImageOfPage\":{\"@id\":\"https:\\\/\\\/magloirevita.com\\\/rhinobodybuilders\\\/produto\\\/intra-amino-sport-adaptogen-9-aminos-bcaa-e-eaas-198g\\\/#primaryimage\"},\"image\":{\"@id\":\"https:\\\/\\\/magloirevita.com\\\/rhinobodybuilders\\\/produto\\\/intra-amino-sport-adaptogen-9-aminos-bcaa-e-eaas-198g\\\/#primaryimage\"},\"thumbnailUrl\":\"https:\\\/\\\/magloirevita.com\\\/rhinobodybuilders\\\/wp-content\\\/uploads\\\/2020\\\/10\\\/Intra-amino-1.png\",\"datePublished\":\"2023-10-28T03:32:46+00:00\",\"dateModified\":\"2023-10-28T03:40:15+00:00\",\"breadcrumb\":{\"@id\":\"https:\\\/\\\/magloirevita.com\\\/rhinobodybuilders\\\/produto\\\/intra-amino-sport-adaptogen-9-aminos-bcaa-e-eaas-198g\\\/#breadcrumb\"},\"inLanguage\":\"pt-BR\",\"potentialAction\":[{\"@type\":\"ReadAction\",\"target\":[\"https:\\\/\\\/magloirevita.com\\\/rhinobodybuilders\\\/produto\\\/intra-amino-sport-adaptogen-9-aminos-bcaa-e-eaas-198g\\\/\"]}]},{\"@type\":\"ImageObject\",\"inLanguage\":\"pt-BR\",\"@id\":\"https:\\\/\\\/magloirevita.com\\\/rhinobodybuilders\\\/produto\\\/intra-amino-sport-adaptogen-9-aminos-bcaa-e-eaas-198g\\\/#primaryimage\",\"url\":\"https:\\\/\\\/magloirevita.com\\\/rhinobodybuilders\\\/wp-content\\\/uploads\\\/2020\\\/10\\\/Intra-amino-1.png\",\"contentUrl\":\"https:\\\/\\\/magloirevita.com\\\/rhinobodybuilders\\\/wp-content\\\/uploads\\\/2020\\\/10\\\/Intra-amino-1.png\",\"width\":508,\"height\":508},{\"@type\":\"BreadcrumbList\",\"@id\":\"https:\\\/\\\/magloirevita.com\\\/rhinobodybuilders\\\/produto\\\/intra-amino-sport-adaptogen-9-aminos-bcaa-e-eaas-198g\\\/#breadcrumb\",\"itemListElement\":[{\"@type\":\"ListItem\",\"position\":1,\"name\":\"In\u00edcio\",\"item\":\"https:\\\/\\\/magloirevita.com\\\/rhinobodybuilders\\\/\"},{\"@type\":\"ListItem\",\"position\":2,\"name\":\"Loja\",\"item\":\"https:\\\/\\\/magloirevita.com\\\/rhinobodybuilders\\\/loja\\\/\"},{\"@type\":\"ListItem\",\"position\":3,\"name\":\"Intra Amino Sport Adaptogen 9 Aminos Bcaa E Eaas 198g\"}]},{\"@type\":\"WebSite\",\"@id\":\"https:\\\/\\\/magloirevita.com\\\/rhinobodybuilders\\\/#website\",\"url\":\"https:\\\/\\\/magloirevita.com\\\/rhinobodybuilders\\\/\",\"name\":\"Rhinobodybuilders\",\"description\":\"Bem-vindo o Rhino Body Builders nossa loja online completa para um estilo de vida saud&aacute;vel e ativo! Aqui voc&ecirc; encontrar&aacute; uma variedade de produtos que atendem &agrave;s suas necessidades de suplementa&ccedil;&atilde;o, roupas fitness e refei&ccedil;&otilde;es prontas, tudo dispon&iacute;vel para entrega direto em sua casa.  Nossa loja Rinho Body Builders &eacute; um para&iacute;so para os entusiastas da sa&uacute;de e do condicionamento f&iacute;sico. Oferecemos uma ampla sele&ccedil;&atilde;o de suplementos nutricionais de alta qualidade, desde prote&iacute;nas em p&oacute; e barras energ&eacute;ticas at&eacute; vitaminas e minerais essenciais. Trabalhamos apenas com marcas confi&aacute;veis e renomadas, garantindo que voc&ecirc; tenha acesso aos melhores produtos do mercado para melhorar seu desempenho, promover a recupera&ccedil;&atilde;o e alcan&ccedil;ar seus objetivos.  Al&eacute;m dos suplementos, tamb&eacute;m oferecemos uma cole&ccedil;&atilde;o de roupas fitness elegantes e funcionais. Aqui, voc&ecirc; encontrar&aacute; roupas de treino, leggings, regatas, camisetas, shorts e muito mais, todos projetados para oferecer conforto e estilo durante suas atividades f&iacute;sicas. Nossas roupas s&atilde;o feitas com materiais de alta qualidade, dur&aacute;veis e respir&aacute;veis, para que voc&ecirc; possa se exercitar com confian&ccedil;a e estilo.  E para aqueles que buscam conveni&ecirc;ncia e uma alimenta&ccedil;&atilde;o saud&aacute;vel, temos uma sele&ccedil;&atilde;o de marmitas prontas para consumo. Nossas refei&ccedil;&otilde;es s&atilde;o cuidadosamente preparadas por chefs especializados em nutri&ccedil;&atilde;o, garantindo uma combina&ccedil;&atilde;o equilibrada de prote&iacute;nas, carboidratos e vegetais frescos. Com op&ccedil;&otilde;es vegetarianas, veganas e com restri&ccedil;&otilde;es alimentares, temos a solu&ccedil;&atilde;o perfeita para atender &agrave;s suas necessidades alimentares.  Em nossa loja online, a experi&ecirc;ncia de compra &eacute; f&aacute;cil e segura. Navegue por nossas categorias, leia as descri&ccedil;&otilde;es detalhadas dos produtos e veja as avalia&ccedil;&otilde;es de clientes satisfeitos. Com apenas alguns cliques, voc&ecirc; poder&aacute; adquirir todos os itens de que precisa para apoiar seu estilo de vida saud&aacute;vel.\",\"publisher\":{\"@id\":\"https:\\\/\\\/magloirevita.com\\\/rhinobodybuilders\\\/#organization\"},\"potentialAction\":[{\"@type\":\"SearchAction\",\"target\":{\"@type\":\"EntryPoint\",\"urlTemplate\":\"https:\\\/\\\/magloirevita.com\\\/rhinobodybuilders\\\/?s={search_term_string}\"},\"query-input\":{\"@type\":\"PropertyValueSpecification\",\"valueRequired\":true,\"valueName\":\"search_term_string\"}}],\"inLanguage\":\"pt-BR\"},{\"@type\":\"Organization\",\"@id\":\"https:\\\/\\\/magloirevita.com\\\/rhinobodybuilders\\\/#organization\",\"name\":\"Loja dos suplementos\",\"url\":\"https:\\\/\\\/magloirevita.com\\\/rhinobodybuilders\\\/\",\"logo\":{\"@type\":\"ImageObject\",\"inLanguage\":\"pt-BR\",\"@id\":\"https:\\\/\\\/magloirevita.com\\\/rhinobodybuilders\\\/#\\\/schema\\\/logo\\\/image\\\/\",\"url\":\"https:\\\/\\\/magloirevita.com\\\/rhinobodybuilders\\\/wp-content\\\/uploads\\\/2023\\\/07\\\/cropped-Design-sem-nome-6-1-2-1.png\",\"contentUrl\":\"https:\\\/\\\/magloirevita.com\\\/rhinobodybuilders\\\/wp-content\\\/uploads\\\/2023\\\/07\\\/cropped-Design-sem-nome-6-1-2-1.png\",\"width\":226,\"height\":91,\"caption\":\"Loja dos suplementos\"},\"image\":{\"@id\":\"https:\\\/\\\/magloirevita.com\\\/rhinobodybuilders\\\/#\\\/schema\\\/logo\\\/image\\\/\"}}]}<\/script>\n<!-- \/ Yoast SEO plugin. -->","yoast_head_json":{"title":"Intra Amino Sport Adaptogen 9 Aminos Bcaa E Eaas 198g - Rhino Suplementos","robots":{"index":"index","follow":"follow","max-snippet":"max-snippet:-1","max-image-preview":"max-image-preview:large","max-video-preview":"max-video-preview:-1"},"canonical":"https:\/\/magloirevita.com\/rhinobodybuilders\/produto\/intra-amino-sport-adaptogen-9-aminos-bcaa-e-eaas-198g\/","og_locale":"pt_BR","og_type":"article","og_title":"Intra Amino Sport Adaptogen 9 Aminos Bcaa E Eaas 198g - Rhino Suplementos","og_description":"Intra Amino Sport Adaptogen 9 Aminos Bcaa E Eaas 198g:INFORMA\u00c7\u00c3O NUTRICIONAL Intra Amino &#8211; Suplemento alimentar em p\u00f3 INGREDIENTES Leucina, Isoleucina, valina, Cloridrato de Lisina, Metionina, Treonina, Fenilalanina, Histidina, L-Triptofano, Citrato de magn\u00e9sio, Citrato de s\u00f3dio, regulador de acidez, citrato de pot\u00e1ssio, aroma id\u00eantico ao natural, acidulante \u00e1cido c\u00edtrico e edulcorante, sucralose. N\u00c3O CONT\u00c9M GLUT\u00c9N...","og_url":"https:\/\/magloirevita.com\/rhinobodybuilders\/produto\/intra-amino-sport-adaptogen-9-aminos-bcaa-e-eaas-198g\/","og_site_name":"Rhino Suplementos","article_modified_time":"2023-10-28T03:40:15+00:00","og_image":[{"width":508,"height":508,"url":"https:\/\/magloirevita.com\/rhinobodybuilders\/wp-content\/uploads\/2020\/10\/Intra-amino-1.png","type":"image\/png"}],"twitter_card":"summary_large_image","twitter_misc":{"Est. tempo de leitura":"2 minutos"},"schema":{"@context":"https:\/\/schema.org","@graph":[{"@type":"WebPage","@id":"https:\/\/magloirevita.com\/rhinobodybuilders\/produto\/intra-amino-sport-adaptogen-9-aminos-bcaa-e-eaas-198g\/","url":"https:\/\/magloirevita.com\/rhinobodybuilders\/produto\/intra-amino-sport-adaptogen-9-aminos-bcaa-e-eaas-198g\/","name":"Intra Amino Sport Adaptogen 9 Aminos Bcaa E Eaas 198g - Rhino Suplementos","isPartOf":{"@id":"https:\/\/magloirevita.com\/rhinobodybuilders\/#website"},"primaryImageOfPage":{"@id":"https:\/\/magloirevita.com\/rhinobodybuilders\/produto\/intra-amino-sport-adaptogen-9-aminos-bcaa-e-eaas-198g\/#primaryimage"},"image":{"@id":"https:\/\/magloirevita.com\/rhinobodybuilders\/produto\/intra-amino-sport-adaptogen-9-aminos-bcaa-e-eaas-198g\/#primaryimage"},"thumbnailUrl":"https:\/\/magloirevita.com\/rhinobodybuilders\/wp-content\/uploads\/2020\/10\/Intra-amino-1.png","datePublished":"2023-10-28T03:32:46+00:00","dateModified":"2023-10-28T03:40:15+00:00","breadcrumb":{"@id":"https:\/\/magloirevita.com\/rhinobodybuilders\/produto\/intra-amino-sport-adaptogen-9-aminos-bcaa-e-eaas-198g\/#breadcrumb"},"inLanguage":"pt-BR","potentialAction":[{"@type":"ReadAction","target":["https:\/\/magloirevita.com\/rhinobodybuilders\/produto\/intra-amino-sport-adaptogen-9-aminos-bcaa-e-eaas-198g\/"]}]},{"@type":"ImageObject","inLanguage":"pt-BR","@id":"https:\/\/magloirevita.com\/rhinobodybuilders\/produto\/intra-amino-sport-adaptogen-9-aminos-bcaa-e-eaas-198g\/#primaryimage","url":"https:\/\/magloirevita.com\/rhinobodybuilders\/wp-content\/uploads\/2020\/10\/Intra-amino-1.png","contentUrl":"https:\/\/magloirevita.com\/rhinobodybuilders\/wp-content\/uploads\/2020\/10\/Intra-amino-1.png","width":508,"height":508},{"@type":"BreadcrumbList","@id":"https:\/\/magloirevita.com\/rhinobodybuilders\/produto\/intra-amino-sport-adaptogen-9-aminos-bcaa-e-eaas-198g\/#breadcrumb","itemListElement":[{"@type":"ListItem","position":1,"name":"In\u00edcio","item":"https:\/\/magloirevita.com\/rhinobodybuilders\/"},{"@type":"ListItem","position":2,"name":"Loja","item":"https:\/\/magloirevita.com\/rhinobodybuilders\/loja\/"},{"@type":"ListItem","position":3,"name":"Intra Amino Sport Adaptogen 9 Aminos Bcaa E Eaas 198g"}]},{"@type":"WebSite","@id":"https:\/\/magloirevita.com\/rhinobodybuilders\/#website","url":"https:\/\/magloirevita.com\/rhinobodybuilders\/","name":"Rhinobodybuilders","description":"Bem-vindo o Rhino Body Builders nossa loja online completa para um estilo de vida saud&aacute;vel e ativo! Aqui voc&ecirc; encontrar&aacute; uma variedade de produtos que atendem &agrave;s suas necessidades de suplementa&ccedil;&atilde;o, roupas fitness e refei&ccedil;&otilde;es prontas, tudo dispon&iacute;vel para entrega direto em sua casa.  Nossa loja Rinho Body Builders &eacute; um para&iacute;so para os entusiastas da sa&uacute;de e do condicionamento f&iacute;sico. Oferecemos uma ampla sele&ccedil;&atilde;o de suplementos nutricionais de alta qualidade, desde prote&iacute;nas em p&oacute; e barras energ&eacute;ticas at&eacute; vitaminas e minerais essenciais. Trabalhamos apenas com marcas confi&aacute;veis e renomadas, garantindo que voc&ecirc; tenha acesso aos melhores produtos do mercado para melhorar seu desempenho, promover a recupera&ccedil;&atilde;o e alcan&ccedil;ar seus objetivos.  Al&eacute;m dos suplementos, tamb&eacute;m oferecemos uma cole&ccedil;&atilde;o de roupas fitness elegantes e funcionais. Aqui, voc&ecirc; encontrar&aacute; roupas de treino, leggings, regatas, camisetas, shorts e muito mais, todos projetados para oferecer conforto e estilo durante suas atividades f&iacute;sicas. Nossas roupas s&atilde;o feitas com materiais de alta qualidade, dur&aacute;veis e respir&aacute;veis, para que voc&ecirc; possa se exercitar com confian&ccedil;a e estilo.  E para aqueles que buscam conveni&ecirc;ncia e uma alimenta&ccedil;&atilde;o saud&aacute;vel, temos uma sele&ccedil;&atilde;o de marmitas prontas para consumo. Nossas refei&ccedil;&otilde;es s&atilde;o cuidadosamente preparadas por chefs especializados em nutri&ccedil;&atilde;o, garantindo uma combina&ccedil;&atilde;o equilibrada de prote&iacute;nas, carboidratos e vegetais frescos. Com op&ccedil;&otilde;es vegetarianas, veganas e com restri&ccedil;&otilde;es alimentares, temos a solu&ccedil;&atilde;o perfeita para atender &agrave;s suas necessidades alimentares.  Em nossa loja online, a experi&ecirc;ncia de compra &eacute; f&aacute;cil e segura. Navegue por nossas categorias, leia as descri&ccedil;&otilde;es detalhadas dos produtos e veja as avalia&ccedil;&otilde;es de clientes satisfeitos. Com apenas alguns cliques, voc&ecirc; poder&aacute; adquirir todos os itens de que precisa para apoiar seu estilo de vida saud&aacute;vel.","publisher":{"@id":"https:\/\/magloirevita.com\/rhinobodybuilders\/#organization"},"potentialAction":[{"@type":"SearchAction","target":{"@type":"EntryPoint","urlTemplate":"https:\/\/magloirevita.com\/rhinobodybuilders\/?s={search_term_string}"},"query-input":{"@type":"PropertyValueSpecification","valueRequired":true,"valueName":"search_term_string"}}],"inLanguage":"pt-BR"},{"@type":"Organization","@id":"https:\/\/magloirevita.com\/rhinobodybuilders\/#organization","name":"Loja dos suplementos","url":"https:\/\/magloirevita.com\/rhinobodybuilders\/","logo":{"@type":"ImageObject","inLanguage":"pt-BR","@id":"https:\/\/magloirevita.com\/rhinobodybuilders\/#\/schema\/logo\/image\/","url":"https:\/\/magloirevita.com\/rhinobodybuilders\/wp-content\/uploads\/2023\/07\/cropped-Design-sem-nome-6-1-2-1.png","contentUrl":"https:\/\/magloirevita.com\/rhinobodybuilders\/wp-content\/uploads\/2023\/07\/cropped-Design-sem-nome-6-1-2-1.png","width":226,"height":91,"caption":"Loja dos suplementos"},"image":{"@id":"https:\/\/magloirevita.com\/rhinobodybuilders\/#\/schema\/logo\/image\/"}}]}},"_links":{"self":[{"href":"https:\/\/magloirevita.com\/rhinobodybuilders\/wp-json\/wp\/v2\/product\/2285","targetHints":{"allow":["GET"]}}],"collection":[{"href":"https:\/\/magloirevita.com\/rhinobodybuilders\/wp-json\/wp\/v2\/product"}],"about":[{"href":"https:\/\/magloirevita.com\/rhinobodybuilders\/wp-json\/wp\/v2\/types\/product"}],"replies":[{"embeddable":true,"href":"https:\/\/magloirevita.com\/rhinobodybuilders\/wp-json\/wp\/v2\/comments?post=2285"}],"wp:featuredmedia":[{"embeddable":true,"href":"https:\/\/magloirevita.com\/rhinobodybuilders\/wp-json\/wp\/v2\/media\/1842"}],"wp:attachment":[{"href":"https:\/\/magloirevita.com\/rhinobodybuilders\/wp-json\/wp\/v2\/media?parent=2285"}],"wp:term":[{"taxonomy":"product_brand","embeddable":true,"href":"https:\/\/magloirevita.com\/rhinobodybuilders\/wp-json\/wp\/v2\/product_brand?post=2285"},{"taxonomy":"product_cat","embeddable":true,"href":"https:\/\/magloirevita.com\/rhinobodybuilders\/wp-json\/wp\/v2\/product_cat?post=2285"},{"taxonomy":"product_tag","embeddable":true,"href":"https:\/\/magloirevita.com\/rhinobodybuilders\/wp-json\/wp\/v2\/product_tag?post=2285"}],"curies":[{"name":"wp","href":"https:\/\/api.w.org\/{rel}","templated":true}]}}