{"id":2261,"date":"2023-10-27T21:21:28","date_gmt":"2023-10-27T21:21:28","guid":{"rendered":"https:\/\/rhinobodybuiders.com.br\/?post_type=product&#038;p=2261"},"modified":"2023-10-27T21:28:45","modified_gmt":"2023-10-27T21:28:45","slug":"pre-treino-dilapump","status":"publish","type":"product","link":"https:\/\/magloirevita.com\/rhinobodybuilders\/produto\/pre-treino-dilapump\/","title":{"rendered":"Pr\u00e9 Treino Dilapump 300g"},"content":{"rendered":"<ul class=\"ui-vpp-highlighted-specs__features-list\">\n<li class=\"ui-vpp-highlighted-specs__features-list-item ui-pdp-color--BLACK ui-pdp-size--XSMALL ui-pdp-family--REGULAR\">O que \u00e9 Pr\u00e9 Treino Dila Pump:\n<p>O Dila Pump tem uma f\u00f3rmula inovadora no Brasil, livre de estimulantes (sem cafe\u00edna), isto significa que \u00e9 um pr\u00e9-treino que pode ser tomado a noite e n\u00e3o vai atrapalhar o sono ou causar algum efeito colateral em pessoas hipertensas ou com sensibilidade a cafe\u00edna.<\/p>\n<p>Com uma combina\u00e7\u00e3o \u00fanica de Arginina, Beta-alanina, BCAA\u2019s, Taurina, Glicerol em p\u00f3 e outros amino\u00e1cidos. Ingredientes clinicamente dosados e cientificamente comprovados que maximizam o desempenho no treino, reduz a fadiga, aumenta a for\u00e7a e a energia, melhorando tamb\u00e9m a performance durante o treino e auxiliando na recupera\u00e7\u00e3o p\u00f3s-treino. Este produto foi desenvolvido por cientistas e atletas ap\u00f3s muitos estudo pr\u00e1ticos e te\u00f3ricos.<\/p>\n<p>Mais do que isso, por sua composi\u00e7\u00e3o, o Dilapump tamb\u00e9m te auxilia a ter um maior foco em qualquer atividade e fornece nutrientes capazes de atuar na repara\u00e7\u00e3o ao dano tecidual, o que significa que ele pode ser usado tamb\u00e9m no p\u00f3s-treino, contribuindo para o processo de hipertrofia.<\/p>\n<p>Indicado para treinos em que se deseja maior performance, energia, vasodilata\u00e7\u00e3o e for\u00e7a para treinar. Al\u00e9m de auxiliar na r\u00e1pida recupera\u00e7\u00e3o muscular.<\/p>\n<p>2 &#8211; Quais s\u00e3o os principaos benef\u00edcios:<\/p>\n<p>&#8211; Aumente Sua Performance: Desenvolva mais for\u00e7a e resist\u00eancia em seus treinos.<br \/>\nIngredientes de alta qualidade trabalham em sinergia para otimizar sua performance.<\/p>\n<p>&#8211; Recupera\u00e7\u00e3o P\u00f3s-Treino Aprimorada: Rica em amino\u00e1cidos essenciais que aceleram a recupera\u00e7\u00e3o muscular.<br \/>\nMais r\u00e1pido retorno aos treinos e crescimento muscular.<\/p>\n<p>&#8211; Ideal para quem \u00e9 sens\u00edvel ou intolerante \u00e0 cafe\u00edna.<\/p>\n<p>&#8211; Mant\u00e9m seu n\u00edvel de energia e m\u00e1xima performance sem os efeitos colaterais da cafe\u00edna.<\/p>\n<p>&#8211; Rico em amino\u00e1cidos Essenciais:<\/p>\n<p>&#8211; Treinos Noturnos Poderosos:<\/p>\n<p>Se voc\u00ea treina \u00e0 noite, Dila Pump \u00e9 o pr\u00e9-treino ideal para manter seu desempenho em alta, sem afetar o sono.<br \/>\nSensibilidade ou Intoler\u00e2ncia \u00e0 Cafe\u00edna:<\/p>\n<p>3 &#8211; Qualidade Comprovada:<\/p>\n<p>&#8211; Produzido com rigorosos padr\u00f5es de qualidade.<\/p>\n<p>&#8211; Ingredientes testados e comprovados para resultados excepcionais.<\/p>\n<p>&#8211; Produzido com rigorosos padr\u00f5es de qualidade.<\/p>\n<p>&#8211; Ingredientes testados e comprovados para resultados excepcionais.<\/p>\n<p>&#8211; In\u00fameras avalia\u00e7\u00f5es 5 estrelas de clientes satisfeitos.<\/p>\n<p>4 &#8211; Quais s\u00e3o os ingredientes da f\u00f3rmula:<\/p>\n<p>&#8211; Beta Alanina:<\/p>\n<p>A Beta Alanina \u00e9 um amino\u00e1cido que ajuda a reduzir a fadiga muscular durante o exerc\u00edcio intenso.<\/p>\n<p>Ela atua aumentando os n\u00edveis de carnosina nos m\u00fasculos, o que pode atrasar a sensa\u00e7\u00e3o de queima\u00e7\u00e3o e a fadiga durante o treino.<\/p>\n<p>&#8211; Arginina:<\/p>\n<p>A Arginina \u00e9 um amino\u00e1cido que desempenha um papel importante na produ\u00e7\u00e3o de \u00f3xido n\u00edtrico, um vasodilatador.<\/p>\n<p>Isso pode ajudar a aumentar o fluxo sangu\u00edneo para os m\u00fasculos, melhorando a entrega de nutrientes e oxig\u00eanio, o que pode aumentar a resist\u00eancia e a performance.<\/p>\n<p>&#8211; Taurina:<\/p>\n<p>A Taurina \u00e9 um amino\u00e1cido que pode ajudar a melhorar o foco mental e a concentra\u00e7\u00e3o durante o treino.<br \/>\nTamb\u00e9m pode ter efeitos antioxidantes e desempenhar um papel na regula\u00e7\u00e3o dos n\u00edveis de eletr\u00f3litos.<\/p>\n<p>&#8211; Isoleucina, Leucina e Valina (BCAAs &#8211; Amino\u00e1cidos de Cadeia Ramificada):<\/p>\n<p>Esses tr\u00eas amino\u00e1cidos s\u00e3o conhecidos como BCAAs e s\u00e3o essenciais para a s\u00edntese de prote\u00ednas e recupera\u00e7\u00e3o muscular.<br \/>\nEles podem ajudar a reduzir a fadiga muscular, melhorar a resist\u00eancia e apoiar a recupera\u00e7\u00e3o p\u00f3s-treino.<\/p>\n<p>&#8211; Glicerol:<\/p>\n<p>O Glicerol \u00e9 frequentemente utilizado para melhorar a hidrata\u00e7\u00e3o e a reten\u00e7\u00e3o de \u00e1gua intracelular.<br \/>\nIsso pode levar a uma maior plenitude muscular e resist\u00eancia, ajudando voc\u00ea a treinar mais intensamente.<\/p>\n<p>&#8211; Tirosina:<\/p>\n<p>A Tirosina \u00e9 um amino\u00e1cido precursor de neurotransmissores como a dopamina e a noradrenalina.<br \/>\nPode ajudar a melhorar o foco, a concentra\u00e7\u00e3o e<\/p>\n<p>5 &#8211; Benef\u00edcios da F\u00f3rmula sem Cafe\u00edna:<\/p>\n<p>Evita Estimula\u00e7\u00e3o Excessiva: A aus\u00eancia de cafe\u00edna em uma f\u00f3rmula pr\u00e9-treino pode ser ben\u00e9fica para pessoas que s\u00e3o sens\u00edveis \u00e0 cafe\u00edna ou que desejam evitar a estimula\u00e7\u00e3o excessiva. Isso significa que voc\u00ea pode desfrutar dos benef\u00edcios de um pr\u00e9-treino sem os efeitos colaterais associados \u00e0 cafe\u00edna, como nervosismo, ansiedade e ins\u00f4nia.<\/p>\n<p>Treinos Noturnos: Para aqueles que preferem treinar \u00e0 noite, um pr\u00e9-treino sem cafe\u00edna \u00e9 uma escolha inteligente, pois n\u00e3o interfere no sono. A cafe\u00edna pode afetar negativamente a qualidade do sono, tornando os treinos noturnos uma op\u00e7\u00e3o mais vi\u00e1vel.<\/p>\n<p>Menos Depend\u00eancia: Ao optar por um pr\u00e9-treino sem cafe\u00edna, voc\u00ea n\u00e3o corre o risco de desenvolver uma depend\u00eancia ou toler\u00e2ncia \u00e0 cafe\u00edna. Isso significa que o produto continuar\u00e1 eficaz ao longo do tempo, sem a necessidade de aumentar as doses.<\/p>\n<p>6 &#8211; Malef\u00edcios da Cafe\u00edna:<\/p>\n<p>Ins\u00f4nia: A cafe\u00edna \u00e9 conhecida por afetar negativamente o sono. O consumo excessivo de cafe\u00edna, especialmente \u00e0 tarde ou \u00e0 noite, pode levar \u00e0 ins\u00f4nia, dificultando a obten\u00e7\u00e3o de um descanso adequado.<\/p>\n<p>Nervosismo e Ansiedade: A cafe\u00edna \u00e9 um estimulante do sistema nervoso central, e o consumo excessivo pode causar nervosismo, ansiedade e at\u00e9 mesmo ataques de p\u00e2nico em algumas pessoas sens\u00edveis.<\/p>\n<p>Taquicardia e Press\u00e3o Arterial Elevada: A cafe\u00edna pode aumentar temporariamente a frequ\u00eancia card\u00edaca e a press\u00e3o arterial, o que pode ser problem\u00e1tico para pessoas com problemas card\u00edacos ou press\u00e3o alta.<\/p>\n<p>Crashes de Energia: Ap\u00f3s o pico de energia proporcionado pela cafe\u00edna, muitas pessoas experimentam uma queda de energia, o que pode levar \u00e0 fadiga e \u00e0 necessidade de consumir mais cafe\u00edna para manter a energia.<\/p>\n<p>Depend\u00eancia: O consumo regular de cafe\u00edna pode levar \u00e0 depend\u00eancia, o que significa que o corpo se acostuma com ela e exige mais para obter os mesmos efeitos. Isso pode levar a uma escalada do consumo.<\/p>\n<p>Desidrata\u00e7\u00e3o: A cafe\u00edna tem propriedades diur\u00e9ticas, o que significa que pode aumentar a frequ\u00eancia urin\u00e1ria e potencialmente levar \u00e0 desidrata\u00e7\u00e3o se n\u00e3o houver uma ingest\u00e3o adequada de \u00e1gua.<\/p>\n<p>7 &#8211; Destaques:<\/p>\n<p>&#8211; Maior intensidade de treino;<br \/>\n&#8211; Reparo ao dano tecidual;<br \/>\n&#8211; Melhora o foco;<br \/>\n&#8211; Aumento da resist\u00eancia durante seus treinamentos;<br \/>\n&#8211; Redu\u00e7\u00e3o da fadiga;<br \/>\n&#8211; Mais for\u00e7a e vasculariza\u00e7\u00e3o durante o treino;<br \/>\n&#8211; Melhora da performance e aux\u00edlio na recupera\u00e7\u00e3o do p\u00f3s-treino. A<br \/>\n&#8211; Antes e depois do treino para ajudar a carregar os nutrientes para dentro da sua musculatura.<\/p>\n<p>8 &#8211; Ingredientes:<\/p>\n<p>Beta alanina, Arginina, Taurina, Glicerol em p\u00f3, Leucina, Isoleucina, Valisa, Tirosina, Maltodextrina, Aroma identico ao natural, \u00c1cido c\u00edtrico, Edulcorante sucralose, corante amarelo 5 e 6.<\/p>\n<p>N\u00c3O CONT\u00c9M GL\u00daTEN.<\/p>\n<p>9 &#8211; Instru\u00e7\u00f5es de uso:<\/p>\n<p>1. Diluir 1.5g (1\/4 dosador) em 40ml de \u00e1gua gelada.<br \/>\n2. Misturar 10.6g (2 dosadores) a 260ml de \u00e1gua gelada e tomar fracionado em pequenas por\u00e7\u00f5es de at\u00e9 40Ml a cada duas horas.<\/p>\n<p>10 &#8211; ADVERT\u00caNCIAS<br \/>\n\u201cEste produto n\u00e3o \u00e9 um medicamento\u201d<br \/>\n\u201cGuarde ao abrigo do sol\u201d \u201cMantenha fora do alcance de crian\u00e7as\u201d<br \/>\n\u201cN\u00e3o exceder a recomenda\u00e7\u00e3o di\u00e1ria de consumo indicada na embalagem\u201d.<\/li>\n<\/ul>\n","protected":false},"excerpt":{"rendered":"<p>O que \u00e9 Pr\u00e9 Treino Dila Pump: O Dila Pump tem uma f\u00f3rmula inovadora no Brasil, livre de estimulantes (sem cafe\u00edna), isto significa que \u00e9 um pr\u00e9-treino que pode ser tomado a noite e n\u00e3o vai atrapalhar o sono ou causar algum efeito colateral em pessoas hipertensas ou com sensibilidade a cafe\u00edna. Com uma combina\u00e7\u00e3o&#8230;<\/p>\n","protected":false},"featured_media":1819,"comment_status":"open","ping_status":"closed","template":"","meta":{"_kadence_starter_templates_imported_post":true,"_kad_post_transparent":"default","_kad_post_title":"","_kad_post_layout":"default","_kad_post_sidebar_id":"","_kad_post_content_style":"default","_kad_post_vertical_padding":"default","_kad_post_feature":"","_kad_post_feature_position":"","_kad_post_header":false,"_kad_post_footer":false,"_kad_post_classname":""},"product_brand":[],"product_cat":[15],"product_tag":[97,45],"class_list":{"0":"post-2261","1":"product","2":"type-product","3":"status-publish","4":"has-post-thumbnail","6":"product_cat-pre-treino","7":"product_tag-dilapump","8":"product_tag-pre-treino","10":"first","11":"instock","12":"featured","13":"shipping-taxable","14":"purchasable","15":"product-type-simple","16":"entry","17":"content-bg","18":"loop-entry"},"yoast_head":"<!-- This site is optimized with the Yoast SEO plugin v27.4 - https:\/\/yoast.com\/product\/yoast-seo-wordpress\/ -->\n<title>Pr\u00e9 Treino Dilapump 300g - Rhino Suplementos<\/title>\n<meta name=\"robots\" content=\"index, follow, max-snippet:-1, max-image-preview:large, max-video-preview:-1\" \/>\n<link rel=\"canonical\" href=\"https:\/\/magloirevita.com\/rhinobodybuilders\/produto\/pre-treino-dilapump\/\" \/>\n<meta property=\"og:locale\" content=\"pt_BR\" \/>\n<meta property=\"og:type\" content=\"article\" \/>\n<meta property=\"og:title\" content=\"Pr\u00e9 Treino Dilapump 300g - Rhino Suplementos\" \/>\n<meta property=\"og:description\" content=\"O que \u00e9 Pr\u00e9 Treino Dila Pump: O Dila Pump tem uma f\u00f3rmula inovadora no Brasil, livre de estimulantes (sem cafe\u00edna), isto significa que \u00e9 um pr\u00e9-treino que pode ser tomado a noite e n\u00e3o vai atrapalhar o sono ou causar algum efeito colateral em pessoas hipertensas ou com sensibilidade a cafe\u00edna. Com uma combina\u00e7\u00e3o...\" \/>\n<meta property=\"og:url\" content=\"https:\/\/magloirevita.com\/rhinobodybuilders\/produto\/pre-treino-dilapump\/\" \/>\n<meta property=\"og:site_name\" content=\"Rhino Suplementos\" \/>\n<meta property=\"article:modified_time\" content=\"2023-10-27T21:28:45+00:00\" \/>\n<meta property=\"og:image\" content=\"https:\/\/magloirevita.com\/rhinobodybuilders\/wp-content\/uploads\/2020\/10\/DILAPUMP-2.png\" \/>\n\t<meta property=\"og:image:width\" content=\"508\" \/>\n\t<meta property=\"og:image:height\" content=\"508\" \/>\n\t<meta property=\"og:image:type\" content=\"image\/png\" \/>\n<meta name=\"twitter:card\" content=\"summary_large_image\" \/>\n<meta name=\"twitter:label1\" content=\"Est. tempo de leitura\" \/>\n\t<meta name=\"twitter:data1\" content=\"6 minutos\" \/>\n<script type=\"application\/ld+json\" class=\"yoast-schema-graph\">{\"@context\":\"https:\\\/\\\/schema.org\",\"@graph\":[{\"@type\":\"WebPage\",\"@id\":\"https:\\\/\\\/magloirevita.com\\\/rhinobodybuilders\\\/produto\\\/pre-treino-dilapump\\\/\",\"url\":\"https:\\\/\\\/magloirevita.com\\\/rhinobodybuilders\\\/produto\\\/pre-treino-dilapump\\\/\",\"name\":\"Pr\u00e9 Treino Dilapump 300g - Rhino Suplementos\",\"isPartOf\":{\"@id\":\"https:\\\/\\\/magloirevita.com\\\/rhinobodybuilders\\\/#website\"},\"primaryImageOfPage\":{\"@id\":\"https:\\\/\\\/magloirevita.com\\\/rhinobodybuilders\\\/produto\\\/pre-treino-dilapump\\\/#primaryimage\"},\"image\":{\"@id\":\"https:\\\/\\\/magloirevita.com\\\/rhinobodybuilders\\\/produto\\\/pre-treino-dilapump\\\/#primaryimage\"},\"thumbnailUrl\":\"https:\\\/\\\/magloirevita.com\\\/rhinobodybuilders\\\/wp-content\\\/uploads\\\/2020\\\/10\\\/DILAPUMP-2.png\",\"datePublished\":\"2023-10-27T21:21:28+00:00\",\"dateModified\":\"2023-10-27T21:28:45+00:00\",\"breadcrumb\":{\"@id\":\"https:\\\/\\\/magloirevita.com\\\/rhinobodybuilders\\\/produto\\\/pre-treino-dilapump\\\/#breadcrumb\"},\"inLanguage\":\"pt-BR\",\"potentialAction\":[{\"@type\":\"ReadAction\",\"target\":[\"https:\\\/\\\/magloirevita.com\\\/rhinobodybuilders\\\/produto\\\/pre-treino-dilapump\\\/\"]}]},{\"@type\":\"ImageObject\",\"inLanguage\":\"pt-BR\",\"@id\":\"https:\\\/\\\/magloirevita.com\\\/rhinobodybuilders\\\/produto\\\/pre-treino-dilapump\\\/#primaryimage\",\"url\":\"https:\\\/\\\/magloirevita.com\\\/rhinobodybuilders\\\/wp-content\\\/uploads\\\/2020\\\/10\\\/DILAPUMP-2.png\",\"contentUrl\":\"https:\\\/\\\/magloirevita.com\\\/rhinobodybuilders\\\/wp-content\\\/uploads\\\/2020\\\/10\\\/DILAPUMP-2.png\",\"width\":508,\"height\":508},{\"@type\":\"BreadcrumbList\",\"@id\":\"https:\\\/\\\/magloirevita.com\\\/rhinobodybuilders\\\/produto\\\/pre-treino-dilapump\\\/#breadcrumb\",\"itemListElement\":[{\"@type\":\"ListItem\",\"position\":1,\"name\":\"In\u00edcio\",\"item\":\"https:\\\/\\\/magloirevita.com\\\/rhinobodybuilders\\\/\"},{\"@type\":\"ListItem\",\"position\":2,\"name\":\"Loja\",\"item\":\"https:\\\/\\\/magloirevita.com\\\/rhinobodybuilders\\\/loja\\\/\"},{\"@type\":\"ListItem\",\"position\":3,\"name\":\"Pr\u00e9 Treino Dilapump 300g\"}]},{\"@type\":\"WebSite\",\"@id\":\"https:\\\/\\\/magloirevita.com\\\/rhinobodybuilders\\\/#website\",\"url\":\"https:\\\/\\\/magloirevita.com\\\/rhinobodybuilders\\\/\",\"name\":\"Rhinobodybuilders\",\"description\":\"Bem-vindo o Rhino Body Builders nossa loja online completa para um estilo de vida saud&aacute;vel e ativo! Aqui voc&ecirc; encontrar&aacute; uma variedade de produtos que atendem &agrave;s suas necessidades de suplementa&ccedil;&atilde;o, roupas fitness e refei&ccedil;&otilde;es prontas, tudo dispon&iacute;vel para entrega direto em sua casa.  Nossa loja Rinho Body Builders &eacute; um para&iacute;so para os entusiastas da sa&uacute;de e do condicionamento f&iacute;sico. Oferecemos uma ampla sele&ccedil;&atilde;o de suplementos nutricionais de alta qualidade, desde prote&iacute;nas em p&oacute; e barras energ&eacute;ticas at&eacute; vitaminas e minerais essenciais. Trabalhamos apenas com marcas confi&aacute;veis e renomadas, garantindo que voc&ecirc; tenha acesso aos melhores produtos do mercado para melhorar seu desempenho, promover a recupera&ccedil;&atilde;o e alcan&ccedil;ar seus objetivos.  Al&eacute;m dos suplementos, tamb&eacute;m oferecemos uma cole&ccedil;&atilde;o de roupas fitness elegantes e funcionais. Aqui, voc&ecirc; encontrar&aacute; roupas de treino, leggings, regatas, camisetas, shorts e muito mais, todos projetados para oferecer conforto e estilo durante suas atividades f&iacute;sicas. Nossas roupas s&atilde;o feitas com materiais de alta qualidade, dur&aacute;veis e respir&aacute;veis, para que voc&ecirc; possa se exercitar com confian&ccedil;a e estilo.  E para aqueles que buscam conveni&ecirc;ncia e uma alimenta&ccedil;&atilde;o saud&aacute;vel, temos uma sele&ccedil;&atilde;o de marmitas prontas para consumo. Nossas refei&ccedil;&otilde;es s&atilde;o cuidadosamente preparadas por chefs especializados em nutri&ccedil;&atilde;o, garantindo uma combina&ccedil;&atilde;o equilibrada de prote&iacute;nas, carboidratos e vegetais frescos. Com op&ccedil;&otilde;es vegetarianas, veganas e com restri&ccedil;&otilde;es alimentares, temos a solu&ccedil;&atilde;o perfeita para atender &agrave;s suas necessidades alimentares.  Em nossa loja online, a experi&ecirc;ncia de compra &eacute; f&aacute;cil e segura. Navegue por nossas categorias, leia as descri&ccedil;&otilde;es detalhadas dos produtos e veja as avalia&ccedil;&otilde;es de clientes satisfeitos. Com apenas alguns cliques, voc&ecirc; poder&aacute; adquirir todos os itens de que precisa para apoiar seu estilo de vida saud&aacute;vel.\",\"publisher\":{\"@id\":\"https:\\\/\\\/magloirevita.com\\\/rhinobodybuilders\\\/#organization\"},\"potentialAction\":[{\"@type\":\"SearchAction\",\"target\":{\"@type\":\"EntryPoint\",\"urlTemplate\":\"https:\\\/\\\/magloirevita.com\\\/rhinobodybuilders\\\/?s={search_term_string}\"},\"query-input\":{\"@type\":\"PropertyValueSpecification\",\"valueRequired\":true,\"valueName\":\"search_term_string\"}}],\"inLanguage\":\"pt-BR\"},{\"@type\":\"Organization\",\"@id\":\"https:\\\/\\\/magloirevita.com\\\/rhinobodybuilders\\\/#organization\",\"name\":\"Loja dos suplementos\",\"url\":\"https:\\\/\\\/magloirevita.com\\\/rhinobodybuilders\\\/\",\"logo\":{\"@type\":\"ImageObject\",\"inLanguage\":\"pt-BR\",\"@id\":\"https:\\\/\\\/magloirevita.com\\\/rhinobodybuilders\\\/#\\\/schema\\\/logo\\\/image\\\/\",\"url\":\"https:\\\/\\\/magloirevita.com\\\/rhinobodybuilders\\\/wp-content\\\/uploads\\\/2023\\\/07\\\/cropped-Design-sem-nome-6-1-2-1.png\",\"contentUrl\":\"https:\\\/\\\/magloirevita.com\\\/rhinobodybuilders\\\/wp-content\\\/uploads\\\/2023\\\/07\\\/cropped-Design-sem-nome-6-1-2-1.png\",\"width\":226,\"height\":91,\"caption\":\"Loja dos suplementos\"},\"image\":{\"@id\":\"https:\\\/\\\/magloirevita.com\\\/rhinobodybuilders\\\/#\\\/schema\\\/logo\\\/image\\\/\"}}]}<\/script>\n<!-- \/ Yoast SEO plugin. -->","yoast_head_json":{"title":"Pr\u00e9 Treino Dilapump 300g - Rhino Suplementos","robots":{"index":"index","follow":"follow","max-snippet":"max-snippet:-1","max-image-preview":"max-image-preview:large","max-video-preview":"max-video-preview:-1"},"canonical":"https:\/\/magloirevita.com\/rhinobodybuilders\/produto\/pre-treino-dilapump\/","og_locale":"pt_BR","og_type":"article","og_title":"Pr\u00e9 Treino Dilapump 300g - Rhino Suplementos","og_description":"O que \u00e9 Pr\u00e9 Treino Dila Pump: O Dila Pump tem uma f\u00f3rmula inovadora no Brasil, livre de estimulantes (sem cafe\u00edna), isto significa que \u00e9 um pr\u00e9-treino que pode ser tomado a noite e n\u00e3o vai atrapalhar o sono ou causar algum efeito colateral em pessoas hipertensas ou com sensibilidade a cafe\u00edna. Com uma combina\u00e7\u00e3o...","og_url":"https:\/\/magloirevita.com\/rhinobodybuilders\/produto\/pre-treino-dilapump\/","og_site_name":"Rhino Suplementos","article_modified_time":"2023-10-27T21:28:45+00:00","og_image":[{"width":508,"height":508,"url":"https:\/\/magloirevita.com\/rhinobodybuilders\/wp-content\/uploads\/2020\/10\/DILAPUMP-2.png","type":"image\/png"}],"twitter_card":"summary_large_image","twitter_misc":{"Est. tempo de leitura":"6 minutos"},"schema":{"@context":"https:\/\/schema.org","@graph":[{"@type":"WebPage","@id":"https:\/\/magloirevita.com\/rhinobodybuilders\/produto\/pre-treino-dilapump\/","url":"https:\/\/magloirevita.com\/rhinobodybuilders\/produto\/pre-treino-dilapump\/","name":"Pr\u00e9 Treino Dilapump 300g - Rhino Suplementos","isPartOf":{"@id":"https:\/\/magloirevita.com\/rhinobodybuilders\/#website"},"primaryImageOfPage":{"@id":"https:\/\/magloirevita.com\/rhinobodybuilders\/produto\/pre-treino-dilapump\/#primaryimage"},"image":{"@id":"https:\/\/magloirevita.com\/rhinobodybuilders\/produto\/pre-treino-dilapump\/#primaryimage"},"thumbnailUrl":"https:\/\/magloirevita.com\/rhinobodybuilders\/wp-content\/uploads\/2020\/10\/DILAPUMP-2.png","datePublished":"2023-10-27T21:21:28+00:00","dateModified":"2023-10-27T21:28:45+00:00","breadcrumb":{"@id":"https:\/\/magloirevita.com\/rhinobodybuilders\/produto\/pre-treino-dilapump\/#breadcrumb"},"inLanguage":"pt-BR","potentialAction":[{"@type":"ReadAction","target":["https:\/\/magloirevita.com\/rhinobodybuilders\/produto\/pre-treino-dilapump\/"]}]},{"@type":"ImageObject","inLanguage":"pt-BR","@id":"https:\/\/magloirevita.com\/rhinobodybuilders\/produto\/pre-treino-dilapump\/#primaryimage","url":"https:\/\/magloirevita.com\/rhinobodybuilders\/wp-content\/uploads\/2020\/10\/DILAPUMP-2.png","contentUrl":"https:\/\/magloirevita.com\/rhinobodybuilders\/wp-content\/uploads\/2020\/10\/DILAPUMP-2.png","width":508,"height":508},{"@type":"BreadcrumbList","@id":"https:\/\/magloirevita.com\/rhinobodybuilders\/produto\/pre-treino-dilapump\/#breadcrumb","itemListElement":[{"@type":"ListItem","position":1,"name":"In\u00edcio","item":"https:\/\/magloirevita.com\/rhinobodybuilders\/"},{"@type":"ListItem","position":2,"name":"Loja","item":"https:\/\/magloirevita.com\/rhinobodybuilders\/loja\/"},{"@type":"ListItem","position":3,"name":"Pr\u00e9 Treino Dilapump 300g"}]},{"@type":"WebSite","@id":"https:\/\/magloirevita.com\/rhinobodybuilders\/#website","url":"https:\/\/magloirevita.com\/rhinobodybuilders\/","name":"Rhinobodybuilders","description":"Bem-vindo o Rhino Body Builders nossa loja online completa para um estilo de vida saud&aacute;vel e ativo! Aqui voc&ecirc; encontrar&aacute; uma variedade de produtos que atendem &agrave;s suas necessidades de suplementa&ccedil;&atilde;o, roupas fitness e refei&ccedil;&otilde;es prontas, tudo dispon&iacute;vel para entrega direto em sua casa.  Nossa loja Rinho Body Builders &eacute; um para&iacute;so para os entusiastas da sa&uacute;de e do condicionamento f&iacute;sico. Oferecemos uma ampla sele&ccedil;&atilde;o de suplementos nutricionais de alta qualidade, desde prote&iacute;nas em p&oacute; e barras energ&eacute;ticas at&eacute; vitaminas e minerais essenciais. Trabalhamos apenas com marcas confi&aacute;veis e renomadas, garantindo que voc&ecirc; tenha acesso aos melhores produtos do mercado para melhorar seu desempenho, promover a recupera&ccedil;&atilde;o e alcan&ccedil;ar seus objetivos.  Al&eacute;m dos suplementos, tamb&eacute;m oferecemos uma cole&ccedil;&atilde;o de roupas fitness elegantes e funcionais. Aqui, voc&ecirc; encontrar&aacute; roupas de treino, leggings, regatas, camisetas, shorts e muito mais, todos projetados para oferecer conforto e estilo durante suas atividades f&iacute;sicas. Nossas roupas s&atilde;o feitas com materiais de alta qualidade, dur&aacute;veis e respir&aacute;veis, para que voc&ecirc; possa se exercitar com confian&ccedil;a e estilo.  E para aqueles que buscam conveni&ecirc;ncia e uma alimenta&ccedil;&atilde;o saud&aacute;vel, temos uma sele&ccedil;&atilde;o de marmitas prontas para consumo. Nossas refei&ccedil;&otilde;es s&atilde;o cuidadosamente preparadas por chefs especializados em nutri&ccedil;&atilde;o, garantindo uma combina&ccedil;&atilde;o equilibrada de prote&iacute;nas, carboidratos e vegetais frescos. Com op&ccedil;&otilde;es vegetarianas, veganas e com restri&ccedil;&otilde;es alimentares, temos a solu&ccedil;&atilde;o perfeita para atender &agrave;s suas necessidades alimentares.  Em nossa loja online, a experi&ecirc;ncia de compra &eacute; f&aacute;cil e segura. Navegue por nossas categorias, leia as descri&ccedil;&otilde;es detalhadas dos produtos e veja as avalia&ccedil;&otilde;es de clientes satisfeitos. Com apenas alguns cliques, voc&ecirc; poder&aacute; adquirir todos os itens de que precisa para apoiar seu estilo de vida saud&aacute;vel.","publisher":{"@id":"https:\/\/magloirevita.com\/rhinobodybuilders\/#organization"},"potentialAction":[{"@type":"SearchAction","target":{"@type":"EntryPoint","urlTemplate":"https:\/\/magloirevita.com\/rhinobodybuilders\/?s={search_term_string}"},"query-input":{"@type":"PropertyValueSpecification","valueRequired":true,"valueName":"search_term_string"}}],"inLanguage":"pt-BR"},{"@type":"Organization","@id":"https:\/\/magloirevita.com\/rhinobodybuilders\/#organization","name":"Loja dos suplementos","url":"https:\/\/magloirevita.com\/rhinobodybuilders\/","logo":{"@type":"ImageObject","inLanguage":"pt-BR","@id":"https:\/\/magloirevita.com\/rhinobodybuilders\/#\/schema\/logo\/image\/","url":"https:\/\/magloirevita.com\/rhinobodybuilders\/wp-content\/uploads\/2023\/07\/cropped-Design-sem-nome-6-1-2-1.png","contentUrl":"https:\/\/magloirevita.com\/rhinobodybuilders\/wp-content\/uploads\/2023\/07\/cropped-Design-sem-nome-6-1-2-1.png","width":226,"height":91,"caption":"Loja dos suplementos"},"image":{"@id":"https:\/\/magloirevita.com\/rhinobodybuilders\/#\/schema\/logo\/image\/"}}]}},"_links":{"self":[{"href":"https:\/\/magloirevita.com\/rhinobodybuilders\/wp-json\/wp\/v2\/product\/2261","targetHints":{"allow":["GET"]}}],"collection":[{"href":"https:\/\/magloirevita.com\/rhinobodybuilders\/wp-json\/wp\/v2\/product"}],"about":[{"href":"https:\/\/magloirevita.com\/rhinobodybuilders\/wp-json\/wp\/v2\/types\/product"}],"replies":[{"embeddable":true,"href":"https:\/\/magloirevita.com\/rhinobodybuilders\/wp-json\/wp\/v2\/comments?post=2261"}],"wp:featuredmedia":[{"embeddable":true,"href":"https:\/\/magloirevita.com\/rhinobodybuilders\/wp-json\/wp\/v2\/media\/1819"}],"wp:attachment":[{"href":"https:\/\/magloirevita.com\/rhinobodybuilders\/wp-json\/wp\/v2\/media?parent=2261"}],"wp:term":[{"taxonomy":"product_brand","embeddable":true,"href":"https:\/\/magloirevita.com\/rhinobodybuilders\/wp-json\/wp\/v2\/product_brand?post=2261"},{"taxonomy":"product_cat","embeddable":true,"href":"https:\/\/magloirevita.com\/rhinobodybuilders\/wp-json\/wp\/v2\/product_cat?post=2261"},{"taxonomy":"product_tag","embeddable":true,"href":"https:\/\/magloirevita.com\/rhinobodybuilders\/wp-json\/wp\/v2\/product_tag?post=2261"}],"curies":[{"name":"wp","href":"https:\/\/api.w.org\/{rel}","templated":true}]}}