{"id":2260,"date":"2023-10-27T21:13:02","date_gmt":"2023-10-27T21:13:02","guid":{"rendered":"https:\/\/rhinobodybuiders.com.br\/?post_type=product&#038;p=2260"},"modified":"2023-10-27T21:20:37","modified_gmt":"2023-10-27T21:20:37","slug":"panic-300g-pre-treino-adaptogen-pre-workout","status":"publish","type":"product","link":"https:\/\/magloirevita.com\/rhinobodybuilders\/produto\/panic-300g-pre-treino-adaptogen-pre-workout\/","title":{"rendered":"Panic 300g Pr\u00e9 Treino Adaptogen Pr\u00e9 Workout"},"content":{"rendered":"<ul class=\"ui-vpp-highlighted-specs__features-list\">\n<li class=\"ui-vpp-highlighted-specs__features-list-item ui-pdp-color--BLACK ui-pdp-size--XSMALL ui-pdp-family--REGULAR\">O que \u00e9 Panic Pr\u00e9-Treino?<br \/>\nPanic Pr\u00e9-Treino chega com sua f\u00f3rmula desenvolvida pela Adaptogen, possui dosagem alt\u00edssima de Beta-Alanina, Taurina e Cafe\u00edna. Esses elementos s\u00e3o estimulantes que garantem que voc\u00ea tenha a disposi\u00e7\u00e3o e energia necess\u00e1rias para realizar um treinamento f\u00edsico intenso.<\/p>\n<p>N\u00e3o \u00e9 qualquer pr\u00e9-treino n\u00e3o. Preparem-se para os treinos mais intensos da vida! Tudo para elevar o n\u00edvel do seu treino!<\/p>\n<p>Suplementos classificados como pr\u00e9-treino normalmente t\u00eam como ingredientes principais a CREATINA, beta alanina, a taurina e cafe\u00edna. Esses elementos s\u00e3o estimulantes que garantem que voc\u00ea tenha a disposi\u00e7\u00e3o e energia necess\u00e1rias para realizar um treinamento f\u00edsico intenso.<\/p>\n<p>Pra que serve o Pr\u00e9-Treino?<br \/>\nPela concentra\u00e7\u00e3o de taurina em sua f\u00f3rmula, o Panic servir\u00e1 para aumentar sua disposi\u00e7\u00e3o e resist\u00eancia durante a atividade f\u00edsica, principalmente em treinos de for\u00e7a. Al\u00e9m disso, pode ser utilizado no dia a dia como um estimulante \u00e0 sua capacidade de se focar em suas tarefas, pois ele aumenta sua concentra\u00e7\u00e3o.<\/p>\n<p>O Panic Pr\u00e9-Treino \u00e9 um produto com qualidade premium, aprovado pela ANVISA e entrega 100% do que est\u00e1 no r\u00f3tulo. Todos os produtos da Adaptogen Science passam por rigorosos testes antes de serem distribu\u00eddos, pr\u00e1tica que faz com que os consumidores confiem e atestem a qualidade dos suplementos que est\u00e3o consumindo.<\/p>\n<p>Maltodextrina, Creatina, Beta Alanina, Arginina, Taurina, Cafe\u00edna, Tirosina, \u00c1cido C\u00edtrico, Fosfato Tricalcico, aroma id\u00eantico ao natural, edulcorante sucralose.<\/p>\n<p>N\u00e3o cont\u00e9m gl\u00faten.<\/p>\n<p>GARANTIA: S\u00f3 comercializamos produtos 100% ORIGINAIS, Todos nossos produtos possuem Nota Fiscal de compra dos fornecedores e Importadores, Emitimos em todas nossas vendas Nota Fiscal ao Consumidor Final, 100% dentro da Legalidade! Nossos Produtos possuem Garantia contra defeito de fabrica\u00e7\u00e3o, cont\u00e9m Lacre de seguran\u00e7a, Lote e Validade.<\/p>\n<p>*SUPLEMENTO ALIMENTAR EM P\u00d3 DE CAFE\u00cdNA E AMINO\u00c1CIDOS.<\/p>\n<p>*ESTE PRODUTO N\u00c3O \u00c9 UM MEDICAMENTO.<\/p>\n<p>*N\u00c3O CONT\u00c9M GL\u00daTEN.<\/p>\n<p>*MANTENHA FORA DO ALCANCE DE CRIAN\u00c7AS.<\/li>\n<\/ul>\n","protected":false},"excerpt":{"rendered":"<p>O que \u00e9 Panic Pr\u00e9-Treino? Panic Pr\u00e9-Treino chega com sua f\u00f3rmula desenvolvida pela Adaptogen, possui dosagem alt\u00edssima de Beta-Alanina, Taurina e Cafe\u00edna. Esses elementos s\u00e3o estimulantes que garantem que voc\u00ea tenha a disposi\u00e7\u00e3o e energia necess\u00e1rias para realizar um treinamento f\u00edsico intenso. N\u00e3o \u00e9 qualquer pr\u00e9-treino n\u00e3o. Preparem-se para os treinos mais intensos da vida!&#8230;<\/p>\n","protected":false},"featured_media":1820,"comment_status":"open","ping_status":"closed","template":"","meta":{"_kadence_starter_templates_imported_post":true,"_kad_post_transparent":"default","_kad_post_title":"","_kad_post_layout":"default","_kad_post_sidebar_id":"","_kad_post_content_style":"default","_kad_post_vertical_padding":"default","_kad_post_feature":"","_kad_post_feature_position":"","_kad_post_header":false,"_kad_post_footer":false,"_kad_post_classname":""},"product_brand":[],"product_cat":[15],"product_tag":[96,45],"class_list":{"0":"post-2260","1":"product","2":"type-product","3":"status-publish","4":"has-post-thumbnail","6":"product_cat-pre-treino","7":"product_tag-panic","8":"product_tag-pre-treino","10":"first","11":"instock","12":"featured","13":"shipping-taxable","14":"purchasable","15":"product-type-simple","16":"entry","17":"content-bg","18":"loop-entry"},"yoast_head":"<!-- This site is optimized with the Yoast SEO plugin v27.4 - https:\/\/yoast.com\/product\/yoast-seo-wordpress\/ -->\n<title>Panic 300g Pr\u00e9 Treino Adaptogen Pr\u00e9 Workout - Rhino Suplementos<\/title>\n<meta name=\"robots\" content=\"index, follow, max-snippet:-1, max-image-preview:large, max-video-preview:-1\" \/>\n<link rel=\"canonical\" href=\"https:\/\/magloirevita.com\/rhinobodybuilders\/produto\/panic-300g-pre-treino-adaptogen-pre-workout\/\" \/>\n<meta property=\"og:locale\" content=\"pt_BR\" \/>\n<meta property=\"og:type\" content=\"article\" \/>\n<meta property=\"og:title\" content=\"Panic 300g Pr\u00e9 Treino Adaptogen Pr\u00e9 Workout - Rhino Suplementos\" \/>\n<meta property=\"og:description\" content=\"O que \u00e9 Panic Pr\u00e9-Treino? Panic Pr\u00e9-Treino chega com sua f\u00f3rmula desenvolvida pela Adaptogen, possui dosagem alt\u00edssima de Beta-Alanina, Taurina e Cafe\u00edna. Esses elementos s\u00e3o estimulantes que garantem que voc\u00ea tenha a disposi\u00e7\u00e3o e energia necess\u00e1rias para realizar um treinamento f\u00edsico intenso. N\u00e3o \u00e9 qualquer pr\u00e9-treino n\u00e3o. Preparem-se para os treinos mais intensos da vida!...\" \/>\n<meta property=\"og:url\" content=\"https:\/\/magloirevita.com\/rhinobodybuilders\/produto\/panic-300g-pre-treino-adaptogen-pre-workout\/\" \/>\n<meta property=\"og:site_name\" content=\"Rhino Suplementos\" \/>\n<meta property=\"article:modified_time\" content=\"2023-10-27T21:20:37+00:00\" \/>\n<meta property=\"og:image\" content=\"https:\/\/magloirevita.com\/rhinobodybuilders\/wp-content\/uploads\/2020\/10\/PANIC-2.png\" \/>\n\t<meta property=\"og:image:width\" content=\"508\" \/>\n\t<meta property=\"og:image:height\" content=\"508\" \/>\n\t<meta property=\"og:image:type\" content=\"image\/png\" \/>\n<meta name=\"twitter:card\" content=\"summary_large_image\" \/>\n<meta name=\"twitter:label1\" content=\"Est. tempo de leitura\" \/>\n\t<meta name=\"twitter:data1\" content=\"2 minutos\" \/>\n<script type=\"application\/ld+json\" class=\"yoast-schema-graph\">{\"@context\":\"https:\\\/\\\/schema.org\",\"@graph\":[{\"@type\":\"WebPage\",\"@id\":\"https:\\\/\\\/magloirevita.com\\\/rhinobodybuilders\\\/produto\\\/panic-300g-pre-treino-adaptogen-pre-workout\\\/\",\"url\":\"https:\\\/\\\/magloirevita.com\\\/rhinobodybuilders\\\/produto\\\/panic-300g-pre-treino-adaptogen-pre-workout\\\/\",\"name\":\"Panic 300g Pr\u00e9 Treino Adaptogen Pr\u00e9 Workout - Rhino Suplementos\",\"isPartOf\":{\"@id\":\"https:\\\/\\\/magloirevita.com\\\/rhinobodybuilders\\\/#website\"},\"primaryImageOfPage\":{\"@id\":\"https:\\\/\\\/magloirevita.com\\\/rhinobodybuilders\\\/produto\\\/panic-300g-pre-treino-adaptogen-pre-workout\\\/#primaryimage\"},\"image\":{\"@id\":\"https:\\\/\\\/magloirevita.com\\\/rhinobodybuilders\\\/produto\\\/panic-300g-pre-treino-adaptogen-pre-workout\\\/#primaryimage\"},\"thumbnailUrl\":\"https:\\\/\\\/magloirevita.com\\\/rhinobodybuilders\\\/wp-content\\\/uploads\\\/2020\\\/10\\\/PANIC-2.png\",\"datePublished\":\"2023-10-27T21:13:02+00:00\",\"dateModified\":\"2023-10-27T21:20:37+00:00\",\"breadcrumb\":{\"@id\":\"https:\\\/\\\/magloirevita.com\\\/rhinobodybuilders\\\/produto\\\/panic-300g-pre-treino-adaptogen-pre-workout\\\/#breadcrumb\"},\"inLanguage\":\"pt-BR\",\"potentialAction\":[{\"@type\":\"ReadAction\",\"target\":[\"https:\\\/\\\/magloirevita.com\\\/rhinobodybuilders\\\/produto\\\/panic-300g-pre-treino-adaptogen-pre-workout\\\/\"]}]},{\"@type\":\"ImageObject\",\"inLanguage\":\"pt-BR\",\"@id\":\"https:\\\/\\\/magloirevita.com\\\/rhinobodybuilders\\\/produto\\\/panic-300g-pre-treino-adaptogen-pre-workout\\\/#primaryimage\",\"url\":\"https:\\\/\\\/magloirevita.com\\\/rhinobodybuilders\\\/wp-content\\\/uploads\\\/2020\\\/10\\\/PANIC-2.png\",\"contentUrl\":\"https:\\\/\\\/magloirevita.com\\\/rhinobodybuilders\\\/wp-content\\\/uploads\\\/2020\\\/10\\\/PANIC-2.png\",\"width\":508,\"height\":508},{\"@type\":\"BreadcrumbList\",\"@id\":\"https:\\\/\\\/magloirevita.com\\\/rhinobodybuilders\\\/produto\\\/panic-300g-pre-treino-adaptogen-pre-workout\\\/#breadcrumb\",\"itemListElement\":[{\"@type\":\"ListItem\",\"position\":1,\"name\":\"In\u00edcio\",\"item\":\"https:\\\/\\\/magloirevita.com\\\/rhinobodybuilders\\\/\"},{\"@type\":\"ListItem\",\"position\":2,\"name\":\"Loja\",\"item\":\"https:\\\/\\\/magloirevita.com\\\/rhinobodybuilders\\\/loja\\\/\"},{\"@type\":\"ListItem\",\"position\":3,\"name\":\"Panic 300g Pr\u00e9 Treino Adaptogen Pr\u00e9 Workout\"}]},{\"@type\":\"WebSite\",\"@id\":\"https:\\\/\\\/magloirevita.com\\\/rhinobodybuilders\\\/#website\",\"url\":\"https:\\\/\\\/magloirevita.com\\\/rhinobodybuilders\\\/\",\"name\":\"Rhinobodybuilders\",\"description\":\"Bem-vindo o Rhino Body Builders nossa loja online completa para um estilo de vida saud&aacute;vel e ativo! Aqui voc&ecirc; encontrar&aacute; uma variedade de produtos que atendem &agrave;s suas necessidades de suplementa&ccedil;&atilde;o, roupas fitness e refei&ccedil;&otilde;es prontas, tudo dispon&iacute;vel para entrega direto em sua casa.  Nossa loja Rinho Body Builders &eacute; um para&iacute;so para os entusiastas da sa&uacute;de e do condicionamento f&iacute;sico. Oferecemos uma ampla sele&ccedil;&atilde;o de suplementos nutricionais de alta qualidade, desde prote&iacute;nas em p&oacute; e barras energ&eacute;ticas at&eacute; vitaminas e minerais essenciais. Trabalhamos apenas com marcas confi&aacute;veis e renomadas, garantindo que voc&ecirc; tenha acesso aos melhores produtos do mercado para melhorar seu desempenho, promover a recupera&ccedil;&atilde;o e alcan&ccedil;ar seus objetivos.  Al&eacute;m dos suplementos, tamb&eacute;m oferecemos uma cole&ccedil;&atilde;o de roupas fitness elegantes e funcionais. Aqui, voc&ecirc; encontrar&aacute; roupas de treino, leggings, regatas, camisetas, shorts e muito mais, todos projetados para oferecer conforto e estilo durante suas atividades f&iacute;sicas. Nossas roupas s&atilde;o feitas com materiais de alta qualidade, dur&aacute;veis e respir&aacute;veis, para que voc&ecirc; possa se exercitar com confian&ccedil;a e estilo.  E para aqueles que buscam conveni&ecirc;ncia e uma alimenta&ccedil;&atilde;o saud&aacute;vel, temos uma sele&ccedil;&atilde;o de marmitas prontas para consumo. Nossas refei&ccedil;&otilde;es s&atilde;o cuidadosamente preparadas por chefs especializados em nutri&ccedil;&atilde;o, garantindo uma combina&ccedil;&atilde;o equilibrada de prote&iacute;nas, carboidratos e vegetais frescos. Com op&ccedil;&otilde;es vegetarianas, veganas e com restri&ccedil;&otilde;es alimentares, temos a solu&ccedil;&atilde;o perfeita para atender &agrave;s suas necessidades alimentares.  Em nossa loja online, a experi&ecirc;ncia de compra &eacute; f&aacute;cil e segura. Navegue por nossas categorias, leia as descri&ccedil;&otilde;es detalhadas dos produtos e veja as avalia&ccedil;&otilde;es de clientes satisfeitos. Com apenas alguns cliques, voc&ecirc; poder&aacute; adquirir todos os itens de que precisa para apoiar seu estilo de vida saud&aacute;vel.\",\"publisher\":{\"@id\":\"https:\\\/\\\/magloirevita.com\\\/rhinobodybuilders\\\/#organization\"},\"potentialAction\":[{\"@type\":\"SearchAction\",\"target\":{\"@type\":\"EntryPoint\",\"urlTemplate\":\"https:\\\/\\\/magloirevita.com\\\/rhinobodybuilders\\\/?s={search_term_string}\"},\"query-input\":{\"@type\":\"PropertyValueSpecification\",\"valueRequired\":true,\"valueName\":\"search_term_string\"}}],\"inLanguage\":\"pt-BR\"},{\"@type\":\"Organization\",\"@id\":\"https:\\\/\\\/magloirevita.com\\\/rhinobodybuilders\\\/#organization\",\"name\":\"Loja dos suplementos\",\"url\":\"https:\\\/\\\/magloirevita.com\\\/rhinobodybuilders\\\/\",\"logo\":{\"@type\":\"ImageObject\",\"inLanguage\":\"pt-BR\",\"@id\":\"https:\\\/\\\/magloirevita.com\\\/rhinobodybuilders\\\/#\\\/schema\\\/logo\\\/image\\\/\",\"url\":\"https:\\\/\\\/magloirevita.com\\\/rhinobodybuilders\\\/wp-content\\\/uploads\\\/2023\\\/07\\\/cropped-Design-sem-nome-6-1-2-1.png\",\"contentUrl\":\"https:\\\/\\\/magloirevita.com\\\/rhinobodybuilders\\\/wp-content\\\/uploads\\\/2023\\\/07\\\/cropped-Design-sem-nome-6-1-2-1.png\",\"width\":226,\"height\":91,\"caption\":\"Loja dos suplementos\"},\"image\":{\"@id\":\"https:\\\/\\\/magloirevita.com\\\/rhinobodybuilders\\\/#\\\/schema\\\/logo\\\/image\\\/\"}}]}<\/script>\n<!-- \/ Yoast SEO plugin. -->","yoast_head_json":{"title":"Panic 300g Pr\u00e9 Treino Adaptogen Pr\u00e9 Workout - Rhino Suplementos","robots":{"index":"index","follow":"follow","max-snippet":"max-snippet:-1","max-image-preview":"max-image-preview:large","max-video-preview":"max-video-preview:-1"},"canonical":"https:\/\/magloirevita.com\/rhinobodybuilders\/produto\/panic-300g-pre-treino-adaptogen-pre-workout\/","og_locale":"pt_BR","og_type":"article","og_title":"Panic 300g Pr\u00e9 Treino Adaptogen Pr\u00e9 Workout - Rhino Suplementos","og_description":"O que \u00e9 Panic Pr\u00e9-Treino? Panic Pr\u00e9-Treino chega com sua f\u00f3rmula desenvolvida pela Adaptogen, possui dosagem alt\u00edssima de Beta-Alanina, Taurina e Cafe\u00edna. Esses elementos s\u00e3o estimulantes que garantem que voc\u00ea tenha a disposi\u00e7\u00e3o e energia necess\u00e1rias para realizar um treinamento f\u00edsico intenso. N\u00e3o \u00e9 qualquer pr\u00e9-treino n\u00e3o. Preparem-se para os treinos mais intensos da vida!...","og_url":"https:\/\/magloirevita.com\/rhinobodybuilders\/produto\/panic-300g-pre-treino-adaptogen-pre-workout\/","og_site_name":"Rhino Suplementos","article_modified_time":"2023-10-27T21:20:37+00:00","og_image":[{"width":508,"height":508,"url":"https:\/\/magloirevita.com\/rhinobodybuilders\/wp-content\/uploads\/2020\/10\/PANIC-2.png","type":"image\/png"}],"twitter_card":"summary_large_image","twitter_misc":{"Est. tempo de leitura":"2 minutos"},"schema":{"@context":"https:\/\/schema.org","@graph":[{"@type":"WebPage","@id":"https:\/\/magloirevita.com\/rhinobodybuilders\/produto\/panic-300g-pre-treino-adaptogen-pre-workout\/","url":"https:\/\/magloirevita.com\/rhinobodybuilders\/produto\/panic-300g-pre-treino-adaptogen-pre-workout\/","name":"Panic 300g Pr\u00e9 Treino Adaptogen Pr\u00e9 Workout - Rhino Suplementos","isPartOf":{"@id":"https:\/\/magloirevita.com\/rhinobodybuilders\/#website"},"primaryImageOfPage":{"@id":"https:\/\/magloirevita.com\/rhinobodybuilders\/produto\/panic-300g-pre-treino-adaptogen-pre-workout\/#primaryimage"},"image":{"@id":"https:\/\/magloirevita.com\/rhinobodybuilders\/produto\/panic-300g-pre-treino-adaptogen-pre-workout\/#primaryimage"},"thumbnailUrl":"https:\/\/magloirevita.com\/rhinobodybuilders\/wp-content\/uploads\/2020\/10\/PANIC-2.png","datePublished":"2023-10-27T21:13:02+00:00","dateModified":"2023-10-27T21:20:37+00:00","breadcrumb":{"@id":"https:\/\/magloirevita.com\/rhinobodybuilders\/produto\/panic-300g-pre-treino-adaptogen-pre-workout\/#breadcrumb"},"inLanguage":"pt-BR","potentialAction":[{"@type":"ReadAction","target":["https:\/\/magloirevita.com\/rhinobodybuilders\/produto\/panic-300g-pre-treino-adaptogen-pre-workout\/"]}]},{"@type":"ImageObject","inLanguage":"pt-BR","@id":"https:\/\/magloirevita.com\/rhinobodybuilders\/produto\/panic-300g-pre-treino-adaptogen-pre-workout\/#primaryimage","url":"https:\/\/magloirevita.com\/rhinobodybuilders\/wp-content\/uploads\/2020\/10\/PANIC-2.png","contentUrl":"https:\/\/magloirevita.com\/rhinobodybuilders\/wp-content\/uploads\/2020\/10\/PANIC-2.png","width":508,"height":508},{"@type":"BreadcrumbList","@id":"https:\/\/magloirevita.com\/rhinobodybuilders\/produto\/panic-300g-pre-treino-adaptogen-pre-workout\/#breadcrumb","itemListElement":[{"@type":"ListItem","position":1,"name":"In\u00edcio","item":"https:\/\/magloirevita.com\/rhinobodybuilders\/"},{"@type":"ListItem","position":2,"name":"Loja","item":"https:\/\/magloirevita.com\/rhinobodybuilders\/loja\/"},{"@type":"ListItem","position":3,"name":"Panic 300g Pr\u00e9 Treino Adaptogen Pr\u00e9 Workout"}]},{"@type":"WebSite","@id":"https:\/\/magloirevita.com\/rhinobodybuilders\/#website","url":"https:\/\/magloirevita.com\/rhinobodybuilders\/","name":"Rhinobodybuilders","description":"Bem-vindo o Rhino Body Builders nossa loja online completa para um estilo de vida saud&aacute;vel e ativo! Aqui voc&ecirc; encontrar&aacute; uma variedade de produtos que atendem &agrave;s suas necessidades de suplementa&ccedil;&atilde;o, roupas fitness e refei&ccedil;&otilde;es prontas, tudo dispon&iacute;vel para entrega direto em sua casa.  Nossa loja Rinho Body Builders &eacute; um para&iacute;so para os entusiastas da sa&uacute;de e do condicionamento f&iacute;sico. Oferecemos uma ampla sele&ccedil;&atilde;o de suplementos nutricionais de alta qualidade, desde prote&iacute;nas em p&oacute; e barras energ&eacute;ticas at&eacute; vitaminas e minerais essenciais. Trabalhamos apenas com marcas confi&aacute;veis e renomadas, garantindo que voc&ecirc; tenha acesso aos melhores produtos do mercado para melhorar seu desempenho, promover a recupera&ccedil;&atilde;o e alcan&ccedil;ar seus objetivos.  Al&eacute;m dos suplementos, tamb&eacute;m oferecemos uma cole&ccedil;&atilde;o de roupas fitness elegantes e funcionais. Aqui, voc&ecirc; encontrar&aacute; roupas de treino, leggings, regatas, camisetas, shorts e muito mais, todos projetados para oferecer conforto e estilo durante suas atividades f&iacute;sicas. Nossas roupas s&atilde;o feitas com materiais de alta qualidade, dur&aacute;veis e respir&aacute;veis, para que voc&ecirc; possa se exercitar com confian&ccedil;a e estilo.  E para aqueles que buscam conveni&ecirc;ncia e uma alimenta&ccedil;&atilde;o saud&aacute;vel, temos uma sele&ccedil;&atilde;o de marmitas prontas para consumo. Nossas refei&ccedil;&otilde;es s&atilde;o cuidadosamente preparadas por chefs especializados em nutri&ccedil;&atilde;o, garantindo uma combina&ccedil;&atilde;o equilibrada de prote&iacute;nas, carboidratos e vegetais frescos. Com op&ccedil;&otilde;es vegetarianas, veganas e com restri&ccedil;&otilde;es alimentares, temos a solu&ccedil;&atilde;o perfeita para atender &agrave;s suas necessidades alimentares.  Em nossa loja online, a experi&ecirc;ncia de compra &eacute; f&aacute;cil e segura. Navegue por nossas categorias, leia as descri&ccedil;&otilde;es detalhadas dos produtos e veja as avalia&ccedil;&otilde;es de clientes satisfeitos. Com apenas alguns cliques, voc&ecirc; poder&aacute; adquirir todos os itens de que precisa para apoiar seu estilo de vida saud&aacute;vel.","publisher":{"@id":"https:\/\/magloirevita.com\/rhinobodybuilders\/#organization"},"potentialAction":[{"@type":"SearchAction","target":{"@type":"EntryPoint","urlTemplate":"https:\/\/magloirevita.com\/rhinobodybuilders\/?s={search_term_string}"},"query-input":{"@type":"PropertyValueSpecification","valueRequired":true,"valueName":"search_term_string"}}],"inLanguage":"pt-BR"},{"@type":"Organization","@id":"https:\/\/magloirevita.com\/rhinobodybuilders\/#organization","name":"Loja dos suplementos","url":"https:\/\/magloirevita.com\/rhinobodybuilders\/","logo":{"@type":"ImageObject","inLanguage":"pt-BR","@id":"https:\/\/magloirevita.com\/rhinobodybuilders\/#\/schema\/logo\/image\/","url":"https:\/\/magloirevita.com\/rhinobodybuilders\/wp-content\/uploads\/2023\/07\/cropped-Design-sem-nome-6-1-2-1.png","contentUrl":"https:\/\/magloirevita.com\/rhinobodybuilders\/wp-content\/uploads\/2023\/07\/cropped-Design-sem-nome-6-1-2-1.png","width":226,"height":91,"caption":"Loja dos suplementos"},"image":{"@id":"https:\/\/magloirevita.com\/rhinobodybuilders\/#\/schema\/logo\/image\/"}}]}},"_links":{"self":[{"href":"https:\/\/magloirevita.com\/rhinobodybuilders\/wp-json\/wp\/v2\/product\/2260","targetHints":{"allow":["GET"]}}],"collection":[{"href":"https:\/\/magloirevita.com\/rhinobodybuilders\/wp-json\/wp\/v2\/product"}],"about":[{"href":"https:\/\/magloirevita.com\/rhinobodybuilders\/wp-json\/wp\/v2\/types\/product"}],"replies":[{"embeddable":true,"href":"https:\/\/magloirevita.com\/rhinobodybuilders\/wp-json\/wp\/v2\/comments?post=2260"}],"wp:featuredmedia":[{"embeddable":true,"href":"https:\/\/magloirevita.com\/rhinobodybuilders\/wp-json\/wp\/v2\/media\/1820"}],"wp:attachment":[{"href":"https:\/\/magloirevita.com\/rhinobodybuilders\/wp-json\/wp\/v2\/media?parent=2260"}],"wp:term":[{"taxonomy":"product_brand","embeddable":true,"href":"https:\/\/magloirevita.com\/rhinobodybuilders\/wp-json\/wp\/v2\/product_brand?post=2260"},{"taxonomy":"product_cat","embeddable":true,"href":"https:\/\/magloirevita.com\/rhinobodybuilders\/wp-json\/wp\/v2\/product_cat?post=2260"},{"taxonomy":"product_tag","embeddable":true,"href":"https:\/\/magloirevita.com\/rhinobodybuilders\/wp-json\/wp\/v2\/product_tag?post=2260"}],"curies":[{"name":"wp","href":"https:\/\/api.w.org\/{rel}","templated":true}]}}