{"id":2231,"date":"2023-10-27T18:22:26","date_gmt":"2023-10-27T18:22:26","guid":{"rendered":"https:\/\/rhinobodybuiders.com.br\/?post_type=product&#038;p=2231"},"modified":"2023-10-29T19:51:27","modified_gmt":"2023-10-29T19:51:27","slug":"evora-pw-drink-energetico-269ml-maca-verde","status":"publish","type":"product","link":"https:\/\/magloirevita.com\/rhinobodybuilders\/produto\/evora-pw-drink-energetico-269ml-maca-verde\/","title":{"rendered":"\u00c9vora Pw Drink Energ\u00e9tico 269ml Ma\u00e7\u00e3 Verde"},"content":{"rendered":"<p>O \u00c9vora PW Drink IntegralMedica \u00e9 um pr\u00e9-treino desenvolvido para favorecer a realiza\u00e7\u00e3o de treinos de for\u00e7a em alta intensidade. Sua f\u00f3rmula cont\u00e9m ingredientes energ\u00e9ticos e neuroestimulantes capazes de criar as condi\u00e7\u00f5es f\u00edsicas adequadas \u00e0 realiza\u00e7\u00e3o de treinos intensos, retardando o desgaste f\u00edsico e mantendo o alerta mental at\u00e9 o fim da sess\u00e3o de treinamento.<\/p>\n<p>..::: COMO TOMAR &#8211; \u00c9vora PW Drink Energ\u00e9tico &#8211; 269ml Ma\u00e7a Verde &#8211; IntegralM\u00e9dica :::..<\/p>\n<p>Consumir 1 unidade (269 ml) uma vez ao dia antes do treino, ou conforme orienta\u00e7\u00e3o profissional.<\/p>\n<p>..::: INGREDIENTES &#8211; \u00c9vora PW Drink Energ\u00e9tico &#8211; 269ml Ma\u00e7a Verde &#8211; IntegralM\u00e9dica :::..<\/p>\n<p>\u00c1gua gaseificada, isomaltulose (palatinoseTM), taurina, cafe\u00edna, aromatizante, acidulante \u00e1cido c\u00edtrico, regulador de acidez citrato de s\u00f3dio, conservadores benzoato de s\u00f3dio e sorbato de pot\u00e1ssio, edulcorante sucralose e corantes artificiais amarelo tartrazina e azul brilhante. N\u00c3O CONT\u00c9M GL\u00daTEN.<\/p>\n<p>..::: TABELA NUTRICIONAL &#8211; \u00c9vora PW Drink Energ\u00e9tico &#8211; 269ml Ma\u00e7a Verde &#8211; IntegralM\u00e9dica :::..<br \/>\nPorcao: 269ml( 1 Lata )<\/p>\n<p>Valor Energ\u00e9tico &#8211; 16 Kcal ( 1 % )<br \/>\nCarboidratos &#8211; 4,1g ( 1 % )<br \/>\nA\u00e7\u00facares &#8211; 2,4g ( 0 % )<br \/>\nS\u00f3dio &#8211; 59mg ( 2 % )<br \/>\nTaurina &#8211; 1.000mg ( 0 % )<br \/>\nCafe\u00edna &#8211; 140mg ( 0 % )<\/p>\n<p>ANVISA: Registro ISENTO conforme resolu\u00e7\u00e3o RDC 27 de 06 de agosto de 2010 anexo I.<\/p>\n<p>COMPRA 100% SEGURA:<br \/>\n&#8211; Nosso compromisso \u00e9 sua total satisfa\u00e7\u00e3o nas compras realizadas conosco, visando uma parceria de respeito e confian\u00e7a.<br \/>\n&#8211; Seu pedido ser\u00e1 enviado somente ap\u00f3s a confirma\u00e7\u00e3o de pagamento;<br \/>\n&#8211; O prazo de postagem \u00e9 de at\u00e9 48 horas ap\u00f3s a confirma\u00e7\u00e3o de pagamento;<br \/>\n&#8211; Clique em comprar somente se for honrar a compra;<br \/>\n&#8211; Aten\u00e7\u00e3o verifique o sabor, ou quantidade, ou tamanho que realmente deseja comprar;<br \/>\n&#8211; Tire suas d\u00favidas no campo de perguntas logo abaixo.<\/p>\n","protected":false},"excerpt":{"rendered":"<p>O \u00c9vora PW Drink IntegralMedica \u00e9 um pr\u00e9-treino desenvolvido para favorecer a realiza\u00e7\u00e3o de treinos de for\u00e7a em alta intensidade. Sua f\u00f3rmula cont\u00e9m ingredientes energ\u00e9ticos e neuroestimulantes capazes de criar as condi\u00e7\u00f5es f\u00edsicas adequadas \u00e0 realiza\u00e7\u00e3o de treinos intensos, retardando o desgaste f\u00edsico e mantendo o alerta mental at\u00e9 o fim da sess\u00e3o de treinamento&#8230;.<\/p>\n","protected":false},"featured_media":1828,"comment_status":"open","ping_status":"closed","template":"","meta":{"_kadence_starter_templates_imported_post":true,"_kad_post_transparent":"default","_kad_post_title":"","_kad_post_layout":"default","_kad_post_sidebar_id":"","_kad_post_content_style":"default","_kad_post_vertical_padding":"default","_kad_post_feature":"","_kad_post_feature_position":"","_kad_post_header":false,"_kad_post_footer":false,"_kad_post_classname":""},"product_brand":[],"product_cat":[32,15],"product_tag":[88,45],"class_list":{"0":"post-2231","1":"product","2":"type-product","3":"status-publish","4":"has-post-thumbnail","6":"product_cat-bebida-pronta","7":"product_cat-pre-treino","8":"product_tag-evora-pw","9":"product_tag-pre-treino","11":"first","12":"instock","13":"featured","14":"shipping-taxable","15":"purchasable","16":"product-type-simple","17":"entry","18":"content-bg","19":"loop-entry"},"yoast_head":"<!-- This site is optimized with the Yoast SEO plugin v27.4 - https:\/\/yoast.com\/product\/yoast-seo-wordpress\/ -->\n<title>\u00c9vora Pw Drink Energ\u00e9tico 269ml Ma\u00e7\u00e3 Verde - Rhino Suplementos<\/title>\n<meta name=\"robots\" content=\"index, follow, max-snippet:-1, max-image-preview:large, max-video-preview:-1\" \/>\n<link rel=\"canonical\" href=\"https:\/\/magloirevita.com\/rhinobodybuilders\/produto\/evora-pw-drink-energetico-269ml-maca-verde\/\" \/>\n<meta property=\"og:locale\" content=\"pt_BR\" \/>\n<meta property=\"og:type\" content=\"article\" \/>\n<meta property=\"og:title\" content=\"\u00c9vora Pw Drink Energ\u00e9tico 269ml Ma\u00e7\u00e3 Verde - Rhino Suplementos\" \/>\n<meta property=\"og:description\" content=\"O \u00c9vora PW Drink IntegralMedica \u00e9 um pr\u00e9-treino desenvolvido para favorecer a realiza\u00e7\u00e3o de treinos de for\u00e7a em alta intensidade. Sua f\u00f3rmula cont\u00e9m ingredientes energ\u00e9ticos e neuroestimulantes capazes de criar as condi\u00e7\u00f5es f\u00edsicas adequadas \u00e0 realiza\u00e7\u00e3o de treinos intensos, retardando o desgaste f\u00edsico e mantendo o alerta mental at\u00e9 o fim da sess\u00e3o de treinamento....\" \/>\n<meta property=\"og:url\" content=\"https:\/\/magloirevita.com\/rhinobodybuilders\/produto\/evora-pw-drink-energetico-269ml-maca-verde\/\" \/>\n<meta property=\"og:site_name\" content=\"Rhino Suplementos\" \/>\n<meta property=\"article:modified_time\" content=\"2023-10-29T19:51:27+00:00\" \/>\n<meta property=\"og:image\" content=\"https:\/\/magloirevita.com\/rhinobodybuilders\/wp-content\/uploads\/2020\/10\/EVORA-LATA-1.png\" \/>\n\t<meta property=\"og:image:width\" content=\"508\" \/>\n\t<meta property=\"og:image:height\" content=\"508\" \/>\n\t<meta property=\"og:image:type\" content=\"image\/png\" \/>\n<meta name=\"twitter:card\" content=\"summary_large_image\" \/>\n<meta name=\"twitter:label1\" content=\"Est. tempo de leitura\" \/>\n\t<meta name=\"twitter:data1\" content=\"2 minutos\" \/>\n<script type=\"application\/ld+json\" class=\"yoast-schema-graph\">{\"@context\":\"https:\\\/\\\/schema.org\",\"@graph\":[{\"@type\":\"WebPage\",\"@id\":\"https:\\\/\\\/magloirevita.com\\\/rhinobodybuilders\\\/produto\\\/evora-pw-drink-energetico-269ml-maca-verde\\\/\",\"url\":\"https:\\\/\\\/magloirevita.com\\\/rhinobodybuilders\\\/produto\\\/evora-pw-drink-energetico-269ml-maca-verde\\\/\",\"name\":\"\u00c9vora Pw Drink Energ\u00e9tico 269ml Ma\u00e7\u00e3 Verde - Rhino Suplementos\",\"isPartOf\":{\"@id\":\"https:\\\/\\\/magloirevita.com\\\/rhinobodybuilders\\\/#website\"},\"primaryImageOfPage\":{\"@id\":\"https:\\\/\\\/magloirevita.com\\\/rhinobodybuilders\\\/produto\\\/evora-pw-drink-energetico-269ml-maca-verde\\\/#primaryimage\"},\"image\":{\"@id\":\"https:\\\/\\\/magloirevita.com\\\/rhinobodybuilders\\\/produto\\\/evora-pw-drink-energetico-269ml-maca-verde\\\/#primaryimage\"},\"thumbnailUrl\":\"https:\\\/\\\/magloirevita.com\\\/rhinobodybuilders\\\/wp-content\\\/uploads\\\/2020\\\/10\\\/EVORA-LATA-1.png\",\"datePublished\":\"2023-10-27T18:22:26+00:00\",\"dateModified\":\"2023-10-29T19:51:27+00:00\",\"breadcrumb\":{\"@id\":\"https:\\\/\\\/magloirevita.com\\\/rhinobodybuilders\\\/produto\\\/evora-pw-drink-energetico-269ml-maca-verde\\\/#breadcrumb\"},\"inLanguage\":\"pt-BR\",\"potentialAction\":[{\"@type\":\"ReadAction\",\"target\":[\"https:\\\/\\\/magloirevita.com\\\/rhinobodybuilders\\\/produto\\\/evora-pw-drink-energetico-269ml-maca-verde\\\/\"]}]},{\"@type\":\"ImageObject\",\"inLanguage\":\"pt-BR\",\"@id\":\"https:\\\/\\\/magloirevita.com\\\/rhinobodybuilders\\\/produto\\\/evora-pw-drink-energetico-269ml-maca-verde\\\/#primaryimage\",\"url\":\"https:\\\/\\\/magloirevita.com\\\/rhinobodybuilders\\\/wp-content\\\/uploads\\\/2020\\\/10\\\/EVORA-LATA-1.png\",\"contentUrl\":\"https:\\\/\\\/magloirevita.com\\\/rhinobodybuilders\\\/wp-content\\\/uploads\\\/2020\\\/10\\\/EVORA-LATA-1.png\",\"width\":508,\"height\":508},{\"@type\":\"BreadcrumbList\",\"@id\":\"https:\\\/\\\/magloirevita.com\\\/rhinobodybuilders\\\/produto\\\/evora-pw-drink-energetico-269ml-maca-verde\\\/#breadcrumb\",\"itemListElement\":[{\"@type\":\"ListItem\",\"position\":1,\"name\":\"In\u00edcio\",\"item\":\"https:\\\/\\\/magloirevita.com\\\/rhinobodybuilders\\\/\"},{\"@type\":\"ListItem\",\"position\":2,\"name\":\"Loja\",\"item\":\"https:\\\/\\\/magloirevita.com\\\/rhinobodybuilders\\\/loja\\\/\"},{\"@type\":\"ListItem\",\"position\":3,\"name\":\"\u00c9vora Pw Drink Energ\u00e9tico 269ml Ma\u00e7\u00e3 Verde\"}]},{\"@type\":\"WebSite\",\"@id\":\"https:\\\/\\\/magloirevita.com\\\/rhinobodybuilders\\\/#website\",\"url\":\"https:\\\/\\\/magloirevita.com\\\/rhinobodybuilders\\\/\",\"name\":\"Rhinobodybuilders\",\"description\":\"Bem-vindo o Rhino Body Builders nossa loja online completa para um estilo de vida saud&aacute;vel e ativo! Aqui voc&ecirc; encontrar&aacute; uma variedade de produtos que atendem &agrave;s suas necessidades de suplementa&ccedil;&atilde;o, roupas fitness e refei&ccedil;&otilde;es prontas, tudo dispon&iacute;vel para entrega direto em sua casa.  Nossa loja Rinho Body Builders &eacute; um para&iacute;so para os entusiastas da sa&uacute;de e do condicionamento f&iacute;sico. Oferecemos uma ampla sele&ccedil;&atilde;o de suplementos nutricionais de alta qualidade, desde prote&iacute;nas em p&oacute; e barras energ&eacute;ticas at&eacute; vitaminas e minerais essenciais. Trabalhamos apenas com marcas confi&aacute;veis e renomadas, garantindo que voc&ecirc; tenha acesso aos melhores produtos do mercado para melhorar seu desempenho, promover a recupera&ccedil;&atilde;o e alcan&ccedil;ar seus objetivos.  Al&eacute;m dos suplementos, tamb&eacute;m oferecemos uma cole&ccedil;&atilde;o de roupas fitness elegantes e funcionais. Aqui, voc&ecirc; encontrar&aacute; roupas de treino, leggings, regatas, camisetas, shorts e muito mais, todos projetados para oferecer conforto e estilo durante suas atividades f&iacute;sicas. Nossas roupas s&atilde;o feitas com materiais de alta qualidade, dur&aacute;veis e respir&aacute;veis, para que voc&ecirc; possa se exercitar com confian&ccedil;a e estilo.  E para aqueles que buscam conveni&ecirc;ncia e uma alimenta&ccedil;&atilde;o saud&aacute;vel, temos uma sele&ccedil;&atilde;o de marmitas prontas para consumo. Nossas refei&ccedil;&otilde;es s&atilde;o cuidadosamente preparadas por chefs especializados em nutri&ccedil;&atilde;o, garantindo uma combina&ccedil;&atilde;o equilibrada de prote&iacute;nas, carboidratos e vegetais frescos. Com op&ccedil;&otilde;es vegetarianas, veganas e com restri&ccedil;&otilde;es alimentares, temos a solu&ccedil;&atilde;o perfeita para atender &agrave;s suas necessidades alimentares.  Em nossa loja online, a experi&ecirc;ncia de compra &eacute; f&aacute;cil e segura. Navegue por nossas categorias, leia as descri&ccedil;&otilde;es detalhadas dos produtos e veja as avalia&ccedil;&otilde;es de clientes satisfeitos. Com apenas alguns cliques, voc&ecirc; poder&aacute; adquirir todos os itens de que precisa para apoiar seu estilo de vida saud&aacute;vel.\",\"publisher\":{\"@id\":\"https:\\\/\\\/magloirevita.com\\\/rhinobodybuilders\\\/#organization\"},\"potentialAction\":[{\"@type\":\"SearchAction\",\"target\":{\"@type\":\"EntryPoint\",\"urlTemplate\":\"https:\\\/\\\/magloirevita.com\\\/rhinobodybuilders\\\/?s={search_term_string}\"},\"query-input\":{\"@type\":\"PropertyValueSpecification\",\"valueRequired\":true,\"valueName\":\"search_term_string\"}}],\"inLanguage\":\"pt-BR\"},{\"@type\":\"Organization\",\"@id\":\"https:\\\/\\\/magloirevita.com\\\/rhinobodybuilders\\\/#organization\",\"name\":\"Loja dos suplementos\",\"url\":\"https:\\\/\\\/magloirevita.com\\\/rhinobodybuilders\\\/\",\"logo\":{\"@type\":\"ImageObject\",\"inLanguage\":\"pt-BR\",\"@id\":\"https:\\\/\\\/magloirevita.com\\\/rhinobodybuilders\\\/#\\\/schema\\\/logo\\\/image\\\/\",\"url\":\"https:\\\/\\\/magloirevita.com\\\/rhinobodybuilders\\\/wp-content\\\/uploads\\\/2023\\\/07\\\/cropped-Design-sem-nome-6-1-2-1.png\",\"contentUrl\":\"https:\\\/\\\/magloirevita.com\\\/rhinobodybuilders\\\/wp-content\\\/uploads\\\/2023\\\/07\\\/cropped-Design-sem-nome-6-1-2-1.png\",\"width\":226,\"height\":91,\"caption\":\"Loja dos suplementos\"},\"image\":{\"@id\":\"https:\\\/\\\/magloirevita.com\\\/rhinobodybuilders\\\/#\\\/schema\\\/logo\\\/image\\\/\"}}]}<\/script>\n<!-- \/ Yoast SEO plugin. -->","yoast_head_json":{"title":"\u00c9vora Pw Drink Energ\u00e9tico 269ml Ma\u00e7\u00e3 Verde - Rhino Suplementos","robots":{"index":"index","follow":"follow","max-snippet":"max-snippet:-1","max-image-preview":"max-image-preview:large","max-video-preview":"max-video-preview:-1"},"canonical":"https:\/\/magloirevita.com\/rhinobodybuilders\/produto\/evora-pw-drink-energetico-269ml-maca-verde\/","og_locale":"pt_BR","og_type":"article","og_title":"\u00c9vora Pw Drink Energ\u00e9tico 269ml Ma\u00e7\u00e3 Verde - Rhino Suplementos","og_description":"O \u00c9vora PW Drink IntegralMedica \u00e9 um pr\u00e9-treino desenvolvido para favorecer a realiza\u00e7\u00e3o de treinos de for\u00e7a em alta intensidade. Sua f\u00f3rmula cont\u00e9m ingredientes energ\u00e9ticos e neuroestimulantes capazes de criar as condi\u00e7\u00f5es f\u00edsicas adequadas \u00e0 realiza\u00e7\u00e3o de treinos intensos, retardando o desgaste f\u00edsico e mantendo o alerta mental at\u00e9 o fim da sess\u00e3o de treinamento....","og_url":"https:\/\/magloirevita.com\/rhinobodybuilders\/produto\/evora-pw-drink-energetico-269ml-maca-verde\/","og_site_name":"Rhino Suplementos","article_modified_time":"2023-10-29T19:51:27+00:00","og_image":[{"width":508,"height":508,"url":"https:\/\/magloirevita.com\/rhinobodybuilders\/wp-content\/uploads\/2020\/10\/EVORA-LATA-1.png","type":"image\/png"}],"twitter_card":"summary_large_image","twitter_misc":{"Est. tempo de leitura":"2 minutos"},"schema":{"@context":"https:\/\/schema.org","@graph":[{"@type":"WebPage","@id":"https:\/\/magloirevita.com\/rhinobodybuilders\/produto\/evora-pw-drink-energetico-269ml-maca-verde\/","url":"https:\/\/magloirevita.com\/rhinobodybuilders\/produto\/evora-pw-drink-energetico-269ml-maca-verde\/","name":"\u00c9vora Pw Drink Energ\u00e9tico 269ml Ma\u00e7\u00e3 Verde - Rhino Suplementos","isPartOf":{"@id":"https:\/\/magloirevita.com\/rhinobodybuilders\/#website"},"primaryImageOfPage":{"@id":"https:\/\/magloirevita.com\/rhinobodybuilders\/produto\/evora-pw-drink-energetico-269ml-maca-verde\/#primaryimage"},"image":{"@id":"https:\/\/magloirevita.com\/rhinobodybuilders\/produto\/evora-pw-drink-energetico-269ml-maca-verde\/#primaryimage"},"thumbnailUrl":"https:\/\/magloirevita.com\/rhinobodybuilders\/wp-content\/uploads\/2020\/10\/EVORA-LATA-1.png","datePublished":"2023-10-27T18:22:26+00:00","dateModified":"2023-10-29T19:51:27+00:00","breadcrumb":{"@id":"https:\/\/magloirevita.com\/rhinobodybuilders\/produto\/evora-pw-drink-energetico-269ml-maca-verde\/#breadcrumb"},"inLanguage":"pt-BR","potentialAction":[{"@type":"ReadAction","target":["https:\/\/magloirevita.com\/rhinobodybuilders\/produto\/evora-pw-drink-energetico-269ml-maca-verde\/"]}]},{"@type":"ImageObject","inLanguage":"pt-BR","@id":"https:\/\/magloirevita.com\/rhinobodybuilders\/produto\/evora-pw-drink-energetico-269ml-maca-verde\/#primaryimage","url":"https:\/\/magloirevita.com\/rhinobodybuilders\/wp-content\/uploads\/2020\/10\/EVORA-LATA-1.png","contentUrl":"https:\/\/magloirevita.com\/rhinobodybuilders\/wp-content\/uploads\/2020\/10\/EVORA-LATA-1.png","width":508,"height":508},{"@type":"BreadcrumbList","@id":"https:\/\/magloirevita.com\/rhinobodybuilders\/produto\/evora-pw-drink-energetico-269ml-maca-verde\/#breadcrumb","itemListElement":[{"@type":"ListItem","position":1,"name":"In\u00edcio","item":"https:\/\/magloirevita.com\/rhinobodybuilders\/"},{"@type":"ListItem","position":2,"name":"Loja","item":"https:\/\/magloirevita.com\/rhinobodybuilders\/loja\/"},{"@type":"ListItem","position":3,"name":"\u00c9vora Pw Drink Energ\u00e9tico 269ml Ma\u00e7\u00e3 Verde"}]},{"@type":"WebSite","@id":"https:\/\/magloirevita.com\/rhinobodybuilders\/#website","url":"https:\/\/magloirevita.com\/rhinobodybuilders\/","name":"Rhinobodybuilders","description":"Bem-vindo o Rhino Body Builders nossa loja online completa para um estilo de vida saud&aacute;vel e ativo! Aqui voc&ecirc; encontrar&aacute; uma variedade de produtos que atendem &agrave;s suas necessidades de suplementa&ccedil;&atilde;o, roupas fitness e refei&ccedil;&otilde;es prontas, tudo dispon&iacute;vel para entrega direto em sua casa.  Nossa loja Rinho Body Builders &eacute; um para&iacute;so para os entusiastas da sa&uacute;de e do condicionamento f&iacute;sico. Oferecemos uma ampla sele&ccedil;&atilde;o de suplementos nutricionais de alta qualidade, desde prote&iacute;nas em p&oacute; e barras energ&eacute;ticas at&eacute; vitaminas e minerais essenciais. Trabalhamos apenas com marcas confi&aacute;veis e renomadas, garantindo que voc&ecirc; tenha acesso aos melhores produtos do mercado para melhorar seu desempenho, promover a recupera&ccedil;&atilde;o e alcan&ccedil;ar seus objetivos.  Al&eacute;m dos suplementos, tamb&eacute;m oferecemos uma cole&ccedil;&atilde;o de roupas fitness elegantes e funcionais. Aqui, voc&ecirc; encontrar&aacute; roupas de treino, leggings, regatas, camisetas, shorts e muito mais, todos projetados para oferecer conforto e estilo durante suas atividades f&iacute;sicas. Nossas roupas s&atilde;o feitas com materiais de alta qualidade, dur&aacute;veis e respir&aacute;veis, para que voc&ecirc; possa se exercitar com confian&ccedil;a e estilo.  E para aqueles que buscam conveni&ecirc;ncia e uma alimenta&ccedil;&atilde;o saud&aacute;vel, temos uma sele&ccedil;&atilde;o de marmitas prontas para consumo. Nossas refei&ccedil;&otilde;es s&atilde;o cuidadosamente preparadas por chefs especializados em nutri&ccedil;&atilde;o, garantindo uma combina&ccedil;&atilde;o equilibrada de prote&iacute;nas, carboidratos e vegetais frescos. Com op&ccedil;&otilde;es vegetarianas, veganas e com restri&ccedil;&otilde;es alimentares, temos a solu&ccedil;&atilde;o perfeita para atender &agrave;s suas necessidades alimentares.  Em nossa loja online, a experi&ecirc;ncia de compra &eacute; f&aacute;cil e segura. Navegue por nossas categorias, leia as descri&ccedil;&otilde;es detalhadas dos produtos e veja as avalia&ccedil;&otilde;es de clientes satisfeitos. Com apenas alguns cliques, voc&ecirc; poder&aacute; adquirir todos os itens de que precisa para apoiar seu estilo de vida saud&aacute;vel.","publisher":{"@id":"https:\/\/magloirevita.com\/rhinobodybuilders\/#organization"},"potentialAction":[{"@type":"SearchAction","target":{"@type":"EntryPoint","urlTemplate":"https:\/\/magloirevita.com\/rhinobodybuilders\/?s={search_term_string}"},"query-input":{"@type":"PropertyValueSpecification","valueRequired":true,"valueName":"search_term_string"}}],"inLanguage":"pt-BR"},{"@type":"Organization","@id":"https:\/\/magloirevita.com\/rhinobodybuilders\/#organization","name":"Loja dos suplementos","url":"https:\/\/magloirevita.com\/rhinobodybuilders\/","logo":{"@type":"ImageObject","inLanguage":"pt-BR","@id":"https:\/\/magloirevita.com\/rhinobodybuilders\/#\/schema\/logo\/image\/","url":"https:\/\/magloirevita.com\/rhinobodybuilders\/wp-content\/uploads\/2023\/07\/cropped-Design-sem-nome-6-1-2-1.png","contentUrl":"https:\/\/magloirevita.com\/rhinobodybuilders\/wp-content\/uploads\/2023\/07\/cropped-Design-sem-nome-6-1-2-1.png","width":226,"height":91,"caption":"Loja dos suplementos"},"image":{"@id":"https:\/\/magloirevita.com\/rhinobodybuilders\/#\/schema\/logo\/image\/"}}]}},"_links":{"self":[{"href":"https:\/\/magloirevita.com\/rhinobodybuilders\/wp-json\/wp\/v2\/product\/2231","targetHints":{"allow":["GET"]}}],"collection":[{"href":"https:\/\/magloirevita.com\/rhinobodybuilders\/wp-json\/wp\/v2\/product"}],"about":[{"href":"https:\/\/magloirevita.com\/rhinobodybuilders\/wp-json\/wp\/v2\/types\/product"}],"replies":[{"embeddable":true,"href":"https:\/\/magloirevita.com\/rhinobodybuilders\/wp-json\/wp\/v2\/comments?post=2231"}],"wp:featuredmedia":[{"embeddable":true,"href":"https:\/\/magloirevita.com\/rhinobodybuilders\/wp-json\/wp\/v2\/media\/1828"}],"wp:attachment":[{"href":"https:\/\/magloirevita.com\/rhinobodybuilders\/wp-json\/wp\/v2\/media?parent=2231"}],"wp:term":[{"taxonomy":"product_brand","embeddable":true,"href":"https:\/\/magloirevita.com\/rhinobodybuilders\/wp-json\/wp\/v2\/product_brand?post=2231"},{"taxonomy":"product_cat","embeddable":true,"href":"https:\/\/magloirevita.com\/rhinobodybuilders\/wp-json\/wp\/v2\/product_cat?post=2231"},{"taxonomy":"product_tag","embeddable":true,"href":"https:\/\/magloirevita.com\/rhinobodybuilders\/wp-json\/wp\/v2\/product_tag?post=2231"}],"curies":[{"name":"wp","href":"https:\/\/api.w.org\/{rel}","templated":true}]}}