{"id":1922,"date":"2023-09-05T20:10:16","date_gmt":"2023-09-05T20:10:16","guid":{"rendered":"https:\/\/donodegramado.com.br\/rhinobodybuilders\/?page_id=1922"},"modified":"2023-09-05T20:25:55","modified_gmt":"2023-09-05T20:25:55","slug":"como-comprar","status":"publish","type":"page","link":"https:\/\/magloirevita.com\/rhinobodybuilders\/como-comprar\/","title":{"rendered":"Como Comprar"},"content":{"rendered":"\t\t<div data-elementor-type=\"wp-page\" data-elementor-id=\"1922\" class=\"elementor elementor-1922\" data-elementor-post-type=\"page\">\n\t\t\t\t<div class=\"elementor-element elementor-element-bf72aa2 e-flex e-con-boxed e-con e-parent\" data-id=\"bf72aa2\" data-element_type=\"container\" data-e-type=\"container\" data-settings=\"{&quot;background_background&quot;:&quot;classic&quot;}\">\n\t\t\t\t\t<div class=\"e-con-inner\">\n\t\t\t\t<div class=\"elementor-element elementor-element-5c75a6a elementor-widget elementor-widget-heading\" data-id=\"5c75a6a\" data-element_type=\"widget\" data-e-type=\"widget\" data-widget_type=\"heading.default\">\n\t\t\t\t<div class=\"elementor-widget-container\">\n\t\t\t\t\t<h2 class=\"elementor-heading-title elementor-size-default\">Como Comprar<\/h2>\t\t\t\t<\/div>\n\t\t\t\t<\/div>\n\t\t\t\t\t<\/div>\n\t\t\t\t<\/div>\n\t\t<div class=\"elementor-element elementor-element-3e6e566 e-flex e-con-boxed e-con e-parent\" data-id=\"3e6e566\" data-element_type=\"container\" data-e-type=\"container\">\n\t\t\t\t\t<div class=\"e-con-inner\">\n\t\t\t\t<div class=\"elementor-element elementor-element-b1463bd elementor-widget elementor-widget-text-editor\" data-id=\"b1463bd\" data-element_type=\"widget\" data-e-type=\"widget\" data-widget_type=\"text-editor.default\">\n\t\t\t\t<div class=\"elementor-widget-container\">\n\t\t\t\t\t\t\t\t\t<p class=\"lh-copy vtex-rich-text-0-x-paragraph vtex-rich-text-0-x-paragraph--institutional-page-content vtex-rich-text-0-x-paragraph--institutional-como-comprar-content\"><span style=\"color: #333300;\"><strong><span class=\"i vtex-rich-text-0-x-italic vtex-rich-text-0-x-italic--institutional-page-content vtex-rich-text-0-x-italic--institutional-como-comprar-content\">1\u00b0 Escolhendo os produtos<\/span><\/strong><\/span><\/p><p class=\"lh-copy vtex-rich-text-0-x-paragraph vtex-rich-text-0-x-paragraph--institutional-page-content vtex-rich-text-0-x-paragraph--institutional-como-comprar-content\">Em nossa p\u00e1gina inicial, categorias ou pela busca, voc\u00ea ir\u00e1 visualizar os melhores produtos do mercado com os menores pre\u00e7os. Encontrando o produto desejado, basta clicar em sua foto para abrir toda a descri\u00e7\u00e3o. Definido o produto clique no bot\u00e3o &#8220;comprar&#8221;.<\/p><p class=\"lh-copy vtex-rich-text-0-x-paragraph vtex-rich-text-0-x-paragraph--institutional-page-content vtex-rich-text-0-x-paragraph--institutional-como-comprar-content\"><strong><span class=\"i vtex-rich-text-0-x-italic vtex-rich-text-0-x-italic--institutional-page-content vtex-rich-text-0-x-italic--institutional-como-comprar-content\" style=\"color: #333300;\">2\u00b0 Seu carrinho<\/span><\/strong><\/p><p class=\"lh-copy vtex-rich-text-0-x-paragraph vtex-rich-text-0-x-paragraph--institutional-page-content vtex-rich-text-0-x-paragraph--institutional-como-comprar-content\"><span class=\"b vtex-rich-text-0-x-strong vtex-rich-text-0-x-strong--institutional-page-content vtex-rich-text-0-x-strong--institutional-como-comprar-content\">O que \u00e9 carrinho de compras?<\/span><\/p><p class=\"lh-copy vtex-rich-text-0-x-paragraph vtex-rich-text-0-x-paragraph--institutional-page-content vtex-rich-text-0-x-paragraph--institutional-como-comprar-content\">Quando voc\u00ea clica no bot\u00e3o &#8220;comprar&#8221;, seu produto vai para um &#8220;Carrinho de Compras Virtual&#8221;. Caso deseje acrescentar mais algum item ao seu carrinho, basta clicar no bot\u00e3o &#8220;Continuar Comprando&#8221;.<\/p><p class=\"lh-copy vtex-rich-text-0-x-paragraph vtex-rich-text-0-x-paragraph--institutional-page-content vtex-rich-text-0-x-paragraph--institutional-como-comprar-content\"><span class=\"b vtex-rich-text-0-x-strong vtex-rich-text-0-x-strong--institutional-page-content vtex-rich-text-0-x-strong--institutional-como-comprar-content\">Como calcular o valor do frete?<\/span><\/p><p class=\"lh-copy vtex-rich-text-0-x-paragraph vtex-rich-text-0-x-paragraph--institutional-page-content vtex-rich-text-0-x-paragraph--institutional-como-comprar-content\">No seu carrinho voc\u00ea encontrar\u00e1 um campo para digitar seu cep e confirmar as modalidades e prazos de entrega dispon\u00edveis para sua cidade.<\/p><p class=\"lh-copy vtex-rich-text-0-x-paragraph vtex-rich-text-0-x-paragraph--institutional-page-content vtex-rich-text-0-x-paragraph--institutional-como-comprar-content\"><span style=\"color: #333300;\"><strong><span class=\"i vtex-rich-text-0-x-italic vtex-rich-text-0-x-italic--institutional-page-content vtex-rich-text-0-x-italic--institutional-como-comprar-content\">3\u00b0 Crie seu cadastro<\/span><\/strong><\/span><\/p><p class=\"lh-copy vtex-rich-text-0-x-paragraph vtex-rich-text-0-x-paragraph--institutional-page-content vtex-rich-text-0-x-paragraph--institutional-como-comprar-content\">Para concluir sua compra ser\u00e1 necess\u00e1rio a realiza\u00e7\u00e3o de um pequeno cadastro.<\/p><p class=\"lh-copy vtex-rich-text-0-x-paragraph vtex-rich-text-0-x-paragraph--institutional-page-content vtex-rich-text-0-x-paragraph--institutional-como-comprar-content\"><strong><span class=\"i vtex-rich-text-0-x-italic vtex-rich-text-0-x-italic--institutional-page-content vtex-rich-text-0-x-italic--institutional-como-comprar-content\" style=\"color: #333300;\">4\u00b0 Escolhendo a forma de pagamento<\/span><\/strong><\/p><p class=\"lh-copy vtex-rich-text-0-x-paragraph vtex-rich-text-0-x-paragraph--institutional-page-content vtex-rich-text-0-x-paragraph--institutional-como-comprar-content\"><span class=\"b vtex-rich-text-0-x-strong vtex-rich-text-0-x-strong--institutional-page-content vtex-rich-text-0-x-strong--institutional-como-comprar-content\">Boleto Banc\u00e1rio<\/span><\/p><p class=\"lh-copy vtex-rich-text-0-x-paragraph vtex-rich-text-0-x-paragraph--institutional-page-content vtex-rich-text-0-x-paragraph--institutional-como-comprar-content\">Pode ser pago em qualquer banco at\u00e9 a data de vencimento, inclusive casas lot\u00e9ricas e algumas ag\u00eancias dos Correios. A confirma\u00e7\u00e3o de pagamento via boleto \u00e9 autom\u00e1tica, sem necessidade de envio de comprovante, sendo confirmada pelo banco em 1 dia \u00fatil.<\/p><p class=\"lh-copy vtex-rich-text-0-x-paragraph vtex-rich-text-0-x-paragraph--institutional-page-content vtex-rich-text-0-x-paragraph--institutional-como-comprar-content\"><span class=\"b vtex-rich-text-0-x-strong vtex-rich-text-0-x-strong--institutional-page-content vtex-rich-text-0-x-strong--institutional-como-comprar-content\">Dep\u00f3sito<\/span><\/p><p class=\"lh-copy vtex-rich-text-0-x-paragraph vtex-rich-text-0-x-paragraph--institutional-page-content vtex-rich-text-0-x-paragraph--institutional-como-comprar-content\">O pagamento via dep\u00f3sito poder\u00e1 ser efetuado em qualquer ag\u00eancia do Banco Bradesco.<\/p><p class=\"lh-copy vtex-rich-text-0-x-paragraph vtex-rich-text-0-x-paragraph--institutional-page-content vtex-rich-text-0-x-paragraph--institutional-como-comprar-content\">Mesmo n\u00e3o sendo correntista, basta ir at\u00e9 um caixa eletr\u00f4nico, preencher o envelope e depositar a quantia. Ap\u00f3s o pagamento \u00e9 necess\u00e1rio enviar um email com os dados do seu comprovante:\u00a0<span style=\"color: #4f4d4d;\"><strong>financeiro@rhinosuplementos.com.br<\/strong><\/span>.<\/p><p class=\"lh-copy vtex-rich-text-0-x-paragraph vtex-rich-text-0-x-paragraph--institutional-page-content vtex-rich-text-0-x-paragraph--institutional-como-comprar-content\"><span class=\"b vtex-rich-text-0-x-strong vtex-rich-text-0-x-strong--institutional-page-content vtex-rich-text-0-x-strong--institutional-como-comprar-content\">Transfer\u00eancia Banc\u00e1ria<\/span><\/p><p class=\"lh-copy vtex-rich-text-0-x-paragraph vtex-rich-text-0-x-paragraph--institutional-page-content vtex-rich-text-0-x-paragraph--institutional-como-comprar-content\">Correntistas do Banco Bradesco podem efetuar transfer\u00eancia atrav\u00e9s do telefone, internet ou em qualquer caixa eletr\u00f4nico. Um modo pr\u00e1tico, r\u00e1pido e seguro.<\/p><p class=\"lh-copy vtex-rich-text-0-x-paragraph vtex-rich-text-0-x-paragraph--institutional-page-content vtex-rich-text-0-x-paragraph--institutional-como-comprar-content\"><span class=\"b vtex-rich-text-0-x-strong vtex-rich-text-0-x-strong--institutional-page-content vtex-rich-text-0-x-strong--institutional-como-comprar-content\">Cart\u00f5es de Cr\u00e9dito<\/span><\/p><p class=\"lh-copy vtex-rich-text-0-x-paragraph vtex-rich-text-0-x-paragraph--institutional-page-content vtex-rich-text-0-x-paragraph--institutional-como-comprar-content\">O cart\u00e3o de cr\u00e9dito \u00e9 uma \u00f3tima op\u00e7\u00e3o para quem deseja parcelar seus produtos. Com um dos sistemas mais seguros da internet, nenhum dado do seu cart\u00e3o fica com nossa empresa, garantido assim total privacidade.<\/p><p class=\"lh-copy vtex-rich-text-0-x-paragraph vtex-rich-text-0-x-paragraph--institutional-page-content vtex-rich-text-0-x-paragraph--institutional-como-comprar-content\"><span style=\"color: #000000;\"><strong><span class=\"i vtex-rich-text-0-x-italic vtex-rich-text-0-x-italic--institutional-page-content vtex-rich-text-0-x-italic--institutional-como-comprar-content\">5\u00b0 Recebendo seus produtos<\/span><\/strong><\/span><\/p><p class=\"lh-copy vtex-rich-text-0-x-paragraph vtex-rich-text-0-x-paragraph--institutional-page-content vtex-rich-text-0-x-paragraph--institutional-como-comprar-content\"><span class=\"b vtex-rich-text-0-x-strong vtex-rich-text-0-x-strong--institutional-page-content vtex-rich-text-0-x-strong--institutional-como-comprar-content\">Como sei se meu pedido j\u00e1 foi enviado?<\/span><\/p><p class=\"lh-copy vtex-rich-text-0-x-paragraph vtex-rich-text-0-x-paragraph--institutional-page-content vtex-rich-text-0-x-paragraph--institutional-como-comprar-content\">Com coletas di\u00e1rias dos correios, postamos o seu pedido logo ap\u00f3s a confirma\u00e7\u00e3o de pagamento, caso seja aprovado em hor\u00e1rio comercial.<\/p><p class=\"lh-copy vtex-rich-text-0-x-paragraph vtex-rich-text-0-x-paragraph--institutional-page-content vtex-rich-text-0-x-paragraph--institutional-como-comprar-content\"><span class=\"b vtex-rich-text-0-x-strong vtex-rich-text-0-x-strong--institutional-page-content vtex-rich-text-0-x-strong--institutional-como-comprar-content\">Qual o prazo de entrega do meu pedido?<\/span><\/p><p class=\"lh-copy vtex-rich-text-0-x-paragraph vtex-rich-text-0-x-paragraph--institutional-page-content vtex-rich-text-0-x-paragraph--institutional-como-comprar-content\">Os prazos s\u00e3o informado no momento do c\u00e1lculo do frete.<\/p><p class=\"lh-copy vtex-rich-text-0-x-paragraph vtex-rich-text-0-x-paragraph--institutional-page-content vtex-rich-text-0-x-paragraph--institutional-como-comprar-content\"><span class=\"b vtex-rich-text-0-x-strong vtex-rich-text-0-x-strong--institutional-page-content vtex-rich-text-0-x-strong--institutional-como-comprar-content\">Como consigo rastrear minha mercadoria?<\/span><\/p><p class=\"lh-copy vtex-rich-text-0-x-paragraph vtex-rich-text-0-x-paragraph--institutional-page-content vtex-rich-text-0-x-paragraph--institutional-como-comprar-content\">Um dia ap\u00f3s a postagem, ser\u00e1 enviado via email o n\u00famero de registro dos Correios. Com esse c\u00f3digo, voc\u00ea poder\u00e1 acessar o site:\u00a0<a href=\"https:\/\/www.correios.com.br\/\" target=\"_blank\" rel=\"noopener\">www.correios.com.br<\/a>\u00a0e acompanhar o andamento de sua entrega.<\/p><p class=\"lh-copy vtex-rich-text-0-x-paragraph vtex-rich-text-0-x-paragraph--institutional-page-content vtex-rich-text-0-x-paragraph--institutional-como-comprar-content\"><span class=\"b vtex-rich-text-0-x-strong vtex-rich-text-0-x-strong--institutional-page-content vtex-rich-text-0-x-strong--institutional-como-comprar-content\">Tenho garantia de recebimento?<\/span><\/p><p class=\"lh-copy vtex-rich-text-0-x-paragraph vtex-rich-text-0-x-paragraph--institutional-page-content vtex-rich-text-0-x-paragraph--institutional-como-comprar-content\">Sim, nossa empresa trabalha com seguro em todas as mercadorias.<\/p><p class=\"lh-copy vtex-rich-text-0-x-paragraph vtex-rich-text-0-x-paragraph--institutional-page-content vtex-rich-text-0-x-paragraph--institutional-como-comprar-content\"><span class=\"b vtex-rich-text-0-x-strong vtex-rich-text-0-x-strong--institutional-page-content vtex-rich-text-0-x-strong--institutional-como-comprar-content\">Vou receber em casa?<\/span><\/p><p class=\"lh-copy vtex-rich-text-0-x-paragraph vtex-rich-text-0-x-paragraph--institutional-page-content vtex-rich-text-0-x-paragraph--institutional-como-comprar-content\">Sim, desde que os dados de entrega tenham sido informados corretamente e tenha algu\u00e9m para receber seu pedido.<\/p>\t\t\t\t\t\t\t\t<\/div>\n\t\t\t\t<\/div>\n\t\t\t\t\t<\/div>\n\t\t\t\t<\/div>\n\t\t\t\t<\/div>\n\t\t","protected":false},"excerpt":{"rendered":"<p>Como Comprar 1\u00b0 Escolhendo os produtos Em nossa p\u00e1gina inicial, categorias ou pela busca, voc\u00ea ir\u00e1 visualizar os melhores produtos do mercado com os menores pre\u00e7os. Encontrando o produto desejado, basta clicar em sua foto para abrir toda a descri\u00e7\u00e3o. Definido o produto clique no bot\u00e3o &#8220;comprar&#8221;. 2\u00b0 Seu carrinho O que \u00e9 carrinho de&#8230;<\/p>\n","protected":false},"author":1,"featured_media":0,"parent":0,"menu_order":0,"comment_status":"closed","ping_status":"closed","template":"","meta":{"_kadence_starter_templates_imported_post":false,"_kad_post_transparent":"","_kad_post_title":"hide","_kad_post_layout":"fullwidth","_kad_post_sidebar_id":"","_kad_post_content_style":"unboxed","_kad_post_vertical_padding":"hide","_kad_post_feature":"hide","_kad_post_feature_position":"","_kad_post_header":false,"_kad_post_footer":false,"_kad_post_classname":"","footnotes":""},"class_list":["post-1922","page","type-page","status-publish","hentry"],"yoast_head":"<!-- This site is optimized with the Yoast SEO plugin v27.4 - https:\/\/yoast.com\/product\/yoast-seo-wordpress\/ -->\n<title>Como Comprar - Rhino Suplementos<\/title>\n<meta name=\"robots\" content=\"index, follow, max-snippet:-1, max-image-preview:large, max-video-preview:-1\" \/>\n<link rel=\"canonical\" href=\"https:\/\/magloirevita.com\/rhinobodybuilders\/como-comprar\/\" \/>\n<meta property=\"og:locale\" content=\"pt_BR\" \/>\n<meta property=\"og:type\" content=\"article\" \/>\n<meta property=\"og:title\" content=\"Como Comprar - Rhino Suplementos\" \/>\n<meta property=\"og:description\" content=\"Como Comprar 1\u00b0 Escolhendo os produtos Em nossa p\u00e1gina inicial, categorias ou pela busca, voc\u00ea ir\u00e1 visualizar os melhores produtos do mercado com os menores pre\u00e7os. Encontrando o produto desejado, basta clicar em sua foto para abrir toda a descri\u00e7\u00e3o. Definido o produto clique no bot\u00e3o &#8220;comprar&#8221;. 2\u00b0 Seu carrinho O que \u00e9 carrinho de...\" \/>\n<meta property=\"og:url\" content=\"https:\/\/magloirevita.com\/rhinobodybuilders\/como-comprar\/\" \/>\n<meta property=\"og:site_name\" content=\"Rhino Suplementos\" \/>\n<meta property=\"article:modified_time\" content=\"2023-09-05T20:25:55+00:00\" \/>\n<meta name=\"twitter:card\" content=\"summary_large_image\" \/>\n<meta name=\"twitter:label1\" content=\"Est. tempo de leitura\" \/>\n\t<meta name=\"twitter:data1\" content=\"3 minutos\" \/>\n<script type=\"application\/ld+json\" class=\"yoast-schema-graph\">{\"@context\":\"https:\\\/\\\/schema.org\",\"@graph\":[{\"@type\":\"WebPage\",\"@id\":\"https:\\\/\\\/magloirevita.com\\\/rhinobodybuilders\\\/como-comprar\\\/\",\"url\":\"https:\\\/\\\/magloirevita.com\\\/rhinobodybuilders\\\/como-comprar\\\/\",\"name\":\"Como Comprar - Rhino Suplementos\",\"isPartOf\":{\"@id\":\"https:\\\/\\\/magloirevita.com\\\/rhinobodybuilders\\\/#website\"},\"datePublished\":\"2023-09-05T20:10:16+00:00\",\"dateModified\":\"2023-09-05T20:25:55+00:00\",\"breadcrumb\":{\"@id\":\"https:\\\/\\\/magloirevita.com\\\/rhinobodybuilders\\\/como-comprar\\\/#breadcrumb\"},\"inLanguage\":\"pt-BR\",\"potentialAction\":[{\"@type\":\"ReadAction\",\"target\":[\"https:\\\/\\\/magloirevita.com\\\/rhinobodybuilders\\\/como-comprar\\\/\"]}]},{\"@type\":\"BreadcrumbList\",\"@id\":\"https:\\\/\\\/magloirevita.com\\\/rhinobodybuilders\\\/como-comprar\\\/#breadcrumb\",\"itemListElement\":[{\"@type\":\"ListItem\",\"position\":1,\"name\":\"In\u00edcio\",\"item\":\"https:\\\/\\\/magloirevita.com\\\/rhinobodybuilders\\\/\"},{\"@type\":\"ListItem\",\"position\":2,\"name\":\"Como Comprar\"}]},{\"@type\":\"WebSite\",\"@id\":\"https:\\\/\\\/magloirevita.com\\\/rhinobodybuilders\\\/#website\",\"url\":\"https:\\\/\\\/magloirevita.com\\\/rhinobodybuilders\\\/\",\"name\":\"Rhinobodybuilders\",\"description\":\"Bem-vindo o Rhino Body Builders nossa loja online completa para um estilo de vida saud&aacute;vel e ativo! Aqui voc&ecirc; encontrar&aacute; uma variedade de produtos que atendem &agrave;s suas necessidades de suplementa&ccedil;&atilde;o, roupas fitness e refei&ccedil;&otilde;es prontas, tudo dispon&iacute;vel para entrega direto em sua casa.  Nossa loja Rinho Body Builders &eacute; um para&iacute;so para os entusiastas da sa&uacute;de e do condicionamento f&iacute;sico. Oferecemos uma ampla sele&ccedil;&atilde;o de suplementos nutricionais de alta qualidade, desde prote&iacute;nas em p&oacute; e barras energ&eacute;ticas at&eacute; vitaminas e minerais essenciais. Trabalhamos apenas com marcas confi&aacute;veis e renomadas, garantindo que voc&ecirc; tenha acesso aos melhores produtos do mercado para melhorar seu desempenho, promover a recupera&ccedil;&atilde;o e alcan&ccedil;ar seus objetivos.  Al&eacute;m dos suplementos, tamb&eacute;m oferecemos uma cole&ccedil;&atilde;o de roupas fitness elegantes e funcionais. Aqui, voc&ecirc; encontrar&aacute; roupas de treino, leggings, regatas, camisetas, shorts e muito mais, todos projetados para oferecer conforto e estilo durante suas atividades f&iacute;sicas. Nossas roupas s&atilde;o feitas com materiais de alta qualidade, dur&aacute;veis e respir&aacute;veis, para que voc&ecirc; possa se exercitar com confian&ccedil;a e estilo.  E para aqueles que buscam conveni&ecirc;ncia e uma alimenta&ccedil;&atilde;o saud&aacute;vel, temos uma sele&ccedil;&atilde;o de marmitas prontas para consumo. Nossas refei&ccedil;&otilde;es s&atilde;o cuidadosamente preparadas por chefs especializados em nutri&ccedil;&atilde;o, garantindo uma combina&ccedil;&atilde;o equilibrada de prote&iacute;nas, carboidratos e vegetais frescos. Com op&ccedil;&otilde;es vegetarianas, veganas e com restri&ccedil;&otilde;es alimentares, temos a solu&ccedil;&atilde;o perfeita para atender &agrave;s suas necessidades alimentares.  Em nossa loja online, a experi&ecirc;ncia de compra &eacute; f&aacute;cil e segura. Navegue por nossas categorias, leia as descri&ccedil;&otilde;es detalhadas dos produtos e veja as avalia&ccedil;&otilde;es de clientes satisfeitos. Com apenas alguns cliques, voc&ecirc; poder&aacute; adquirir todos os itens de que precisa para apoiar seu estilo de vida saud&aacute;vel.\",\"publisher\":{\"@id\":\"https:\\\/\\\/magloirevita.com\\\/rhinobodybuilders\\\/#organization\"},\"potentialAction\":[{\"@type\":\"SearchAction\",\"target\":{\"@type\":\"EntryPoint\",\"urlTemplate\":\"https:\\\/\\\/magloirevita.com\\\/rhinobodybuilders\\\/?s={search_term_string}\"},\"query-input\":{\"@type\":\"PropertyValueSpecification\",\"valueRequired\":true,\"valueName\":\"search_term_string\"}}],\"inLanguage\":\"pt-BR\"},{\"@type\":\"Organization\",\"@id\":\"https:\\\/\\\/magloirevita.com\\\/rhinobodybuilders\\\/#organization\",\"name\":\"Loja dos suplementos\",\"url\":\"https:\\\/\\\/magloirevita.com\\\/rhinobodybuilders\\\/\",\"logo\":{\"@type\":\"ImageObject\",\"inLanguage\":\"pt-BR\",\"@id\":\"https:\\\/\\\/magloirevita.com\\\/rhinobodybuilders\\\/#\\\/schema\\\/logo\\\/image\\\/\",\"url\":\"https:\\\/\\\/magloirevita.com\\\/rhinobodybuilders\\\/wp-content\\\/uploads\\\/2023\\\/07\\\/cropped-Design-sem-nome-6-1-2-1.png\",\"contentUrl\":\"https:\\\/\\\/magloirevita.com\\\/rhinobodybuilders\\\/wp-content\\\/uploads\\\/2023\\\/07\\\/cropped-Design-sem-nome-6-1-2-1.png\",\"width\":226,\"height\":91,\"caption\":\"Loja dos suplementos\"},\"image\":{\"@id\":\"https:\\\/\\\/magloirevita.com\\\/rhinobodybuilders\\\/#\\\/schema\\\/logo\\\/image\\\/\"}}]}<\/script>\n<!-- \/ Yoast SEO plugin. -->","yoast_head_json":{"title":"Como Comprar - Rhino Suplementos","robots":{"index":"index","follow":"follow","max-snippet":"max-snippet:-1","max-image-preview":"max-image-preview:large","max-video-preview":"max-video-preview:-1"},"canonical":"https:\/\/magloirevita.com\/rhinobodybuilders\/como-comprar\/","og_locale":"pt_BR","og_type":"article","og_title":"Como Comprar - Rhino Suplementos","og_description":"Como Comprar 1\u00b0 Escolhendo os produtos Em nossa p\u00e1gina inicial, categorias ou pela busca, voc\u00ea ir\u00e1 visualizar os melhores produtos do mercado com os menores pre\u00e7os. Encontrando o produto desejado, basta clicar em sua foto para abrir toda a descri\u00e7\u00e3o. Definido o produto clique no bot\u00e3o &#8220;comprar&#8221;. 2\u00b0 Seu carrinho O que \u00e9 carrinho de...","og_url":"https:\/\/magloirevita.com\/rhinobodybuilders\/como-comprar\/","og_site_name":"Rhino Suplementos","article_modified_time":"2023-09-05T20:25:55+00:00","twitter_card":"summary_large_image","twitter_misc":{"Est. tempo de leitura":"3 minutos"},"schema":{"@context":"https:\/\/schema.org","@graph":[{"@type":"WebPage","@id":"https:\/\/magloirevita.com\/rhinobodybuilders\/como-comprar\/","url":"https:\/\/magloirevita.com\/rhinobodybuilders\/como-comprar\/","name":"Como Comprar - Rhino Suplementos","isPartOf":{"@id":"https:\/\/magloirevita.com\/rhinobodybuilders\/#website"},"datePublished":"2023-09-05T20:10:16+00:00","dateModified":"2023-09-05T20:25:55+00:00","breadcrumb":{"@id":"https:\/\/magloirevita.com\/rhinobodybuilders\/como-comprar\/#breadcrumb"},"inLanguage":"pt-BR","potentialAction":[{"@type":"ReadAction","target":["https:\/\/magloirevita.com\/rhinobodybuilders\/como-comprar\/"]}]},{"@type":"BreadcrumbList","@id":"https:\/\/magloirevita.com\/rhinobodybuilders\/como-comprar\/#breadcrumb","itemListElement":[{"@type":"ListItem","position":1,"name":"In\u00edcio","item":"https:\/\/magloirevita.com\/rhinobodybuilders\/"},{"@type":"ListItem","position":2,"name":"Como Comprar"}]},{"@type":"WebSite","@id":"https:\/\/magloirevita.com\/rhinobodybuilders\/#website","url":"https:\/\/magloirevita.com\/rhinobodybuilders\/","name":"Rhinobodybuilders","description":"Bem-vindo o Rhino Body Builders nossa loja online completa para um estilo de vida saud&aacute;vel e ativo! Aqui voc&ecirc; encontrar&aacute; uma variedade de produtos que atendem &agrave;s suas necessidades de suplementa&ccedil;&atilde;o, roupas fitness e refei&ccedil;&otilde;es prontas, tudo dispon&iacute;vel para entrega direto em sua casa.  Nossa loja Rinho Body Builders &eacute; um para&iacute;so para os entusiastas da sa&uacute;de e do condicionamento f&iacute;sico. Oferecemos uma ampla sele&ccedil;&atilde;o de suplementos nutricionais de alta qualidade, desde prote&iacute;nas em p&oacute; e barras energ&eacute;ticas at&eacute; vitaminas e minerais essenciais. Trabalhamos apenas com marcas confi&aacute;veis e renomadas, garantindo que voc&ecirc; tenha acesso aos melhores produtos do mercado para melhorar seu desempenho, promover a recupera&ccedil;&atilde;o e alcan&ccedil;ar seus objetivos.  Al&eacute;m dos suplementos, tamb&eacute;m oferecemos uma cole&ccedil;&atilde;o de roupas fitness elegantes e funcionais. Aqui, voc&ecirc; encontrar&aacute; roupas de treino, leggings, regatas, camisetas, shorts e muito mais, todos projetados para oferecer conforto e estilo durante suas atividades f&iacute;sicas. Nossas roupas s&atilde;o feitas com materiais de alta qualidade, dur&aacute;veis e respir&aacute;veis, para que voc&ecirc; possa se exercitar com confian&ccedil;a e estilo.  E para aqueles que buscam conveni&ecirc;ncia e uma alimenta&ccedil;&atilde;o saud&aacute;vel, temos uma sele&ccedil;&atilde;o de marmitas prontas para consumo. Nossas refei&ccedil;&otilde;es s&atilde;o cuidadosamente preparadas por chefs especializados em nutri&ccedil;&atilde;o, garantindo uma combina&ccedil;&atilde;o equilibrada de prote&iacute;nas, carboidratos e vegetais frescos. Com op&ccedil;&otilde;es vegetarianas, veganas e com restri&ccedil;&otilde;es alimentares, temos a solu&ccedil;&atilde;o perfeita para atender &agrave;s suas necessidades alimentares.  Em nossa loja online, a experi&ecirc;ncia de compra &eacute; f&aacute;cil e segura. Navegue por nossas categorias, leia as descri&ccedil;&otilde;es detalhadas dos produtos e veja as avalia&ccedil;&otilde;es de clientes satisfeitos. Com apenas alguns cliques, voc&ecirc; poder&aacute; adquirir todos os itens de que precisa para apoiar seu estilo de vida saud&aacute;vel.","publisher":{"@id":"https:\/\/magloirevita.com\/rhinobodybuilders\/#organization"},"potentialAction":[{"@type":"SearchAction","target":{"@type":"EntryPoint","urlTemplate":"https:\/\/magloirevita.com\/rhinobodybuilders\/?s={search_term_string}"},"query-input":{"@type":"PropertyValueSpecification","valueRequired":true,"valueName":"search_term_string"}}],"inLanguage":"pt-BR"},{"@type":"Organization","@id":"https:\/\/magloirevita.com\/rhinobodybuilders\/#organization","name":"Loja dos suplementos","url":"https:\/\/magloirevita.com\/rhinobodybuilders\/","logo":{"@type":"ImageObject","inLanguage":"pt-BR","@id":"https:\/\/magloirevita.com\/rhinobodybuilders\/#\/schema\/logo\/image\/","url":"https:\/\/magloirevita.com\/rhinobodybuilders\/wp-content\/uploads\/2023\/07\/cropped-Design-sem-nome-6-1-2-1.png","contentUrl":"https:\/\/magloirevita.com\/rhinobodybuilders\/wp-content\/uploads\/2023\/07\/cropped-Design-sem-nome-6-1-2-1.png","width":226,"height":91,"caption":"Loja dos suplementos"},"image":{"@id":"https:\/\/magloirevita.com\/rhinobodybuilders\/#\/schema\/logo\/image\/"}}]}},"_links":{"self":[{"href":"https:\/\/magloirevita.com\/rhinobodybuilders\/wp-json\/wp\/v2\/pages\/1922","targetHints":{"allow":["GET"]}}],"collection":[{"href":"https:\/\/magloirevita.com\/rhinobodybuilders\/wp-json\/wp\/v2\/pages"}],"about":[{"href":"https:\/\/magloirevita.com\/rhinobodybuilders\/wp-json\/wp\/v2\/types\/page"}],"author":[{"embeddable":true,"href":"https:\/\/magloirevita.com\/rhinobodybuilders\/wp-json\/wp\/v2\/users\/1"}],"replies":[{"embeddable":true,"href":"https:\/\/magloirevita.com\/rhinobodybuilders\/wp-json\/wp\/v2\/comments?post=1922"}],"version-history":[{"count":10,"href":"https:\/\/magloirevita.com\/rhinobodybuilders\/wp-json\/wp\/v2\/pages\/1922\/revisions"}],"predecessor-version":[{"id":1933,"href":"https:\/\/magloirevita.com\/rhinobodybuilders\/wp-json\/wp\/v2\/pages\/1922\/revisions\/1933"}],"wp:attachment":[{"href":"https:\/\/magloirevita.com\/rhinobodybuilders\/wp-json\/wp\/v2\/media?parent=1922"}],"curies":[{"name":"wp","href":"https:\/\/api.w.org\/{rel}","templated":true}]}}